{"id":176655,"date":"2024-10-10T09:43:33","date_gmt":"2024-10-10T07:43:33","guid":{"rendered":"https:\/\/pizbube.ch\/?post_type=product&#038;p=176655"},"modified":"2026-01-24T09:34:53","modified_gmt":"2026-01-24T08:34:53","slug":"lawinen-handbuch-sbv-inkl-nivocheck-2-1","status":"publish","type":"product","link":"https:\/\/pizbube.ch\/en\/shop\/lawinen-handbuch-sbv-inkl-nivocheck-2-1\/","title":{"rendered":"Lawinen-Handbuch SBV (inkl. Nivocheck 2.1)"},"content":{"rendered":"<p>Beurteilen &#8211; Entscheiden &#8211; Umsetzen<\/p>\n<p>Lawinenhandbuch mit Merkblatt und Nivocheck<\/p>\n<p>Die technischen Leiter f\u00fcr die Bergf\u00fchrerausbildung haben zwei neue offizielle SBV Ausbildungsdokumente erstellt:<br \/>\nLawinenhandbuch mit Merkblatt \u00abAchtung Lawinen\u00bb + Nivochek 2.1 Lawinen-Gefahrencheck f\u00fcr Bergf\u00fchrer und Aspiranten<\/p>\n<p>Diese beiden Lehrschriften sind im Set erh\u00e4ltlich.<\/p>\n<p>3. \u00fcberarbeitete Auflage 2023<\/p>","protected":false},"excerpt":{"rendered":"<p>Beurteilen &#8211; Entscheiden &#8211; Umsetzen Lawinenhandbuch mit Merkblatt und Nivocheck Die technischen Leiter f\u00fcr die Bergf\u00fchrerausbildung haben zwei neue offizielle SBV Ausbildungsdokumente erstellt: Lawinenhandbuch mit Merkblatt \u00abAchtung Lawinen\u00bb + Nivochek 2.1 Lawinen-Gefahrencheck f\u00fcr Bergf\u00fchrer und Aspiranten Diese beiden Lehrschriften sind im Set erh\u00e4ltlich. 3. \u00fcberarbeitete Auflage 2023<\/p>","protected":false},"featured_media":176656,"template":"","meta":[],"product_brand":[],"product_cat":[21538],"product_tag":[27491,27492],"class_list":{"0":"post-176655","1":"product","2":"type-product","3":"status-publish","4":"has-post-thumbnail","6":"product_cat-lehrbuecher","7":"product_tag-lawinenhandbuch","8":"product_tag-niveaucheck","9":"pa_autor-ausbildungsteam-sbv","10":"pa_erscheinungsjahr-27129","11":"pa_region-alpin-winter","12":"pa_sprache-de","14":"first","15":"instock","16":"taxable","17":"shipping-taxable","18":"purchasable","19":"product-type-simple"},"_links":{"self":[{"href":"https:\/\/pizbube.ch\/en\/wp-json\/wp\/v2\/product\/176655","targetHints":{"allow":["GET"]}}],"collection":[{"href":"https:\/\/pizbube.ch\/en\/wp-json\/wp\/v2\/product"}],"about":[{"href":"https:\/\/pizbube.ch\/en\/wp-json\/wp\/v2\/types\/product"}],"wp:featuredmedia":[{"embeddable":true,"href":"https:\/\/pizbube.ch\/en\/wp-json\/wp\/v2\/media\/176656"}],"wp:attachment":[{"href":"https:\/\/pizbube.ch\/en\/wp-json\/wp\/v2\/media?parent=176655"}],"wp:term":[{"taxonomy":"product_brand","embeddable":true,"href":"https:\/\/pizbube.ch\/en\/wp-json\/wp\/v2\/product_brand?post=176655"},{"taxonomy":"product_cat","embeddable":true,"href":"https:\/\/pizbube.ch\/en\/wp-json\/wp\/v2\/product_cat?post=176655"},{"taxonomy":"product_tag","embeddable":true,"href":"https:\/\/pizbube.ch\/en\/wp-json\/wp\/v2\/product_tag?post=176655"}],"curies":[{"name":"wp","href":"https:\/\/api.w.org\/{rel}","templated":true}]}}