{"id":176659,"date":"2024-10-10T09:52:05","date_gmt":"2024-10-10T07:52:05","guid":{"rendered":"https:\/\/pizbube.ch\/?post_type=product&#038;p=176659"},"modified":"2024-10-10T10:05:06","modified_gmt":"2024-10-10T08:05:06","slug":"manuel-avalanches-asgm-sbv-incl-nivocheck-2-1","status":"publish","type":"product","link":"https:\/\/pizbube.ch\/en\/shop\/manuel-avalanches-asgm-sbv-incl-nivocheck-2-1\/","title":{"rendered":"Manuel Avalanches ASGM SBV (incl. Nivocheck 2.1)"},"content":{"rendered":"<p>\u00c9valuer &#8211; D\u00e9cider &#8211; Mettre en practique<\/p>\n<p>Manuel Avalanches avec Nivocheck 2.1<\/p>\n<p>3\u00e8me \u00e9dition r\u00e9vis\u00e9e 2023<\/p>","protected":false},"excerpt":{"rendered":"<p>\u00c9valuer &#8211; D\u00e9cider &#8211; Mettre en practique Manuel Avalanches avec Nivocheck 2.1 3\u00e8me \u00e9dition r\u00e9vis\u00e9e 2023<\/p>","protected":false},"featured_media":176660,"template":"","meta":[],"product_brand":[],"product_cat":[21538],"product_tag":[27491,27493,27492],"class_list":{"0":"post-176659","1":"product","2":"type-product","3":"status-publish","4":"has-post-thumbnail","6":"product_cat-lehrbuecher","7":"product_tag-lawinenhandbuch","8":"product_tag-manuel-davalanches-asgm","9":"product_tag-niveaucheck","10":"pa_autor-ausbildungsteam-sbv","11":"pa_erscheinungsjahr-27129","12":"pa_region-alpin-winter","13":"pa_sprache-fr","15":"first","16":"instock","17":"taxable","18":"shipping-taxable","19":"purchasable","20":"product-type-simple"},"_links":{"self":[{"href":"https:\/\/pizbube.ch\/en\/wp-json\/wp\/v2\/product\/176659","targetHints":{"allow":["GET"]}}],"collection":[{"href":"https:\/\/pizbube.ch\/en\/wp-json\/wp\/v2\/product"}],"about":[{"href":"https:\/\/pizbube.ch\/en\/wp-json\/wp\/v2\/types\/product"}],"wp:featuredmedia":[{"embeddable":true,"href":"https:\/\/pizbube.ch\/en\/wp-json\/wp\/v2\/media\/176660"}],"wp:attachment":[{"href":"https:\/\/pizbube.ch\/en\/wp-json\/wp\/v2\/media?parent=176659"}],"wp:term":[{"taxonomy":"product_brand","embeddable":true,"href":"https:\/\/pizbube.ch\/en\/wp-json\/wp\/v2\/product_brand?post=176659"},{"taxonomy":"product_cat","embeddable":true,"href":"https:\/\/pizbube.ch\/en\/wp-json\/wp\/v2\/product_cat?post=176659"},{"taxonomy":"product_tag","embeddable":true,"href":"https:\/\/pizbube.ch\/en\/wp-json\/wp\/v2\/product_tag?post=176659"}],"curies":[{"name":"wp","href":"https:\/\/api.w.org\/{rel}","templated":true}]}}