{"id":176666,"date":"2024-10-10T10:33:50","date_gmt":"2024-10-10T08:33:50","guid":{"rendered":"https:\/\/pizbube.ch\/?post_type=product&#038;p=176666"},"modified":"2024-11-20T11:14:27","modified_gmt":"2024-11-20T10:14:27","slug":"alpenvereinsjahrbuch-berg-2025","status":"publish","type":"product","link":"https:\/\/pizbube.ch\/en\/shop\/alpenvereinsjahrbuch-berg-2025\/","title":{"rendered":"Alpenvereinsjahrbuch BERG 2025"},"content":{"rendered":"<p><span class=\"value\">Band 149:<br \/>\nBergWelten: Dachstein. BergFokus: Fotografieren<\/span><\/p>\n<p><span class=\"value\">Obwohl er die 3000-Meter-Grenze um ganze f\u00fcnf Meter verfehlt, mindert das seinen Mythos in keiner Weise: Der Dachstein ist zwar nicht h\u00f6her, aber gr\u00f6\u00dfer als die meisten anderen Berge \u00d6sterreichs. Er ist Tourismusmagnet, Wanderparadies und Kletterdorado, dazu unersch\u00f6pfliches Forschungsobjekt und eine nie versiegende Quelle k\u00fcnstlerischer Inspiration. Nun steht er im Mittelpunkt der BergWelten, des gro\u00dfen Gebietsthemas im neuen Alpenvereinsjahrbuch. <\/span><\/p>\n<p><span class=\"value\">Die Rubrik BergFokus richtet sich auf die Bilder, die wir aus den Bergen mitnehmen: Fotografieren im Gebirge kann Dokumentation oder ambitioniertes Hobby sein, touristische Dienstleistung, Kunst \u2013 oder auch die Leistung vorgeblich intelligenter Algorithmen. Die Sch\u00f6nheit liegt in den Augen der Betrachtenden. Gletscher schmelzen, und auch der Fels ist nicht f\u00fcr die Ewigkeit gemacht. Was diese Entwicklungen f\u00fcr k\u00fcnftige Generationen bedeuten kann, beleuchtet die Rubrik BergSteigen. <\/span><\/p>\n<p><span class=\"value\">Au\u00dferdem wird dort gefragt, wie der Leistungssport (Klettern, Skibergsteigen und Berglauf) l\u00e4ngst auch das Breitenbergsteigen beeinflusst. Zwei starken Frauen widmet sich die Rubrik BergMenschen: der Dresdener Kletterpionierin Ilse Frischmann sowie der charismatischen H\u00f6henbergsteigerin Gerlinde Kaltenbrunner. <\/span><\/p>\n<p><span class=\"value\">In BergWissen geht es unter anderem um das politisch brisante Thema der Energiewende \u2013 und um die Frage, ob die Alpen nun vom \u201eWasserschloss\u201c zum Wasserkraftwerk Europas umgebaut werden. Schlie\u00dflich wirft die BergKultur ironische Blicke auf alpine Kunst und auf das zeitgen\u00f6ssische K\u00f6rperideal im Bergsport: Ist das Gebirge den D\u00fcnnen vorbehalten?<\/span><\/p>\n<p>256 Seiten;<br \/>\n<span class=\"value\">Breite 212 mm, H\u00f6he 260 mm, Dicke 25 mm;<br \/>\nHardcover<br \/>\n<\/span><\/p>","protected":false},"excerpt":{"rendered":"<p>Band 149: BergWelten: Dachstein. BergFokus: Fotografieren Obwohl er die 3000-Meter-Grenze um ganze f\u00fcnf Meter verfehlt, mindert das seinen Mythos in keiner Weise: Der Dachstein ist zwar nicht h\u00f6her, aber gr\u00f6\u00dfer als die meisten anderen Berge \u00d6sterreichs. Er ist Tourismusmagnet, Wanderparadies und Kletterdorado, dazu unersch\u00f6pfliches Forschungsobjekt und eine nie versiegende Quelle k\u00fcnstlerischer Inspiration. Nun steht er [&#8230;]\n","protected":false},"featured_media":176667,"template":"","meta":[],"product_brand":[],"product_cat":[21542],"product_tag":[],"class_list":{"0":"post-176666","1":"product","2":"type-product","3":"status-publish","4":"has-post-thumbnail","6":"product_cat-sachbuecher-dokumentationen","7":"pa_autor-dav-alpenverein","8":"pa_erscheinungsjahr-27339","9":"pa_region-deutschland","10":"pa_region-oesterreich","11":"pa_sprache-de","13":"first","14":"instock","15":"taxable","16":"shipping-taxable","17":"purchasable","18":"product-type-simple"},"_links":{"self":[{"href":"https:\/\/pizbube.ch\/en\/wp-json\/wp\/v2\/product\/176666","targetHints":{"allow":["GET"]}}],"collection":[{"href":"https:\/\/pizbube.ch\/en\/wp-json\/wp\/v2\/product"}],"about":[{"href":"https:\/\/pizbube.ch\/en\/wp-json\/wp\/v2\/types\/product"}],"wp:featuredmedia":[{"embeddable":true,"href":"https:\/\/pizbube.ch\/en\/wp-json\/wp\/v2\/media\/176667"}],"wp:attachment":[{"href":"https:\/\/pizbube.ch\/en\/wp-json\/wp\/v2\/media?parent=176666"}],"wp:term":[{"taxonomy":"product_brand","embeddable":true,"href":"https:\/\/pizbube.ch\/en\/wp-json\/wp\/v2\/product_brand?post=176666"},{"taxonomy":"product_cat","embeddable":true,"href":"https:\/\/pizbube.ch\/en\/wp-json\/wp\/v2\/product_cat?post=176666"},{"taxonomy":"product_tag","embeddable":true,"href":"https:\/\/pizbube.ch\/en\/wp-json\/wp\/v2\/product_tag?post=176666"}],"curies":[{"name":"wp","href":"https:\/\/api.w.org\/{rel}","templated":true}]}}