{"id":176687,"date":"2024-10-11T15:20:43","date_gmt":"2024-10-11T13:20:43","guid":{"rendered":"https:\/\/pizbube.ch\/?post_type=product&#038;p=176687"},"modified":"2024-10-11T15:21:15","modified_gmt":"2024-10-11T13:21:15","slug":"up-climbing-32","status":"publish","type":"product","link":"https:\/\/pizbube.ch\/en\/shop\/up-climbing-32\/","title":{"rendered":"UP CLIMBING #32"},"content":{"rendered":"<p>UP CLIMBING No. 32<\/p>\n<p>Bimestrale di arrampicata e alpinismo GRAN SASSO<\/p>\n<p>Nel 1573 Francesco De Marchi raggiunse per la prima volta la cima del Gran Sasso d\u2019Italia, l\u2019indiscusso re dell\u2019Appennino italiano. Il De Marchi, che fu anche speleologo, esploratore, palombaro e militare, inizi\u00f2 cos\u00ec, cinque secoli fa e pi\u00f9, la lunga storia dell\u2019alpinismo sul Gran Sasso. Un massiccio montuoso splendido, che pu\u00f2 vantare non solo paesaggi affascinanti e unici, ma molto spesso pareti che presentano una roccia monolitica, da molti avvicinata a quella della Sud della Marmolada.<\/p>\n<p><em>UP CLIMBING<\/em> di settembre \u00e8 completamente dedicato alla storia e alle vicende di questa montagna particolare: racconti, memorie, aneddoti e proposte tecniche che spaziano dalle vie di pi\u00f9 tiri alle falesie, dall\u2019escursionismo alle vie ferrate. Attraverso le immagini e le parole di alcuni fra i maggiori esperti del massiccio, come Massimo Marcheggiani, Samuele Mazzolini, Emanuele Pontecorvo, Lorenzo Angelozzi, Luigi Tassi.<\/p>\n<p>Il numero \u00e8 arricchito da interviste ad apritori di vie importanti come Pierluigi Bini, Paolo Caruso, Domenico Totani, con un\u2019attenzione particolare per Pasquale Iannetti, personaggio assolutamente eccezionale e precursore dei tempi. Allo stesso modo, la storia del gruppo degli Aquilotti, raccontata da Claudio Intini, rimanda indietro nel tempo, a epoche pionieristiche e in buona parte eroiche.<\/p>\n<p>Per certi versi questo numero di <em>UP CLIMBING<\/em> \u00e8 un piccolo libro dedicato a tutti loro. Una montagna assolutamente imperdibile, sia per la sua storia tecnica che per la sua bellezza, per molti versi \u201cparticolarmente italica\u201d.<\/p>\n<p>120 pagine<\/p>","protected":false},"excerpt":{"rendered":"<p>UP CLIMBING No. 32 Bimestrale di arrampicata e alpinismo GRAN SASSO Nel 1573 Francesco De Marchi raggiunse per la prima volta la cima del Gran Sasso d\u2019Italia, l\u2019indiscusso re dell\u2019Appennino italiano. Il De Marchi, che fu anche speleologo, esploratore, palombaro e militare, inizi\u00f2 cos\u00ec, cinque secoli fa e pi\u00f9, la lunga storia dell\u2019alpinismo sul Gran [&#8230;]\n","protected":false},"featured_media":176688,"template":"","meta":[],"product_brand":[],"product_cat":[21541],"product_tag":[],"class_list":{"0":"post-176687","1":"product","2":"type-product","3":"status-publish","4":"has-post-thumbnail","6":"product_cat-zeitschriften","7":"pa_autor-pesci-felderer","8":"pa_erscheinungsjahr-27339","9":"pa_region-italien","10":"pa_sprache-it","12":"first","13":"instock","14":"taxable","15":"shipping-taxable","16":"purchasable","17":"product-type-simple"},"_links":{"self":[{"href":"https:\/\/pizbube.ch\/en\/wp-json\/wp\/v2\/product\/176687","targetHints":{"allow":["GET"]}}],"collection":[{"href":"https:\/\/pizbube.ch\/en\/wp-json\/wp\/v2\/product"}],"about":[{"href":"https:\/\/pizbube.ch\/en\/wp-json\/wp\/v2\/types\/product"}],"wp:featuredmedia":[{"embeddable":true,"href":"https:\/\/pizbube.ch\/en\/wp-json\/wp\/v2\/media\/176688"}],"wp:attachment":[{"href":"https:\/\/pizbube.ch\/en\/wp-json\/wp\/v2\/media?parent=176687"}],"wp:term":[{"taxonomy":"product_brand","embeddable":true,"href":"https:\/\/pizbube.ch\/en\/wp-json\/wp\/v2\/product_brand?post=176687"},{"taxonomy":"product_cat","embeddable":true,"href":"https:\/\/pizbube.ch\/en\/wp-json\/wp\/v2\/product_cat?post=176687"},{"taxonomy":"product_tag","embeddable":true,"href":"https:\/\/pizbube.ch\/en\/wp-json\/wp\/v2\/product_tag?post=176687"}],"curies":[{"name":"wp","href":"https:\/\/api.w.org\/{rel}","templated":true}]}}