{"id":176760,"date":"2024-10-16T09:12:25","date_gmt":"2024-10-16T07:12:25","guid":{"rendered":"https:\/\/pizbube.ch\/?post_type=product&#038;p=176760"},"modified":"2026-02-05T10:53:41","modified_gmt":"2026-02-05T09:53:41","slug":"lhomme-araignee-alain-robert-libre-et-sans-attache","status":"publish","type":"product","link":"https:\/\/pizbube.ch\/en\/shop\/lhomme-araignee-alain-robert-libre-et-sans-attache\/","title":{"rendered":"L&#8217;homme araign\u00e9e, Alain Robert, libre et sans attache"},"content":{"rendered":"<p>Depuis plus de trente ans, Alain Robert est le grimpeur fran\u00e7ais le plus connu au monde pour ses ascensions urbaines solitaires toujours plus audacieuses. Mais derri\u00e8re l\u2019image de \u00ab l\u2019homme aux 250 tours \u00bb se cache un personnage complexe aux multiples talents, aussi reconnu par ses pairs pour ses solos extr\u00eames sur le rocher qui l\u2019ont fait entrer au panth\u00e9on de l\u2019histoire de l\u2019escalade.<\/p>\n<p>Des ge\u00f4les malaisiennes aux grandes parois rocheuses, des plus hauts buildings aux prisons am\u00e9ricaines, en passant par des accidents qui le laiss\u00e8rent pour mort, suivis d\u2019une reconstruction et d\u2019une r\u00e9silience qui \u00e9bahirent les m\u00e9decins, d\u00e9couvrez l\u2019incroyable parcours de vie du \u00ab French Spiderman \u00bb.<\/p>\n<p>Une v\u00e9ritable le\u00e7on de vie iconoclaste et porteuse d\u2019espoir.<\/p>\n<p>Pr\u00e9face d&#8217;Alex Honnold et d&#8217;Alex Huber<\/p>\n<p>Reli\u00e9 22 x 29,5 cm<br \/>\n192 pages<\/p>","protected":false},"excerpt":{"rendered":"<p>Depuis plus de trente ans, Alain Robert est le grimpeur fran\u00e7ais le plus connu au monde pour ses ascensions urbaines solitaires toujours plus audacieuses. Mais derri\u00e8re l\u2019image de \u00ab l\u2019homme aux 250 tours \u00bb se cache un personnage complexe aux multiples talents, aussi reconnu par ses pairs pour ses solos extr\u00eames sur le rocher qui [&#8230;]\n","protected":false},"featured_media":176763,"template":"","meta":[],"product_brand":[],"product_cat":[21542],"product_tag":[],"class_list":{"0":"post-176760","1":"product","2":"type-product","3":"status-publish","4":"has-post-thumbnail","6":"product_cat-sachbuecher-dokumentationen","7":"pa_autor-david-chambre-laurent-belluard","8":"pa_erscheinungsjahr-27339","9":"pa_region-frankreich","10":"pa_sprache-fr","12":"first","13":"instock","14":"taxable","15":"shipping-taxable","16":"purchasable","17":"product-type-simple"},"_links":{"self":[{"href":"https:\/\/pizbube.ch\/en\/wp-json\/wp\/v2\/product\/176760","targetHints":{"allow":["GET"]}}],"collection":[{"href":"https:\/\/pizbube.ch\/en\/wp-json\/wp\/v2\/product"}],"about":[{"href":"https:\/\/pizbube.ch\/en\/wp-json\/wp\/v2\/types\/product"}],"wp:featuredmedia":[{"embeddable":true,"href":"https:\/\/pizbube.ch\/en\/wp-json\/wp\/v2\/media\/176763"}],"wp:attachment":[{"href":"https:\/\/pizbube.ch\/en\/wp-json\/wp\/v2\/media?parent=176760"}],"wp:term":[{"taxonomy":"product_brand","embeddable":true,"href":"https:\/\/pizbube.ch\/en\/wp-json\/wp\/v2\/product_brand?post=176760"},{"taxonomy":"product_cat","embeddable":true,"href":"https:\/\/pizbube.ch\/en\/wp-json\/wp\/v2\/product_cat?post=176760"},{"taxonomy":"product_tag","embeddable":true,"href":"https:\/\/pizbube.ch\/en\/wp-json\/wp\/v2\/product_tag?post=176760"}],"curies":[{"name":"wp","href":"https:\/\/api.w.org\/{rel}","templated":true}]}}