{"id":176787,"date":"2024-10-17T09:19:44","date_gmt":"2024-10-17T07:19:44","guid":{"rendered":"https:\/\/pizbube.ch\/?post_type=product&#038;p=176787"},"modified":"2024-10-17T09:19:44","modified_gmt":"2024-10-17T07:19:44","slug":"a-hauts-risques","status":"publish","type":"product","link":"https:\/\/pizbube.ch\/en\/shop\/a-hauts-risques\/","title":{"rendered":"\u00c0 hauts risques"},"content":{"rendered":"<p>L&#8217;\u00e2ge d&#8217;or de l&#8217;alpinisme himalayen, du milieu des ann\u00e9es soixante-dix aux ann\u00e9es quatre-vingt, a donn\u00e9 naissance \u00e0 une g\u00e9n\u00e9ration de jeunes alpinistes id\u00e9alistes et radicaux. Avec de petits budgets et de grandes ambitions, ils ont \u00e9t\u00e9 les pionniers des exp\u00e9ditions en style alpin, c\u2019est-\u00e0-dire des exp\u00e9ditions alpines l\u00e9g\u00e8res et rapides en Himalaya. Dans <em>\u00c0 hauts risques,<\/em> Brian Hall \u00e9voque les aventures extr\u00eames de onze de ses amis alpinistes qui ont risqu\u00e9, et trop souvent perdu leur vie pour gravir certains des plus hauts sommets du monde, \u00e0 un tournant de l&#8217;histoire de l&#8217;alpinisme.<\/p>\n<p>Chaque chapitre du livre constitue \u00e0 lui seul un monument \u00e0 la m\u00e9moire de l\u2019un des onze alpinistes \u00e9voqu\u00e9s. Les allers-retours dans le temps offrent un merveilleux aper\u00e7u de la fa\u00e7on dont cette g\u00e9n\u00e9- ration a v\u00e9cu avant de s\u2019\u00e9teindre. C\u2019est le r\u00e9cit fascinant et bouleversant d\u2019une \u00e9poque h\u00e9ro\u00efque. Joe Simpson, alpiniste, auteur du best seller La mort suspendue.<\/p>\n<p>320 pages<br \/>\nPlus de 30 photos<br \/>\nBroch\u00e9 14 x 20,5 cm<\/p>","protected":false},"excerpt":{"rendered":"<p>L&#8217;\u00e2ge d&#8217;or de l&#8217;alpinisme himalayen, du milieu des ann\u00e9es soixante-dix aux ann\u00e9es quatre-vingt, a donn\u00e9 naissance \u00e0 une g\u00e9n\u00e9ration de jeunes alpinistes id\u00e9alistes et radicaux. Avec de petits budgets et de grandes ambitions, ils ont \u00e9t\u00e9 les pionniers des exp\u00e9ditions en style alpin, c\u2019est-\u00e0-dire des exp\u00e9ditions alpines l\u00e9g\u00e8res et rapides en Himalaya. Dans \u00c0 hauts [&#8230;]\n","protected":false},"featured_media":176788,"template":"","meta":[],"product_brand":[],"product_cat":[21629,21542],"product_tag":[],"class_list":{"0":"post-176787","1":"product","2":"type-product","3":"status-publish","4":"has-post-thumbnail","6":"product_cat-belletristik","7":"product_cat-sachbuecher-dokumentationen","8":"pa_autor-hall","9":"pa_erscheinungsjahr-27339","10":"pa_region-asien","11":"pa_region-frankreich","12":"pa_sprache-fr","14":"first","15":"instock","16":"taxable","17":"shipping-taxable","18":"purchasable","19":"product-type-simple"},"_links":{"self":[{"href":"https:\/\/pizbube.ch\/en\/wp-json\/wp\/v2\/product\/176787","targetHints":{"allow":["GET"]}}],"collection":[{"href":"https:\/\/pizbube.ch\/en\/wp-json\/wp\/v2\/product"}],"about":[{"href":"https:\/\/pizbube.ch\/en\/wp-json\/wp\/v2\/types\/product"}],"wp:featuredmedia":[{"embeddable":true,"href":"https:\/\/pizbube.ch\/en\/wp-json\/wp\/v2\/media\/176788"}],"wp:attachment":[{"href":"https:\/\/pizbube.ch\/en\/wp-json\/wp\/v2\/media?parent=176787"}],"wp:term":[{"taxonomy":"product_brand","embeddable":true,"href":"https:\/\/pizbube.ch\/en\/wp-json\/wp\/v2\/product_brand?post=176787"},{"taxonomy":"product_cat","embeddable":true,"href":"https:\/\/pizbube.ch\/en\/wp-json\/wp\/v2\/product_cat?post=176787"},{"taxonomy":"product_tag","embeddable":true,"href":"https:\/\/pizbube.ch\/en\/wp-json\/wp\/v2\/product_tag?post=176787"}],"curies":[{"name":"wp","href":"https:\/\/api.w.org\/{rel}","templated":true}]}}