{"id":176793,"date":"2024-10-17T12:16:59","date_gmt":"2024-10-17T10:16:59","guid":{"rendered":"https:\/\/pizbube.ch\/?post_type=product&#038;p=176793"},"modified":"2024-10-17T12:22:47","modified_gmt":"2024-10-17T10:22:47","slug":"mein-wimmelbuch-sac-huette","status":"publish","type":"product","link":"https:\/\/pizbube.ch\/en\/shop\/mein-wimmelbuch-sac-huette\/","title":{"rendered":"Mein Wimmelbuch SAC-H\u00fctte"},"content":{"rendered":"<p>Rund um eine SAC-H\u00fctte gibt es viel zu entdecken. Welche V\u00f6gel ziehen ihre Kreise am Himmel? Hast du den Steinbock dort oben gesehen? Oh, ist diese Kletterroute steil! Ob wir auch einen Bergkristall finden? Gib meine Pl\u00fcschgiraffe wieder her, du freche Alpendohle! Die Familie Moser nimmt dich mit auf einen spannenden Ausflug in die Berge und in eine SAC-H\u00fctte.<\/p>\n<p>Lena und Louis entdecken die artenreiche Tier- und Pflanzenwelt. Auf ihrem Streifzug rund um die H\u00fctte beobachten sie die Leute beim Klettern, Wandern, Baden, Biken und anderen Aktivit\u00e4ten. Von Solarpanels montieren bis Kuchen backen \u2013 das H\u00fcttenteam hat immer viel zu tun. Sehr beeindruckt ist Familie Moser von der wundersch\u00f6nen Gletscherwelt.<\/p>\n<p><span style=\"vertical-align: inherit\">16 Seiten, 24 \u00d7 32 cm; geklebt, kartoniert<br \/>\nMit 8 Abbildungen<\/span><\/p>","protected":false},"excerpt":{"rendered":"<p>Rund um eine SAC-H\u00fctte gibt es viel zu entdecken. Welche V\u00f6gel ziehen ihre Kreise am Himmel? Hast du den Steinbock dort oben gesehen? Oh, ist diese Kletterroute steil! Ob wir auch einen Bergkristall finden? Gib meine Pl\u00fcschgiraffe wieder her, du freche Alpendohle! Die Familie Moser nimmt dich mit auf einen spannenden Ausflug in die Berge [&#8230;]\n","protected":false},"featured_media":176794,"template":"","meta":[],"product_brand":[],"product_cat":[21629,21542],"product_tag":[26864,26863],"class_list":{"0":"post-176793","1":"product","2":"type-product","3":"status-publish","4":"has-post-thumbnail","6":"product_cat-belletristik","7":"product_cat-sachbuecher-dokumentationen","8":"product_tag-kinderbuch","9":"product_tag-kinderbuecher","10":"pa_autor-tobias-sturm-nina-bieri","11":"pa_erscheinungsjahr-27339","12":"pa_region-schweiz","13":"pa_sprache-de","15":"first","16":"instock","17":"taxable","18":"shipping-taxable","19":"purchasable","20":"product-type-simple"},"_links":{"self":[{"href":"https:\/\/pizbube.ch\/en\/wp-json\/wp\/v2\/product\/176793","targetHints":{"allow":["GET"]}}],"collection":[{"href":"https:\/\/pizbube.ch\/en\/wp-json\/wp\/v2\/product"}],"about":[{"href":"https:\/\/pizbube.ch\/en\/wp-json\/wp\/v2\/types\/product"}],"wp:featuredmedia":[{"embeddable":true,"href":"https:\/\/pizbube.ch\/en\/wp-json\/wp\/v2\/media\/176794"}],"wp:attachment":[{"href":"https:\/\/pizbube.ch\/en\/wp-json\/wp\/v2\/media?parent=176793"}],"wp:term":[{"taxonomy":"product_brand","embeddable":true,"href":"https:\/\/pizbube.ch\/en\/wp-json\/wp\/v2\/product_brand?post=176793"},{"taxonomy":"product_cat","embeddable":true,"href":"https:\/\/pizbube.ch\/en\/wp-json\/wp\/v2\/product_cat?post=176793"},{"taxonomy":"product_tag","embeddable":true,"href":"https:\/\/pizbube.ch\/en\/wp-json\/wp\/v2\/product_tag?post=176793"}],"curies":[{"name":"wp","href":"https:\/\/api.w.org\/{rel}","templated":true}]}}