{"id":176874,"date":"2024-10-23T10:26:22","date_gmt":"2024-10-23T08:26:22","guid":{"rendered":"https:\/\/pizbube.ch\/?post_type=product&#038;p=176874"},"modified":"2024-10-23T10:26:22","modified_gmt":"2024-10-23T08:26:22","slug":"valle-di-muggio-la-valle-piu-a-sud-della-svizzera-das-suedlichste-tal-der-schweiz","status":"publish","type":"product","link":"https:\/\/pizbube.ch\/en\/shop\/valle-di-muggio-la-valle-piu-a-sud-della-svizzera-das-suedlichste-tal-der-schweiz\/","title":{"rendered":"Valle di Muggio : La valle pi\u00f9 a sud della Svizzera &#8211; das s\u00fcdlichste Tal der Schweiz"},"content":{"rendered":"<p>Monografia sulla valle di Muggio, La Valle pi\u00f9 a sud della Svizzera, in occasione dell\u2019esposizione di fotografie presso la casa rotonda della Fondazione Archivio Fotografico Roberto Donetta a Corzoneso nel 2024\/2025.<br \/>\nLa pubblicazione conta oltre cento immagini, di cui molte inedite.<br \/>\nLe fotografie sono accompagnate da testi, (in italiano e tedesco) di Antonio Mariotti, curatore e presidente del consiglio di fondazione dell\u2019Archivio Donetta; di Mark Bertogliati, curatore del Museo etnografico della Valle di Muggio e di Silvio Bindella, presidente del museo.<\/p>\n<p><span class=\"HwtZe\" lang=\"de\"><span class=\"jCAhz ChMk0b\"><span class=\"ryNqvb\">Monographie \u00fcber das Muggiotal, das s\u00fcdlichste Tal der Schweiz, anl\u00e4sslich der Fotoausstellung im Rundhaus der Roberto Donetta Photographic Archive Foundation in Corzoneso im Jahr 2024\/2025. <\/span><\/span><span class=\"jCAhz ChMk0b\"><span class=\"ryNqvb\">Die Publikation umfasst \u00fcber hundert Bilder, von denen viele noch nie zuvor ver\u00f6ffentlicht wurden. <\/span><\/span><span class=\"jCAhz ChMk0b\"><span class=\"ryNqvb\">Die Fotografien werden von Texten (auf Italienisch und Deutsch) von Antonio Mariotti, Kurator und Pr\u00e4sident des Stiftungsrates des Donetta-Archivs, begleitet;<\/span><\/span> <span class=\"jCAhz ChMk0b\"><span class=\"ryNqvb\">von Mark Bertogliati, Kurator des Ethnografischen Museums des Muggio-Tals, und von Silvio Bindella, Pr\u00e4sident des Museums.<\/span><\/span><\/span><\/p>\n<p>160 Seiten;<br \/>\n19 x 16.5 cm<\/p>","protected":false},"excerpt":{"rendered":"<p>Monografia sulla valle di Muggio, La Valle pi\u00f9 a sud della Svizzera, in occasione dell\u2019esposizione di fotografie presso la casa rotonda della Fondazione Archivio Fotografico Roberto Donetta a Corzoneso nel 2024\/2025. La pubblicazione conta oltre cento immagini, di cui molte inedite. Le fotografie sono accompagnate da testi, (in italiano e tedesco) di Antonio Mariotti, curatore [&#8230;]\n","protected":false},"featured_media":176875,"template":"","meta":[],"product_brand":[],"product_cat":[21542],"product_tag":[],"class_list":{"0":"post-176874","1":"product","2":"type-product","3":"status-publish","4":"has-post-thumbnail","6":"product_cat-sachbuecher-dokumentationen","7":"pa_autor-luisoni","8":"pa_erscheinungsjahr-27339","9":"pa_region-schweiz","10":"pa_sprache-de-it","12":"first","13":"instock","14":"taxable","15":"shipping-taxable","16":"purchasable","17":"product-type-simple"},"_links":{"self":[{"href":"https:\/\/pizbube.ch\/en\/wp-json\/wp\/v2\/product\/176874","targetHints":{"allow":["GET"]}}],"collection":[{"href":"https:\/\/pizbube.ch\/en\/wp-json\/wp\/v2\/product"}],"about":[{"href":"https:\/\/pizbube.ch\/en\/wp-json\/wp\/v2\/types\/product"}],"wp:featuredmedia":[{"embeddable":true,"href":"https:\/\/pizbube.ch\/en\/wp-json\/wp\/v2\/media\/176875"}],"wp:attachment":[{"href":"https:\/\/pizbube.ch\/en\/wp-json\/wp\/v2\/media?parent=176874"}],"wp:term":[{"taxonomy":"product_brand","embeddable":true,"href":"https:\/\/pizbube.ch\/en\/wp-json\/wp\/v2\/product_brand?post=176874"},{"taxonomy":"product_cat","embeddable":true,"href":"https:\/\/pizbube.ch\/en\/wp-json\/wp\/v2\/product_cat?post=176874"},{"taxonomy":"product_tag","embeddable":true,"href":"https:\/\/pizbube.ch\/en\/wp-json\/wp\/v2\/product_tag?post=176874"}],"curies":[{"name":"wp","href":"https:\/\/api.w.org\/{rel}","templated":true}]}}