{"id":176886,"date":"2024-10-24T09:35:15","date_gmt":"2024-10-24T07:35:15","guid":{"rendered":"https:\/\/pizbube.ch\/?post_type=product&#038;p=176886"},"modified":"2026-04-14T18:13:31","modified_gmt":"2026-04-14T16:13:31","slug":"une-histoire-de-lalpinisme-au-feminin","status":"publish","type":"product","link":"https:\/\/pizbube.ch\/en\/shop\/une-histoire-de-lalpinisme-au-feminin\/","title":{"rendered":"Une histoire de l&#8217;alpinisme au f\u00e9minin"},"content":{"rendered":"<div class=\"field field-name-hw-presentation-editoriale field-type-text-long field-label-hidden\">\n<div class=\"field-items\">\n<div class=\"field-item even\">\n<p>Intr\u00e9pides, esth\u00e8tes, romantiques, aventuri\u00e8res, ambitieuses\u2026 les femmes alpinistes, si elles sont peu nombreuses, n\u2019en sont pas moins exceptionnelles\u00a0!<\/p>\n<p>Explorer l\u2019histoire de l\u2019alpinisme au f\u00e9minin, c\u2019est entrer dans la modernit\u00e9 de la relation des femmes avec le monde et d\u00e9couvrir ce long chemin vers l\u2019\u00e9galit\u00e9 des genres. Dans cet ouvrage, St\u00e9phanie et Blaise Agresti ont d\u00e9cid\u00e9 de s\u2019encorder \u00e0 deux, femme et homme, pour rendre un r\u00e9cit \u00e9quilibr\u00e9 et tenter de comprendre le moteur de ces aventures d\u2019altitude aux limites des capacit\u00e9s humaines.<\/p>\n<p>L\u2019alpinisme est une des activit\u00e9s les plus masculines de l\u2019humanit\u00e9 (on compte aujourd\u2019hui une trentaine de femmes guides de haute montagne contre mille deux cents hommes). \u00c0 travers les si\u00e8cles et les ascensions, les auteurs ont simplement cherch\u00e9 \u00e0 comprendre ce qui pousse les femmes \u00e0 gravir les montagnes. Et d\u2019ailleurs, existe-t-il un alpinisme au f\u00e9minin\u00a0? Pour le savoir, St\u00e9phanie et Blaise Agresti ont explor\u00e9 des histoires v\u00e9cues. Au fil des r\u00e9cits, ils ont tent\u00e9 de comprendre l\u2019\u00e9volution des pratiques et souhait\u00e9 rendre hommage \u00e0 des pionni\u00e8res souvent m\u00e9connues, mais toujours engag\u00e9es.<\/p>\n<p>176 pages;<br \/>\n175 x 248 mm<\/p>\n<\/div>\n<\/div>\n<\/div>","protected":false},"excerpt":{"rendered":"<p>Intr\u00e9pides, esth\u00e8tes, romantiques, aventuri\u00e8res, ambitieuses\u2026 les femmes alpinistes, si elles sont peu nombreuses, n\u2019en sont pas moins exceptionnelles\u00a0! Explorer l\u2019histoire de l\u2019alpinisme au f\u00e9minin, c\u2019est entrer dans la modernit\u00e9 de la relation des femmes avec le monde et d\u00e9couvrir ce long chemin vers l\u2019\u00e9galit\u00e9 des genres. Dans cet ouvrage, St\u00e9phanie et Blaise Agresti ont d\u00e9cid\u00e9 [&#8230;]\n","protected":false},"featured_media":176887,"template":"","meta":[],"product_brand":[],"product_cat":[21542],"product_tag":[],"class_list":{"0":"post-176886","1":"product","2":"type-product","3":"status-publish","4":"has-post-thumbnail","6":"product_cat-sachbuecher-dokumentationen","7":"pa_autor-agresti","8":"pa_erscheinungsjahr-27339","9":"pa_region-frankreich","10":"pa_sprache-fr","12":"first","13":"instock","14":"taxable","15":"shipping-taxable","16":"purchasable","17":"product-type-simple"},"_links":{"self":[{"href":"https:\/\/pizbube.ch\/en\/wp-json\/wp\/v2\/product\/176886","targetHints":{"allow":["GET"]}}],"collection":[{"href":"https:\/\/pizbube.ch\/en\/wp-json\/wp\/v2\/product"}],"about":[{"href":"https:\/\/pizbube.ch\/en\/wp-json\/wp\/v2\/types\/product"}],"wp:featuredmedia":[{"embeddable":true,"href":"https:\/\/pizbube.ch\/en\/wp-json\/wp\/v2\/media\/176887"}],"wp:attachment":[{"href":"https:\/\/pizbube.ch\/en\/wp-json\/wp\/v2\/media?parent=176886"}],"wp:term":[{"taxonomy":"product_brand","embeddable":true,"href":"https:\/\/pizbube.ch\/en\/wp-json\/wp\/v2\/product_brand?post=176886"},{"taxonomy":"product_cat","embeddable":true,"href":"https:\/\/pizbube.ch\/en\/wp-json\/wp\/v2\/product_cat?post=176886"},{"taxonomy":"product_tag","embeddable":true,"href":"https:\/\/pizbube.ch\/en\/wp-json\/wp\/v2\/product_tag?post=176886"}],"curies":[{"name":"wp","href":"https:\/\/api.w.org\/{rel}","templated":true}]}}