{"id":176901,"date":"2024-10-25T17:40:55","date_gmt":"2024-10-25T15:40:55","guid":{"rendered":"https:\/\/pizbube.ch\/?post_type=product&#038;p=176901"},"modified":"2024-10-29T17:27:55","modified_gmt":"2024-10-29T16:27:55","slug":"schweizer-bergwelten","status":"publish","type":"product","link":"https:\/\/pizbube.ch\/en\/shop\/schweizer-bergwelten\/","title":{"rendered":"Schweizer Bergwelten"},"content":{"rendered":"<p>100 Infografiken mit Weitsicht<\/p>\n<p>Ein Tag im Leben eines Bartgeiers oder auf den Spuren des seltenen Goldschakals in der Schweiz; der Aletschgletscher in der Zukunft oder die h\u00e4ufigsten Vor- und Nachnamen auf \u00fcber 1000 Metern \u2013 diese und viele weitere Fragen bringt Fabian Lang grafisch auf den Punkt.<\/p>\n<p>Der in Lausanne lebende Autor und Datenwissenschaftler erstellt basierend auf dem lange gut geh\u00fcteten, doch mittlerweile geborgenen Datenschatz der Schweiz eing\u00e4ngige und \u00fcberraschende Infografiken zu verschiedenen Themen rund um die Schweizer Bergwelt. Dieser informationsreiche Band macht dem Publikum die alpine Welt auf eine etwas andere Art zug\u00e4nglich. Aktuelle und dr\u00e4ngende Themen rund um den Alpenraum wie das Zusammenleben von Mensch und Wolf, Klimawandel und Gletscherschwund, die (Un-)Gleichheit der Geschlechter oder Energiegewinnung werden basierend auf Datenbanken auf davor noch nie dagewesene Weise ausgeleuchtet. Dadurch kann Fabian Lang neue Blickwinkel auf diese Themen bieten und der einen oder anderen vorgeformten Meinung entgegentreten.<br \/>\nDer Band vereint Wissen und Design und spielt seinen Leserinnen und Lesern auch mal mit einem Augenzwinkern einen Streich. Oder wusstet ihr, dass, wenn ihr ganz genau hinseht, ihr auf der Landeskarte ein scheues Murmeltier entdecken k\u00f6nnt?<\/p>\n<p>Der Autor und Informationsdesigner Fabian Lang konzipiert und realisiert seit zwei Jahrzehnten Infografiken, Datenvisualisierungen und Erkl\u00e4rvideos. Dabei ist er im Journalismus, der Publizistik und der Wissenschaftskommunikation t\u00e4tig. Zu seinen Kunden z\u00e4hlen NGOs wie Public Eye, Verlage wie die NZZ, Hochschulen wie die Universit\u00e4t Wien und Unternehmen im DACH-Raum \u2013 nebenher hat er in \u00d6sterreich die investigative Journalismus-NGO DOSSIER mitbegr\u00fcndet. Aus dem \u00bbKanton \u00dcbrig\u00ab stammend, lebte er 10 Jahre in Wien, bevor er endlich in der Schweiz ankam und seit 2020 Lausanne sein Zuhause nennt.<\/p>\n<p>208 Seiten<br \/>\n21 x 31 cm<\/p>","protected":false},"excerpt":{"rendered":"<p>100 Infografiken mit Weitsicht Ein Tag im Leben eines Bartgeiers oder auf den Spuren des seltenen Goldschakals in der Schweiz; der Aletschgletscher in der Zukunft oder die h\u00e4ufigsten Vor- und Nachnamen auf \u00fcber 1000 Metern \u2013 diese und viele weitere Fragen bringt Fabian Lang grafisch auf den Punkt. Der in Lausanne lebende Autor und Datenwissenschaftler [&#8230;]\n","protected":false},"featured_media":176902,"template":"","meta":[],"product_brand":[],"product_cat":[21836,21542],"product_tag":[],"class_list":{"0":"post-176901","1":"product","2":"type-product","3":"status-publish","4":"has-post-thumbnail","6":"product_cat-geschenkideen","7":"product_cat-sachbuecher-dokumentationen","8":"pa_autor-lang","9":"pa_erscheinungsjahr-27339","10":"pa_region-schweiz","11":"pa_sprache-de","13":"first","14":"instock","15":"taxable","16":"shipping-taxable","17":"purchasable","18":"product-type-simple"},"_links":{"self":[{"href":"https:\/\/pizbube.ch\/en\/wp-json\/wp\/v2\/product\/176901","targetHints":{"allow":["GET"]}}],"collection":[{"href":"https:\/\/pizbube.ch\/en\/wp-json\/wp\/v2\/product"}],"about":[{"href":"https:\/\/pizbube.ch\/en\/wp-json\/wp\/v2\/types\/product"}],"wp:featuredmedia":[{"embeddable":true,"href":"https:\/\/pizbube.ch\/en\/wp-json\/wp\/v2\/media\/176902"}],"wp:attachment":[{"href":"https:\/\/pizbube.ch\/en\/wp-json\/wp\/v2\/media?parent=176901"}],"wp:term":[{"taxonomy":"product_brand","embeddable":true,"href":"https:\/\/pizbube.ch\/en\/wp-json\/wp\/v2\/product_brand?post=176901"},{"taxonomy":"product_cat","embeddable":true,"href":"https:\/\/pizbube.ch\/en\/wp-json\/wp\/v2\/product_cat?post=176901"},{"taxonomy":"product_tag","embeddable":true,"href":"https:\/\/pizbube.ch\/en\/wp-json\/wp\/v2\/product_tag?post=176901"}],"curies":[{"name":"wp","href":"https:\/\/api.w.org\/{rel}","templated":true}]}}