{"id":176949,"date":"2024-10-29T17:49:38","date_gmt":"2024-10-29T16:49:38","guid":{"rendered":"https:\/\/pizbube.ch\/?post_type=product&#038;p=176949"},"modified":"2024-10-29T17:52:02","modified_gmt":"2024-10-29T16:52:02","slug":"carnet-de-cordee","status":"publish","type":"product","link":"https:\/\/pizbube.ch\/en\/shop\/carnet-de-cordee\/","title":{"rendered":"Carnet de cord\u00e9e"},"content":{"rendered":"<p>Un bel objet pratique pour raconter vos ascensions !<\/p>\n<p>Avec les \u00ab Carnets de Cord\u00e9e \u00bb, les \u00e9ditions du Mont Blanc remettent au go\u00fbt du jour une tradition aussi ancienne que l\u2019alpinisme : celle du r\u00e9cit d\u2019ascension que l\u2019on couchait sur le papier pour s\u2019en souvenir, le transmettre \u00e0 ses proches voire le porter \u00e0 la post\u00e9rit\u00e9.<\/p>\n<p>Ce fascicule petit format de 192 pages est sp\u00e9cialement con\u00e7u pour permettre \u00e0 chacun, alpiniste en herbe ou chevronn\u00e9, de r\u00e9pertorier et de raconter ses aventures en montagne \u00e0 raison d\u2019une \u00ab course \u00bb par page, dans cinq disciplines : l\u2019alpinisme, l\u2019escalade, la glace, le ski et le canyon.<\/p>\n<p>Personnalisable, solide, compact, esth\u00e9tique et \u00e9cologique, le <em>Carnet de cord\u00e9e<\/em> sera pour chaque utilisateur, amateur ou professionnel, un outil aussi affectif que pratique pour graver souvenirs et \u00e9tapes-cl\u00e9s de son parcours en montagne.<\/p>\n<p>Chaque carnet de cord\u00e9e contribue \u00e0 financer l\u2019association Guides Sans Fronti\u00e8res: www.gsf.guide<\/p>\n<p>192 pages;<br \/>\nFormat broch\u00e9 10&#215;15 cm<\/p>","protected":false},"excerpt":{"rendered":"<p>Un bel objet pratique pour raconter vos ascensions ! Avec les \u00ab Carnets de Cord\u00e9e \u00bb, les \u00e9ditions du Mont Blanc remettent au go\u00fbt du jour une tradition aussi ancienne que l\u2019alpinisme : celle du r\u00e9cit d\u2019ascension que l\u2019on couchait sur le papier pour s\u2019en souvenir, le transmettre \u00e0 ses proches voire le porter \u00e0 [&#8230;]\n","protected":false},"featured_media":176951,"template":"","meta":[],"product_brand":[],"product_cat":[21629,21542],"product_tag":[],"class_list":{"0":"post-176949","1":"product","2":"type-product","3":"status-publish","4":"has-post-thumbnail","6":"product_cat-belletristik","7":"product_cat-sachbuecher-dokumentationen","8":"pa_autor-vallencant","9":"pa_erscheinungsjahr-27129","10":"pa_region-frankreich","11":"pa_sprache-fr","13":"first","14":"instock","15":"taxable","16":"shipping-taxable","17":"purchasable","18":"product-type-simple"},"_links":{"self":[{"href":"https:\/\/pizbube.ch\/en\/wp-json\/wp\/v2\/product\/176949","targetHints":{"allow":["GET"]}}],"collection":[{"href":"https:\/\/pizbube.ch\/en\/wp-json\/wp\/v2\/product"}],"about":[{"href":"https:\/\/pizbube.ch\/en\/wp-json\/wp\/v2\/types\/product"}],"wp:featuredmedia":[{"embeddable":true,"href":"https:\/\/pizbube.ch\/en\/wp-json\/wp\/v2\/media\/176951"}],"wp:attachment":[{"href":"https:\/\/pizbube.ch\/en\/wp-json\/wp\/v2\/media?parent=176949"}],"wp:term":[{"taxonomy":"product_brand","embeddable":true,"href":"https:\/\/pizbube.ch\/en\/wp-json\/wp\/v2\/product_brand?post=176949"},{"taxonomy":"product_cat","embeddable":true,"href":"https:\/\/pizbube.ch\/en\/wp-json\/wp\/v2\/product_cat?post=176949"},{"taxonomy":"product_tag","embeddable":true,"href":"https:\/\/pizbube.ch\/en\/wp-json\/wp\/v2\/product_tag?post=176949"}],"curies":[{"name":"wp","href":"https:\/\/api.w.org\/{rel}","templated":true}]}}