{"id":176967,"date":"2024-10-30T10:54:58","date_gmt":"2024-10-30T09:54:58","guid":{"rendered":"https:\/\/pizbube.ch\/?post_type=product&#038;p=176967"},"modified":"2024-10-30T10:58:44","modified_gmt":"2024-10-30T09:58:44","slug":"gratwanderungen-ernstes-und-heiteres-aus-dem-bergfuehrerleben","status":"publish","type":"product","link":"https:\/\/pizbube.ch\/en\/shop\/gratwanderungen-ernstes-und-heiteres-aus-dem-bergfuehrerleben\/","title":{"rendered":"Gratwanderungen \u2013 Ernstes und Heiteres aus dem Bergf\u00fchrerleben"},"content":{"rendered":"<p>Dieses Buch erz\u00e4hlt von den Erlebnissen des Bergf\u00fchrers und Skilehrers Armin Oehrli, welcher G\u00e4ste von \u00fcberallher auf beeindruckenden Touren durch die<br \/>\nSchweizer Alpen und auf Gipfel in aller Welt begleitete.<\/p>\n<p>Es beschreibt die Herausforderungen und die Faszination solcher Touren, von den sprachlichen H\u00fcrden<br \/>\nbei der Bergf\u00fchrerausbildung \u00fcber die Planung und Durchf\u00fchrung der Berner Haute Route bis hin zu einer dramatischen Rettungssituation in einer Gletscherspalte.<\/p>\n<p>Die Geschichten vermitteln die Wichtigkeit einer sorgf\u00e4ltigen Vorbereitung, einer verl\u00e4sslichen F\u00fchrungsperson und einer besonnenen Reaktion auf unvorhergesehene Ereignisse in der alpinen Umgebung. Sie rufen zur Demut vor den Risiken der Berge auf, aber auch zur Freude und Dankbarkeit f\u00fcr die unvergleichlichen Erlebnisse und die Sch\u00f6nheit der Natur. Es sind spannende und unterhaltsam geschriebene Kurzgeschichten, die in sich abgeschlossen sind und zum Weiterlesen animieren.<\/p>\n<p>Armin Oehrli, geboren am 16. Mai 1952 in Gstaad, wuchs in einer<br \/>\nBauernfamilie mit zwei Schwestern und einem Bruder auf. Nach der Sekundarschule wurde er zum eidgen\u00f6ssisch diplomierten Betriebssekret\u00e4r ausgebildet. 1978 verliess er die Post, um freiberuflich als Bergf\u00fchrer zu leben \u2013 eine Karriere, die durch seine Jugendleidenschaft f\u00fcr das Bergsteigen gepr\u00e4gt wurde. Er bestieg 1976 den Mount McKinley und erwarb sein Bergf\u00fchrerpatent, sp\u00e4ter folgte die Ausbildung zum Langlauf- und Skilehrer. Er war zw\u00f6lf Jahre Bergf\u00fchrerobmann im Saanenland und sp\u00e4ter Pr\u00e4sident des Schweizer Bergf\u00fchrerverbandes. Bis 2015 f\u00fchrte er die Gesch\u00e4ftsstelle der Internationalen Vereinigung der Bergf\u00fchrerverb\u00e4nde (IVBV). Er engagierte sich in der Ausbildung bei Jugend+Sport und beim SAC, bestieg rund 600 Viertausender und begleitete G\u00e4ste weltweit auf Trekkings und Gipfelbesteigungen.<\/p>\n<p>143 Seiten;<br \/>\n148&#215;210 mm, Hardcover<\/p>","protected":false},"excerpt":{"rendered":"<p>Dieses Buch erz\u00e4hlt von den Erlebnissen des Bergf\u00fchrers und Skilehrers Armin Oehrli, welcher G\u00e4ste von \u00fcberallher auf beeindruckenden Touren durch die Schweizer Alpen und auf Gipfel in aller Welt begleitete. Es beschreibt die Herausforderungen und die Faszination solcher Touren, von den sprachlichen H\u00fcrden bei der Bergf\u00fchrerausbildung \u00fcber die Planung und Durchf\u00fchrung der Berner Haute Route [&#8230;]\n","protected":false},"featured_media":176969,"template":"","meta":[],"product_brand":[],"product_cat":[21629,21542],"product_tag":[],"class_list":{"0":"post-176967","1":"product","2":"type-product","3":"status-publish","4":"has-post-thumbnail","6":"product_cat-belletristik","7":"product_cat-sachbuecher-dokumentationen","8":"pa_autor-oehrli","9":"pa_erscheinungsjahr-27339","10":"pa_region-schweiz","11":"pa_sprache-de","13":"first","14":"instock","15":"taxable","16":"shipping-taxable","17":"purchasable","18":"product-type-simple"},"_links":{"self":[{"href":"https:\/\/pizbube.ch\/en\/wp-json\/wp\/v2\/product\/176967","targetHints":{"allow":["GET"]}}],"collection":[{"href":"https:\/\/pizbube.ch\/en\/wp-json\/wp\/v2\/product"}],"about":[{"href":"https:\/\/pizbube.ch\/en\/wp-json\/wp\/v2\/types\/product"}],"wp:featuredmedia":[{"embeddable":true,"href":"https:\/\/pizbube.ch\/en\/wp-json\/wp\/v2\/media\/176969"}],"wp:attachment":[{"href":"https:\/\/pizbube.ch\/en\/wp-json\/wp\/v2\/media?parent=176967"}],"wp:term":[{"taxonomy":"product_brand","embeddable":true,"href":"https:\/\/pizbube.ch\/en\/wp-json\/wp\/v2\/product_brand?post=176967"},{"taxonomy":"product_cat","embeddable":true,"href":"https:\/\/pizbube.ch\/en\/wp-json\/wp\/v2\/product_cat?post=176967"},{"taxonomy":"product_tag","embeddable":true,"href":"https:\/\/pizbube.ch\/en\/wp-json\/wp\/v2\/product_tag?post=176967"}],"curies":[{"name":"wp","href":"https:\/\/api.w.org\/{rel}","templated":true}]}}