{"id":176993,"date":"2024-11-01T11:57:15","date_gmt":"2024-11-01T10:57:15","guid":{"rendered":"https:\/\/pizbube.ch\/?post_type=product&#038;p=176993"},"modified":"2025-04-01T16:17:19","modified_gmt":"2025-04-01T14:17:19","slug":"xpeaks-neue-wege-auf-alte-berge","status":"publish","type":"product","link":"https:\/\/pizbube.ch\/en\/shop\/xpeaks-neue-wege-auf-alte-berge\/","title":{"rendered":"xPeaks \u2013 Neue Wege auf alte Berge"},"content":{"rendered":"<p>Am 10. Juni 2024 starten Chrigel Maurer und Peter von K\u00e4nel von ihrem Wohnort Frutigen im Berner Oberland, um alle 82 Viertausender der Alpen zu besteigen \u2013 ausschliesslich zu Fuss und per Gleitschirm, ohne Supporter und m\u00f6glichst am St\u00fcck. Der bergsteigende Gleitschirmprofi und der gleitschirmfliegende Bergprofi erg\u00e4nzen sich perfekt und bilden f\u00fcr dieses Abenteuer das ideale Team.<\/p>\n<p>Nach 51 erlebnisreichen Tagen besteigen sie mit der Jungfrau ihren letzten Gipfel und fliegen von dort \u00fcbergl\u00fccklich zur\u00fcck nach Frutigen \u2013 der Kreis schliesst sich. Die Symbiose zwischen Bergsteigen, hochalpinem Gleitschirmfliegen sowie Streckenflug erm\u00f6glicht verbl\u00fcffende und ausgesprochen elegante Touren. Mit ihrem Stil beschreiten die beiden neue Wege auf alte Berge und werden immer wieder mit \u00fcberraschenden Herausforderungen konfrontiert.<\/p>\n<p>Anschaulich, authentisch und mit einer Prise Ironie erl\u00e4utert Peter von K\u00e4nel die entscheidenden Erfolgsfaktoren bez\u00fcglich Vorbereitung, Taktik und Umgang mit Risiken und Fehlern. Packend schildert er die St\u00fcrme, die \u00fcberw\u00e4chteten Grate, das Fliegen am Limit und ihre Magic Moves, mit welchen sie als Team auf kreative Weise auch gr\u00f6sste Schwierigkeiten \u00fcberwinden.<\/p>\n<p>4-farbig, 168 Seiten, Hardcover<br \/>\nFormat: 16.5 x 22.5 cm<\/p>","protected":false},"excerpt":{"rendered":"<p>Am 10. Juni 2024 starten Chrigel Maurer und Peter von K\u00e4nel von ihrem Wohnort Frutigen im Berner Oberland, um alle 82 Viertausender der Alpen zu besteigen \u2013 ausschliesslich zu Fuss und per Gleitschirm, ohne Supporter und m\u00f6glichst am St\u00fcck. Der bergsteigende Gleitschirmprofi und der gleitschirmfliegende Bergprofi erg\u00e4nzen sich perfekt und bilden f\u00fcr dieses Abenteuer das [&#8230;]\n","protected":false},"featured_media":176994,"template":"","meta":[],"product_brand":[],"product_cat":[21629,21542],"product_tag":[27500],"class_list":{"0":"post-176993","1":"product","2":"type-product","3":"status-publish","4":"has-post-thumbnail","6":"product_cat-belletristik","7":"product_cat-sachbuecher-dokumentationen","8":"product_tag-x-peaks","9":"pa_autor-peter-von-kaenel","10":"pa_erscheinungsjahr-27339","11":"pa_region-frankreich","12":"pa_region-italien","13":"pa_region-schweiz","14":"pa_sprache-de","16":"first","17":"instock","18":"taxable","19":"shipping-taxable","20":"purchasable","21":"product-type-simple"},"_links":{"self":[{"href":"https:\/\/pizbube.ch\/en\/wp-json\/wp\/v2\/product\/176993","targetHints":{"allow":["GET"]}}],"collection":[{"href":"https:\/\/pizbube.ch\/en\/wp-json\/wp\/v2\/product"}],"about":[{"href":"https:\/\/pizbube.ch\/en\/wp-json\/wp\/v2\/types\/product"}],"wp:featuredmedia":[{"embeddable":true,"href":"https:\/\/pizbube.ch\/en\/wp-json\/wp\/v2\/media\/176994"}],"wp:attachment":[{"href":"https:\/\/pizbube.ch\/en\/wp-json\/wp\/v2\/media?parent=176993"}],"wp:term":[{"taxonomy":"product_brand","embeddable":true,"href":"https:\/\/pizbube.ch\/en\/wp-json\/wp\/v2\/product_brand?post=176993"},{"taxonomy":"product_cat","embeddable":true,"href":"https:\/\/pizbube.ch\/en\/wp-json\/wp\/v2\/product_cat?post=176993"},{"taxonomy":"product_tag","embeddable":true,"href":"https:\/\/pizbube.ch\/en\/wp-json\/wp\/v2\/product_tag?post=176993"}],"curies":[{"name":"wp","href":"https:\/\/api.w.org\/{rel}","templated":true}]}}