{"id":177001,"date":"2024-11-01T14:17:58","date_gmt":"2024-11-01T13:17:58","guid":{"rendered":"https:\/\/pizbube.ch\/?post_type=product&#038;p=177001"},"modified":"2025-06-17T10:24:35","modified_gmt":"2025-06-17T08:24:35","slug":"sport-climbing-in-arco-and-surroundings","status":"publish","type":"product","link":"https:\/\/pizbube.ch\/en\/shop\/sport-climbing-in-arco-and-surroundings\/","title":{"rendered":"Sport Climbing in Arco and surroundings"},"content":{"rendered":"<p>Die 4. Auflage des Arco Sportkletterf\u00fchrers:<br \/>\nMassone, Nago, Padaro oder Terra Promessa haben in der Klettercommunity Weltruhm erlangt. In Arco und Umgebung gibt es unz\u00e4hlige Spots von einmaliger historischer Bedeutung, sie gelten als Geburtsst\u00e4tten des Sportkletterns. Aber es werden auch st\u00e4ndig neue Kletterg\u00e4rten und Routen erschlossen.<\/p>\n<p>Der Kletterf\u00fchrer von September 2024 enth\u00e4lt 164 Gebiete, von denen 32 erstmals ver\u00f6ffentlicht werden. Entdecke im neuen F\u00fchrer alle Routen auf Farbfoto-Topos, GPS Koordinaten und detaillierte Beschreibungen deiner Lieblingsgebiete in Arco und Umgebung!<\/p>\n<p>Der Kletterf\u00fchrer enth\u00e4lt einen Code, mit dem die entsprechende digitale Version in der Vertical-Life Climbing App f\u00fcr drei Jahre kostenlos freigeschaltet werden kann.<\/p>\n<p>Dreisprachige Ausgabe: Deutsch, Italienisch &amp; Englisch &#8211; drei Sprachen in einem Band + Vertical-Life App<\/p>\n<p>&nbsp;<\/p>\n<p>The 4th edition of the Arco Sport Climbing Guide is now available. Massone, Nago, Padaro and Terra Promessa have become world-famous in the climbing community. There are countless spots of unique historical significance in Arco and the surrounding area, which are regarded as the birthplaces of sport climbing. But new climbing gardens and routes are also constantly being developed.<\/p>\n<p>The climbing guide from September 2024 contains 164 areas, 32 of which are being published for the first time. Discover all the routes in the new guide with colour photo topos, GPS coordinates and detailed descriptions of your favourite areas in Arco and the surrounding area!<\/p>\n<p>The climbing guidebook contains a code that can be used to unlock the corresponding digital version in the Vertical-Life Climbing App free of charge for three years.<\/p>\n<p>Trilingual edition: German, Italian &amp; English \u2013 three languages in one volume + Vertical-Life-App<\/p>\n<p>&nbsp;<\/p>\n<p>\u00c8 disponibile la quarta edizione della Guida all&#8217;arrampicata sportiva di Arco. Massone, Nago, Padaro e Terra Promessa sono diventati famosi nel mondo dell&#8217;arrampicata. Ad Arco e dintorni ci sono innumerevoli punti di importanza storica unica, considerati i luoghi di nascita dell&#8217;arrampicata sportiva. Ma anche nuove palestre e vie d&#8217;arrampicata vengono costantemente sviluppate.<\/p>\n<p>La guida all&#8217;arrampicata di settembre 2024 contiene 164 aree, 32 delle quali vengono pubblicate per la prima volta. Scoprite tutte le vie della nuova guida con foto topografiche a colori, coordinate GPS e descrizioni dettagliate delle vostre aree preferite ad Arco e dintorni!<\/p>\n<p>La guida d&#8217;arrampicata contiene un codice che pu\u00f2 essere utilizzato per sbloccare la corrispondente versione digitale nell&#8217;App Vertical-Life Climbing gratuitamente per tre anni.<\/p>\n<p>Edizione trilingue: tedesco, italiano e inglese &#8211; tre lingue in un unico volume + App Vertical-Life<\/p>","protected":false},"excerpt":{"rendered":"<p>Die 4. Auflage des Arco Sportkletterf\u00fchrers: Massone, Nago, Padaro oder Terra Promessa haben in der Klettercommunity Weltruhm erlangt. In Arco und Umgebung gibt es unz\u00e4hlige Spots von einmaliger historischer Bedeutung, sie gelten als Geburtsst\u00e4tten des Sportkletterns. Aber es werden auch st\u00e4ndig neue Kletterg\u00e4rten und Routen erschlossen. Der Kletterf\u00fchrer von September 2024 enth\u00e4lt 164 Gebiete, von [&#8230;]\n","protected":false},"featured_media":177002,"template":"","meta":[],"product_brand":[],"product_cat":[21539],"product_tag":[27256],"class_list":{"0":"post-177001","1":"product","2":"type-product","3":"status-publish","4":"has-post-thumbnail","6":"product_cat-fuehrerliteratur-sportklettern-bouldern","7":"product_tag-sportclimbing-in-arco","8":"pa_autor-roth-larcher-wenter-kofler-monstavicius","9":"pa_erscheinungsjahr-27339","10":"pa_region-italien","11":"pa_sprache-de-it-en","13":"first","14":"instock","15":"taxable","16":"shipping-taxable","17":"purchasable","18":"product-type-simple"},"_links":{"self":[{"href":"https:\/\/pizbube.ch\/en\/wp-json\/wp\/v2\/product\/177001","targetHints":{"allow":["GET"]}}],"collection":[{"href":"https:\/\/pizbube.ch\/en\/wp-json\/wp\/v2\/product"}],"about":[{"href":"https:\/\/pizbube.ch\/en\/wp-json\/wp\/v2\/types\/product"}],"wp:featuredmedia":[{"embeddable":true,"href":"https:\/\/pizbube.ch\/en\/wp-json\/wp\/v2\/media\/177002"}],"wp:attachment":[{"href":"https:\/\/pizbube.ch\/en\/wp-json\/wp\/v2\/media?parent=177001"}],"wp:term":[{"taxonomy":"product_brand","embeddable":true,"href":"https:\/\/pizbube.ch\/en\/wp-json\/wp\/v2\/product_brand?post=177001"},{"taxonomy":"product_cat","embeddable":true,"href":"https:\/\/pizbube.ch\/en\/wp-json\/wp\/v2\/product_cat?post=177001"},{"taxonomy":"product_tag","embeddable":true,"href":"https:\/\/pizbube.ch\/en\/wp-json\/wp\/v2\/product_tag?post=177001"}],"curies":[{"name":"wp","href":"https:\/\/api.w.org\/{rel}","templated":true}]}}