{"id":177015,"date":"2024-11-08T10:25:53","date_gmt":"2024-11-08T09:25:53","guid":{"rendered":"https:\/\/pizbube.ch\/?post_type=product&#038;p=177015"},"modified":"2025-12-17T12:24:05","modified_gmt":"2025-12-17T11:24:05","slug":"es-war-einmal-klettern","status":"publish","type":"product","link":"https:\/\/pizbube.ch\/en\/shop\/es-war-einmal-klettern\/","title":{"rendered":"Es war einmal KLETTERN"},"content":{"rendered":"<p>Die komplette Klettergeschichte in Bildern \u2013 Von A bis Z<\/p>\n<p>W\u00e4nde hochklettern, eins mit dem Fels werden, die Gesetze der Schwerkraft herausfordern und seine Grenzen erweitern. Seit Jahrhunderten haben k\u00fchne Pioniere an der gro\u00dfen Geschichte des Kletterns geschrieben.<\/p>\n<p>Von den Felsen im Wald von Fontainebleau \u00fcber die Dolomiten, den El Capitan, die Verdonschlucht und die W\u00e4nde des Eigers bis hin zu den k\u00fcnstlichen Bouldern der Olympischen Spiele \u2013 dieses Buch erz\u00e4hlt zum ersten Mal in Comicform von derselben brennenden Leidenschaft: Mit blo\u00dfen H\u00e4nden den Weg zum Gipfel zu finden.<\/p>\n<p>Catherine Destivelle \u2013 die Grande Dame d&#8217;Escalade \u2013 hat mit einem erlauchten Team die Geschichte des (Fels-)Kletterns in aufw\u00e4ndig gezeichnete Bilder gegossen. Von A (wie Adam Ondra) bis Z (Ziheng Qui) \u2013 von grauer Vorzeit bis Heute. Vom Klettern auf B\u00e4ume, um vor wilden Tieren zu fliehen, bis zum Klettern als olympische Sportart. Der grandiose Comicband <strong><a href=\"https:\/\/pizbube.ch\/en\/shop\/il-etait-une-fois-lescalade\/\" target=\"_blank\" rel=\"noopener\">Il \u00e9tait une fois l\u2019escalade<\/a><\/strong> war bisher nur in franz\u00f6sischer Sprache verf\u00fcgbar und ist nun bald in deutscher Sprache erh\u00e4ltlich.<\/p>\n<p>1. Auflage 2024,<br \/>\n196 Seiten, Hardcover mit Folienpr\u00e4gung, 215 x 290 mm<\/p>","protected":false},"excerpt":{"rendered":"<p>Die komplette Klettergeschichte in Bildern \u2013 Von A bis Z W\u00e4nde hochklettern, eins mit dem Fels werden, die Gesetze der Schwerkraft herausfordern und seine Grenzen erweitern. Seit Jahrhunderten haben k\u00fchne Pioniere an der gro\u00dfen Geschichte des Kletterns geschrieben. Von den Felsen im Wald von Fontainebleau \u00fcber die Dolomiten, den El Capitan, die Verdonschlucht und die [&#8230;]\n","protected":false},"featured_media":177016,"template":"","meta":[],"product_brand":[],"product_cat":[21881,21580,21542],"product_tag":[],"class_list":{"0":"post-177015","1":"product","2":"type-product","3":"status-publish","4":"has-post-thumbnail","6":"product_cat-comics","7":"product_cat-kunst-kultur","8":"product_cat-sachbuecher-dokumentationen","9":"pa_autor-catherine-destivelle-david-chambre-laurent-bidot","10":"pa_erscheinungsjahr-27339","11":"pa_region-unbestimmte-kategorie","12":"pa_sprache-de","14":"first","15":"instock","16":"taxable","17":"shipping-taxable","18":"purchasable","19":"product-type-simple"},"_links":{"self":[{"href":"https:\/\/pizbube.ch\/en\/wp-json\/wp\/v2\/product\/177015","targetHints":{"allow":["GET"]}}],"collection":[{"href":"https:\/\/pizbube.ch\/en\/wp-json\/wp\/v2\/product"}],"about":[{"href":"https:\/\/pizbube.ch\/en\/wp-json\/wp\/v2\/types\/product"}],"wp:featuredmedia":[{"embeddable":true,"href":"https:\/\/pizbube.ch\/en\/wp-json\/wp\/v2\/media\/177016"}],"wp:attachment":[{"href":"https:\/\/pizbube.ch\/en\/wp-json\/wp\/v2\/media?parent=177015"}],"wp:term":[{"taxonomy":"product_brand","embeddable":true,"href":"https:\/\/pizbube.ch\/en\/wp-json\/wp\/v2\/product_brand?post=177015"},{"taxonomy":"product_cat","embeddable":true,"href":"https:\/\/pizbube.ch\/en\/wp-json\/wp\/v2\/product_cat?post=177015"},{"taxonomy":"product_tag","embeddable":true,"href":"https:\/\/pizbube.ch\/en\/wp-json\/wp\/v2\/product_tag?post=177015"}],"curies":[{"name":"wp","href":"https:\/\/api.w.org\/{rel}","templated":true}]}}