{"id":177019,"date":"2024-11-01T15:18:43","date_gmt":"2024-11-01T14:18:43","guid":{"rendered":"https:\/\/pizbube.ch\/?post_type=product&#038;p=177019"},"modified":"2026-04-10T15:17:26","modified_gmt":"2026-04-10T13:17:26","slug":"tessin-rock-klettergaerten","status":"publish","type":"product","link":"https:\/\/pizbube.ch\/en\/shop\/tessin-rock-klettergaerten\/","title":{"rendered":"TESSIN ROCK Kletterg\u00e4rten"},"content":{"rendered":"<p>Locarnese, Valle Maggia, Bellinzona, Moesano, Riviera mit Val di Blenio, Sottoceneri, Leventina<\/p>\n<p>Nur drei Jahre nach der Ver\u00f6ffentlichung der letzten Ausgabe ist die Zahl der neuen Felsen und Routen im Tessin so gro\u00df, dass eine neue, erweiterte und korrigierte Ausgabe angebracht ist.<br \/>\nIn diesem Band werden 98 Klettergebiete beschrie ben, von denen 36 noch nie zuvor ver\u00f6ffentlicht worden sind.<br \/>\nDieses neue Buch stellt 4424 Routen vor, von denen 974 in der vorigen Ausgabe nicht enthalten waren.<\/p>\n<p>Detaillierte Zustiegsskizzen, Luftaufnahmen, farbige Zeichnungen und zahlreiche Actionfotos erleichtern und begleiten das Entdecken der felsigen Sch\u00f6nheiten des Tessins. Diverse Interviews und Beitr\u00e4ge einiger Protagonisten der internationalen und lokalen Szene vervollst\u00e4ndigen das Werk.<\/p>\n<p>624 Seiten;<br \/>\n2. erweiterte Auflage 2024<\/p>","protected":false},"excerpt":{"rendered":"<p>Locarnese, Valle Maggia, Bellinzona, Moesano, Riviera mit Val di Blenio, Sottoceneri, Leventina Nur drei Jahre nach der Ver\u00f6ffentlichung der letzten Ausgabe ist die Zahl der neuen Felsen und Routen im Tessin so gro\u00df, dass eine neue, erweiterte und korrigierte Ausgabe angebracht ist. In diesem Band werden 98 Klettergebiete beschrie ben, von denen 36 noch nie [&#8230;]\n","protected":false},"featured_media":177020,"template":"","meta":[],"product_brand":[],"product_cat":[21539],"product_tag":[27072,27382,27696,27695],"class_list":{"0":"post-177019","1":"product","2":"type-product","3":"status-publish","4":"has-post-thumbnail","6":"product_cat-fuehrerliteratur-sportklettern-bouldern","7":"product_tag-kletterfuehrer-tessin","8":"product_tag-tessin-rock","9":"product_tag-ticino","10":"product_tag-ticino-rock","11":"pa_autor-bernasconi","12":"pa_erscheinungsjahr-27339","13":"pa_region-schweiz","14":"pa_sprache-de","16":"first","17":"instock","18":"taxable","19":"shipping-taxable","20":"purchasable","21":"product-type-simple"},"_links":{"self":[{"href":"https:\/\/pizbube.ch\/en\/wp-json\/wp\/v2\/product\/177019","targetHints":{"allow":["GET"]}}],"collection":[{"href":"https:\/\/pizbube.ch\/en\/wp-json\/wp\/v2\/product"}],"about":[{"href":"https:\/\/pizbube.ch\/en\/wp-json\/wp\/v2\/types\/product"}],"wp:featuredmedia":[{"embeddable":true,"href":"https:\/\/pizbube.ch\/en\/wp-json\/wp\/v2\/media\/177020"}],"wp:attachment":[{"href":"https:\/\/pizbube.ch\/en\/wp-json\/wp\/v2\/media?parent=177019"}],"wp:term":[{"taxonomy":"product_brand","embeddable":true,"href":"https:\/\/pizbube.ch\/en\/wp-json\/wp\/v2\/product_brand?post=177019"},{"taxonomy":"product_cat","embeddable":true,"href":"https:\/\/pizbube.ch\/en\/wp-json\/wp\/v2\/product_cat?post=177019"},{"taxonomy":"product_tag","embeddable":true,"href":"https:\/\/pizbube.ch\/en\/wp-json\/wp\/v2\/product_tag?post=177019"}],"curies":[{"name":"wp","href":"https:\/\/api.w.org\/{rel}","templated":true}]}}