{"id":177046,"date":"2024-11-05T11:40:31","date_gmt":"2024-11-05T10:40:31","guid":{"rendered":"https:\/\/pizbube.ch\/?post_type=product&#038;p=177046"},"modified":"2026-02-03T10:06:02","modified_gmt":"2026-02-03T09:06:02","slug":"reinhard-karl-die-kunst-einen-berg-zu-besteigen","status":"publish","type":"product","link":"https:\/\/pizbube.ch\/en\/shop\/reinhard-karl-die-kunst-einen-berg-zu-besteigen\/","title":{"rendered":"REINHARD KARL &#8211; DIE KUNST, EINEN BERG ZU BESTEIGEN"},"content":{"rendered":"<div class=\"wpb_text_column wpb_content_element animation bottom-to-top\">\n<div class=\"wpb_wrapper\">\n<p>Der Schriftsteller und Fotograf Reinhard Karl (1946\u20131982) verlieh dem Lebensgef\u00fchl von Bergsteigern und Kletterern auf einzigartige Art und Weise Ausdruck. In ber\u00fchrenden Texten und zeitlos sch\u00f6nen Bildern schilderte er sein Erleben, Denken und F\u00fchlen, nicht nur am Berg. Obwohl der Heidelberger im Alter von nur 35 Jahren am Cho Oyu (8153 m) ums Leben kam, hinterlie\u00df er ein gro\u00dfes Werk, das in alpiner Literatur und Fotografie bis heute ohnegleichen ist.<\/p>\n<\/div>\n<\/div>\n<div class=\"wpb_text_column wpb_content_element animation bottom-to-top\">\n<div class=\"wpb_wrapper\">\n<p>Der Autor und Filmemacher Tom Dauer ist seit seiner Jugend fasziniert von Karls unterhaltsamen und vielschichtigen Texten sowie von den ikonischen Fotografien aus den Alpen, Patagonien, dem Himalaya. Die Lekt\u00fcre des 1980 erschienenen Text-Bildbands \u201eErlebnis Berg: Zeit zum Atmen\u201c sowie der beiden posthum ver\u00f6ffentlichten B\u00e4nde \u201eYosemite \u2013 Klettern im senkrechten Paradies\u201c und \u201eBerge auf Kodachrome\u201c pr\u00e4gten Dauers alpinistischen Werdegang. Wie vielen Bergsteigern seiner Generation er\u00f6ffnete ihm Karls Werk eine Welt voller Abenteuer, Sehns\u00fcchte und Hoffnungen.<\/p>\n<\/div>\n<\/div>\n<div class=\"wpb_text_column wpb_content_element animation bottom-to-top\">\n<div class=\"wpb_wrapper\">\n<p>Die Originalausgaben Reinhard Karls sowie Tom Dauers Buch \u201eReinhard Karl \u2013 Ein Leben ohne Wenn und Aber\u201c (Z\u00fcrich: AS-Verlag, 2002) sind seit langem vergriffen. Um das einzigartige Werk des Heidelberger Freigeistes der \u00d6ffentlichkeit wieder zug\u00e4nglich zu machen, vereint \u201eDie Kunst, einen Berg zu besteigen\u201c eine Auswahl seiner besten Texte und zeitloser Fotografien.<\/p>\n<p>Herausgeber Tom Dauer hofft, damit ein wichtiges Dokument alpiner und alpinistischer Geschichte zu bewahren, das nichts von seiner Originalit\u00e4t, Kreativit\u00e4t und Lebendigkeit verloren hat.<\/p>\n<p><span class=\"s8\">Hardcover, <\/span><span class=\"s8\">284 Seiten<br \/>\n<\/span><span class=\"s8\">Format ca. 17 x 24 cm<br \/>\n2. Nachdruck 2024<br \/>\n<\/span><\/p>\n<\/div>\n<\/div>","protected":false},"excerpt":{"rendered":"<p>Der Schriftsteller und Fotograf Reinhard Karl (1946\u20131982) verlieh dem Lebensgef\u00fchl von Bergsteigern und Kletterern auf einzigartige Art und Weise Ausdruck. In ber\u00fchrenden Texten und zeitlos sch\u00f6nen Bildern schilderte er sein Erleben, Denken und F\u00fchlen, nicht nur am Berg. Obwohl der Heidelberger im Alter von nur 35 Jahren am Cho Oyu (8153 m) ums Leben kam, [&#8230;]\n","protected":false},"featured_media":163852,"template":"","meta":[],"product_brand":[],"product_cat":[21542],"product_tag":[],"class_list":{"0":"post-177046","1":"product","2":"type-product","3":"status-publish","4":"has-post-thumbnail","6":"product_cat-sachbuecher-dokumentationen","7":"pa_autor-dauer","8":"pa_erscheinungsjahr-27339","9":"pa_region-deutschland","10":"pa_sprache-de","12":"first","13":"outofstock","14":"taxable","15":"shipping-taxable","16":"purchasable","17":"product-type-simple"},"_links":{"self":[{"href":"https:\/\/pizbube.ch\/en\/wp-json\/wp\/v2\/product\/177046","targetHints":{"allow":["GET"]}}],"collection":[{"href":"https:\/\/pizbube.ch\/en\/wp-json\/wp\/v2\/product"}],"about":[{"href":"https:\/\/pizbube.ch\/en\/wp-json\/wp\/v2\/types\/product"}],"wp:featuredmedia":[{"embeddable":true,"href":"https:\/\/pizbube.ch\/en\/wp-json\/wp\/v2\/media\/163852"}],"wp:attachment":[{"href":"https:\/\/pizbube.ch\/en\/wp-json\/wp\/v2\/media?parent=177046"}],"wp:term":[{"taxonomy":"product_brand","embeddable":true,"href":"https:\/\/pizbube.ch\/en\/wp-json\/wp\/v2\/product_brand?post=177046"},{"taxonomy":"product_cat","embeddable":true,"href":"https:\/\/pizbube.ch\/en\/wp-json\/wp\/v2\/product_cat?post=177046"},{"taxonomy":"product_tag","embeddable":true,"href":"https:\/\/pizbube.ch\/en\/wp-json\/wp\/v2\/product_tag?post=177046"}],"curies":[{"name":"wp","href":"https:\/\/api.w.org\/{rel}","templated":true}]}}