{"id":177066,"date":"2024-11-07T08:46:18","date_gmt":"2024-11-07T07:46:18","guid":{"rendered":"https:\/\/pizbube.ch\/?post_type=product&#038;p=177066"},"modified":"2026-04-08T11:53:04","modified_gmt":"2026-04-08T09:53:04","slug":"walter-bonatti-a-mes-montagnes","status":"publish","type":"product","link":"https:\/\/pizbube.ch\/en\/shop\/walter-bonatti-a-mes-montagnes\/","title":{"rendered":"Walter Bonatti &#8211; \u00c0 mes montagnes"},"content":{"rendered":"<div id=\"product-description-short-752\" class=\"product-short-description\">\n<p>Un monument de la litt\u00e9rature de montagne en version illustr\u00e9e.<\/p>\n<\/div>\n<div id=\"product-description-752\" class=\"product-long-description\">\n<p>Voici l\u2019un des plus grands classiques de la litt\u00e9rature de montagne : un r\u00e9cit de vie haletant \u00e9crit par un jeune homme au c\u0153ur de l\u2019action. En 1961, Walter Bonatti a 31 ans quand il pose le point final de son premier livre, \u00c0 mes montagnes. En une d\u00e9cennie, il s\u2019est impos\u00e9 comme une figure inoubliable de l\u2019alpinisme. Une d\u00e9cennie o\u00f9 alternent les r\u00e9ussites \u00e9clatantes et les drames, racont\u00e9s avec une m\u00eame incandescence.<\/p>\n<p>Ce livre depuis longtemps introuvable est r\u00e9\u00e9dit\u00e9 avec une belle iconographie provenant de la collection personnelle de l\u2019auteur.<\/p>\n<p>272 pages;<br \/>\n23 x 23 cm<\/p>\n<\/div>","protected":false},"excerpt":{"rendered":"<p>Un monument de la litt\u00e9rature de montagne en version illustr\u00e9e. Voici l\u2019un des plus grands classiques de la litt\u00e9rature de montagne : un r\u00e9cit de vie haletant \u00e9crit par un jeune homme au c\u0153ur de l\u2019action. En 1961, Walter Bonatti a 31 ans quand il pose le point final de son premier livre, \u00c0 mes [&#8230;]\n","protected":false},"featured_media":177067,"template":"","meta":[],"product_brand":[],"product_cat":[21542],"product_tag":[27503],"class_list":{"0":"post-177066","1":"product","2":"type-product","3":"status-publish","4":"has-post-thumbnail","6":"product_cat-sachbuecher-dokumentationen","7":"product_tag-montagnes-dune-vie","8":"pa_autor-bonatti","9":"pa_erscheinungsjahr-27339","10":"pa_region-frankreich","11":"pa_region-italien","12":"pa_sprache-fr","14":"first","15":"instock","16":"taxable","17":"shipping-taxable","18":"purchasable","19":"product-type-simple"},"_links":{"self":[{"href":"https:\/\/pizbube.ch\/en\/wp-json\/wp\/v2\/product\/177066","targetHints":{"allow":["GET"]}}],"collection":[{"href":"https:\/\/pizbube.ch\/en\/wp-json\/wp\/v2\/product"}],"about":[{"href":"https:\/\/pizbube.ch\/en\/wp-json\/wp\/v2\/types\/product"}],"wp:featuredmedia":[{"embeddable":true,"href":"https:\/\/pizbube.ch\/en\/wp-json\/wp\/v2\/media\/177067"}],"wp:attachment":[{"href":"https:\/\/pizbube.ch\/en\/wp-json\/wp\/v2\/media?parent=177066"}],"wp:term":[{"taxonomy":"product_brand","embeddable":true,"href":"https:\/\/pizbube.ch\/en\/wp-json\/wp\/v2\/product_brand?post=177066"},{"taxonomy":"product_cat","embeddable":true,"href":"https:\/\/pizbube.ch\/en\/wp-json\/wp\/v2\/product_cat?post=177066"},{"taxonomy":"product_tag","embeddable":true,"href":"https:\/\/pizbube.ch\/en\/wp-json\/wp\/v2\/product_tag?post=177066"}],"curies":[{"name":"wp","href":"https:\/\/api.w.org\/{rel}","templated":true}]}}