{"id":177079,"date":"2024-11-16T10:47:10","date_gmt":"2024-11-16T09:47:10","guid":{"rendered":"https:\/\/pizbube.ch\/?post_type=product&#038;p=177079"},"modified":"2024-11-16T10:48:53","modified_gmt":"2024-11-16T09:48:53","slug":"__trashed","status":"publish","type":"product","link":"https:\/\/pizbube.ch\/en\/shop\/__trashed\/","title":{"rendered":"KLETTERSTEIGE in der LOMBARDEI"},"content":{"rendered":"<p>40 Touren in den Bergen um Varese, Lecco, Como, Sondrio, Bergamo und Brescia + Traversata alta delle Grigne und Sentiero Roma<\/p>\n<p>Es gibt immer mehr Bergbegeisterte, die vor allem Klettersteige lieben: K\u00fcnstliche Wege, die mit Drahtseilen, Trittstufen verschiedener Art, Leitern und H\u00e4ngebr\u00fccken ausgestattet sind und dadurch nicht nur Alpinisten ansprechen, sondern auch anderen sportlich Aktiven einen relativ leichten und gesicherten Aufstieg durch eine Felswand oder auf mehr oder weniger hohe Gipfel erm\u00f6glichen. Klettersteige haben eine glorreiche Vergangenheit, sie wurden im Laufe der Zeit durch den mit dem Klettern verbundenen Tourismus stark aufgewertet und sind aus dem Bergsport mittlerweile nicht mehr wegzudenken.<\/p>\n<p>Mit diesem Buch stellt der Autor alle Steige in der Lombardei vor, die den geltenden Sicherheitsstandards entsprechen. Als erfahrener Bergf\u00fchrer beschreibt er sie mit dem Ziel, allen Interessierten qualitativ hochwertige Informationen zu liefern und so die Unsicherheiten bei einer Recherche im Internet (oft die einzige Quelle der Suche!) auszusieben. Es f\u00e4llt nicht immer leicht, die Qualit\u00e4t der Informationen im Netz zu bewerten, aber wie bei allen Bergsportarten ist dies auch bei Klettersteigen ein wichtiger Punkt.<\/p>\n<p>Denn ein Risiko ist immer dabei \u2013 gerade hier, bei einer Sportart, die f\u00fcr Viele sehr leicht zug\u00e4nglich zu sein scheint (und zum Gl\u00fcck teilweise auch ist).<\/p>\n<p>1. Auflage 2024;<br \/>\n15,00 \u00d7 21,00 cm<br \/>\n223 Seiten<\/p>","protected":false},"excerpt":{"rendered":"<p>40 Touren in den Bergen um Varese, Lecco, Como, Sondrio, Bergamo und Brescia + Traversata alta delle Grigne und Sentiero Roma Es gibt immer mehr Bergbegeisterte, die vor allem Klettersteige lieben: K\u00fcnstliche Wege, die mit Drahtseilen, Trittstufen verschiedener Art, Leitern und H\u00e4ngebr\u00fccken ausgestattet sind und dadurch nicht nur Alpinisten ansprechen, sondern auch anderen sportlich Aktiven [&#8230;]\n","protected":false},"featured_media":177080,"template":"","meta":[],"product_brand":[],"product_cat":[21544],"product_tag":[],"class_list":{"0":"post-177079","1":"product","2":"type-product","3":"status-publish","4":"has-post-thumbnail","6":"product_cat-fuehrerliteratur-alpin-sommer","7":"pa_autor-andrea-bedoii-cari","8":"pa_erscheinungsjahr-27339","9":"pa_region-italien","10":"pa_sprache-de","12":"first","13":"instock","14":"taxable","15":"shipping-taxable","16":"purchasable","17":"product-type-simple"},"_links":{"self":[{"href":"https:\/\/pizbube.ch\/en\/wp-json\/wp\/v2\/product\/177079","targetHints":{"allow":["GET"]}}],"collection":[{"href":"https:\/\/pizbube.ch\/en\/wp-json\/wp\/v2\/product"}],"about":[{"href":"https:\/\/pizbube.ch\/en\/wp-json\/wp\/v2\/types\/product"}],"wp:featuredmedia":[{"embeddable":true,"href":"https:\/\/pizbube.ch\/en\/wp-json\/wp\/v2\/media\/177080"}],"wp:attachment":[{"href":"https:\/\/pizbube.ch\/en\/wp-json\/wp\/v2\/media?parent=177079"}],"wp:term":[{"taxonomy":"product_brand","embeddable":true,"href":"https:\/\/pizbube.ch\/en\/wp-json\/wp\/v2\/product_brand?post=177079"},{"taxonomy":"product_cat","embeddable":true,"href":"https:\/\/pizbube.ch\/en\/wp-json\/wp\/v2\/product_cat?post=177079"},{"taxonomy":"product_tag","embeddable":true,"href":"https:\/\/pizbube.ch\/en\/wp-json\/wp\/v2\/product_tag?post=177079"}],"curies":[{"name":"wp","href":"https:\/\/api.w.org\/{rel}","templated":true}]}}