{"id":177112,"date":"2024-11-16T10:53:49","date_gmt":"2024-11-16T09:53:49","guid":{"rendered":"https:\/\/pizbube.ch\/?post_type=product&#038;p=177112"},"modified":"2024-11-20T09:14:01","modified_gmt":"2024-11-20T08:14:01","slug":"les-alpes-de-la-romandie-150-randonnees-a-ski-magnifiques","status":"publish","type":"product","link":"https:\/\/pizbube.ch\/en\/shop\/les-alpes-de-la-romandie-150-randonnees-a-ski-magnifiques\/","title":{"rendered":"Les Alpes de la Romandie &#8211; 150 randonn\u00e9es \u00e0 ski magnifiques"},"content":{"rendered":"<p>Le guide r\u00e9gional du Club Alpin Suisse CAS d\u00e9crit 150 magnifiques randonn\u00e9es \u00e0 ski en Valais, dans les Alpes vaudoises et fribourgeoises.<\/p>\n<p>Les randonn\u00e9es populaires avec objectif sommet dans des paysages impressionnants font partie de la s\u00e9lection, tout comme les belles descentes dans les pentes nord (esp\u00e9rons-le) poudreuses. La plupart des itin\u00e9raires se situent dans la cat\u00e9gorie de difficult\u00e9 moyenne, peu difficile (PD) \u00e0 assez difficile (AD) selon l\u2019\u00e9chelle CAS pour les randonn\u00e9es \u00e0 ski.<\/p>\n<p>Gr\u00e2ce aux indications d\u00e9taill\u00e9es, il est facile de choisir la sortie qui convient : difficult\u00e9, temps, d\u00e9nivel\u00e9, exposition, point de d\u00e9part et arr\u00eats des Transports Publics. Pour \u00e9tudier en ligne le trac\u00e9 exact de l&#8217;itin\u00e9raire, il est possible d&#8217;acc\u00e9der au Portail des courses du CAS avec les cartes swisstopo via un code QR.<\/p>\n<p>\u00ab Les Alpes de la Romandie \u00bb promettent une longue saison de randonn\u00e9es d\u00e8s les premi\u00e8res chutes de neige jusqu&#8217;au printemps, lorsque les derniers m\u00e8tres vers la vall\u00e9e devront \u00eatre parcourus \u00e0 pied.<\/p>\n<p>Auteur<strong>:<\/strong><br \/>\nAlpiniste actif en \u00e9t\u00e9 comme en hiver, Georges Sanga est l\u2019auteur de plus d\u2019une douzaine de livres et de cartes de randonn\u00e9e \u00e0 skis. Il vit \u00e0 Lausanne mais c\u2019est dans les Alpes qu\u2019on le retrouvera le plus souvent o\u00f9 il vit sa passion aussi comme photographe.<\/p>\n<p>livre broch\u00e9; plus de 150 routes<br \/>\n328 pages, 144 photos<br \/>\n1\u00e8re \u00e9dit. 2024<\/p>","protected":false},"excerpt":{"rendered":"<p>Le guide r\u00e9gional du Club Alpin Suisse CAS d\u00e9crit 150 magnifiques randonn\u00e9es \u00e0 ski en Valais, dans les Alpes vaudoises et fribourgeoises. Les randonn\u00e9es populaires avec objectif sommet dans des paysages impressionnants font partie de la s\u00e9lection, tout comme les belles descentes dans les pentes nord (esp\u00e9rons-le) poudreuses. La plupart des itin\u00e9raires se situent dans [&#8230;]\n","protected":false},"featured_media":177113,"template":"","meta":[],"product_brand":[],"product_cat":[21540],"product_tag":[],"class_list":{"0":"post-177112","1":"product","2":"type-product","3":"status-publish","4":"has-post-thumbnail","6":"product_cat-fuehrerliteratur-alpin-winter","7":"pa_autor-sanga","8":"pa_erscheinungsjahr-27339","9":"pa_region-schweiz","10":"pa_sprache-fr","12":"first","13":"instock","14":"taxable","15":"shipping-taxable","16":"purchasable","17":"product-type-simple"},"_links":{"self":[{"href":"https:\/\/pizbube.ch\/en\/wp-json\/wp\/v2\/product\/177112","targetHints":{"allow":["GET"]}}],"collection":[{"href":"https:\/\/pizbube.ch\/en\/wp-json\/wp\/v2\/product"}],"about":[{"href":"https:\/\/pizbube.ch\/en\/wp-json\/wp\/v2\/types\/product"}],"wp:featuredmedia":[{"embeddable":true,"href":"https:\/\/pizbube.ch\/en\/wp-json\/wp\/v2\/media\/177113"}],"wp:attachment":[{"href":"https:\/\/pizbube.ch\/en\/wp-json\/wp\/v2\/media?parent=177112"}],"wp:term":[{"taxonomy":"product_brand","embeddable":true,"href":"https:\/\/pizbube.ch\/en\/wp-json\/wp\/v2\/product_brand?post=177112"},{"taxonomy":"product_cat","embeddable":true,"href":"https:\/\/pizbube.ch\/en\/wp-json\/wp\/v2\/product_cat?post=177112"},{"taxonomy":"product_tag","embeddable":true,"href":"https:\/\/pizbube.ch\/en\/wp-json\/wp\/v2\/product_tag?post=177112"}],"curies":[{"name":"wp","href":"https:\/\/api.w.org\/{rel}","templated":true}]}}