{"id":177162,"date":"2024-11-13T10:12:53","date_gmt":"2024-11-13T09:12:53","guid":{"rendered":"https:\/\/pizbube.ch\/?post_type=product&#038;p=177162"},"modified":"2024-11-13T10:19:08","modified_gmt":"2024-11-13T09:19:08","slug":"les-alpes-et-les-compositeurs","status":"publish","type":"product","link":"https:\/\/pizbube.ch\/en\/shop\/les-alpes-et-les-compositeurs\/","title":{"rendered":"Les Alpes et les compositeurs"},"content":{"rendered":"<p><em>\u00ab Ce grelot de vache me tient \u00e0 c\u0153ur, il me donne une tr\u00e8s violente impression de repos, de calme, d\u2019\u00e9loignement et d\u2019immensit\u00e9. Je me sens fondre dans toute la nature : ma cro\u00fbte d\u2019orgueil et de froideur voulue \u00e9clate ; c\u2019est un moment d\u2019envol\u00e9e qui fait du bien et rend meilleur.<\/em>\u00a0\u00bb<\/p>\n<p>C\u2019est en ces mots que le compositeur fran\u00e7ais Ernest Chausson exprime son amour des Alpes, symbole d\u2019\u00e9merveillement et de cr\u00e9ativit\u00e9 pour de nombreux musiciens \u00e0 partir du XVIIIe si\u00e8cle. Le Grand Tour des Alpes devient une source d\u2019inspiration pour Schubert, Weber, Schumann, Mendelssohn, Liszt, Gounod, entre autres.<\/p>\n<p>Avec l\u2019av\u00e8nement du tourisme et du chemin de fer, les artistes peuvent explorer le massif pour trouver inspiration et ressourcement. Certains, comme Wagner, Webern et Bart\u00f3k, voient dans l\u2019alpinisme une m\u00e9taphore de la musique, tandis que pour d\u2019autres comme Brahms, Mahler, Faur\u00e9, Ravel et Rachmaninov, les sommets offrent une contemplation paisible. Pour certains musiciens, la montagne est un refuge face aux d\u00e9fis de la vie professionnelle, \u00e0 la maladie, aux tumultes de l\u2019Histoire ou aux tourments sentimentaux. Cet environnement grandiose et protecteur a inspir\u00e9 certains des plus grands chefs-d\u2019\u0153uvre musicaux.<\/p>\n<p>Reli\u00e9 24 x 28 cm<\/p>","protected":false},"excerpt":{"rendered":"<p>\u00ab Ce grelot de vache me tient \u00e0 c\u0153ur, il me donne une tr\u00e8s violente impression de repos, de calme, d\u2019\u00e9loignement et d\u2019immensit\u00e9. Je me sens fondre dans toute la nature : ma cro\u00fbte d\u2019orgueil et de froideur voulue \u00e9clate ; c\u2019est un moment d\u2019envol\u00e9e qui fait du bien et rend meilleur.\u00a0\u00bb C\u2019est en ces [&#8230;]\n","protected":false},"featured_media":177163,"template":"","meta":[],"product_brand":[],"product_cat":[21580,21542],"product_tag":[],"class_list":{"0":"post-177162","1":"product","2":"type-product","3":"status-publish","4":"has-post-thumbnail","6":"product_cat-kunst-kultur","7":"product_cat-sachbuecher-dokumentationen","8":"pa_autor-huybrechts","9":"pa_erscheinungsjahr-27339","10":"pa_region-frankreich","11":"pa_region-schweiz","12":"pa_sprache-fr","14":"first","15":"instock","16":"taxable","17":"shipping-taxable","18":"purchasable","19":"product-type-simple"},"_links":{"self":[{"href":"https:\/\/pizbube.ch\/en\/wp-json\/wp\/v2\/product\/177162","targetHints":{"allow":["GET"]}}],"collection":[{"href":"https:\/\/pizbube.ch\/en\/wp-json\/wp\/v2\/product"}],"about":[{"href":"https:\/\/pizbube.ch\/en\/wp-json\/wp\/v2\/types\/product"}],"wp:featuredmedia":[{"embeddable":true,"href":"https:\/\/pizbube.ch\/en\/wp-json\/wp\/v2\/media\/177163"}],"wp:attachment":[{"href":"https:\/\/pizbube.ch\/en\/wp-json\/wp\/v2\/media?parent=177162"}],"wp:term":[{"taxonomy":"product_brand","embeddable":true,"href":"https:\/\/pizbube.ch\/en\/wp-json\/wp\/v2\/product_brand?post=177162"},{"taxonomy":"product_cat","embeddable":true,"href":"https:\/\/pizbube.ch\/en\/wp-json\/wp\/v2\/product_cat?post=177162"},{"taxonomy":"product_tag","embeddable":true,"href":"https:\/\/pizbube.ch\/en\/wp-json\/wp\/v2\/product_tag?post=177162"}],"curies":[{"name":"wp","href":"https:\/\/api.w.org\/{rel}","templated":true}]}}