{"id":177169,"date":"2024-11-13T10:42:11","date_gmt":"2024-11-13T09:42:11","guid":{"rendered":"https:\/\/pizbube.ch\/?post_type=product&#038;p=177169"},"modified":"2024-12-18T12:03:41","modified_gmt":"2024-12-18T11:03:41","slug":"bergwerke-schweizer-bergbau-die-geschichte-von-gluecksrittern","status":"publish","type":"product","link":"https:\/\/pizbube.ch\/en\/shop\/bergwerke-schweizer-bergbau-die-geschichte-von-gluecksrittern\/","title":{"rendered":"Bergwerke &#8211; Schweizer Bergbau Die Geschichte von Gl\u00fccksrittern"},"content":{"rendered":"<p><span class=\"value\">Die Geschichte des Schweizer Bergbaus ist gespickt mit zahlreichen Versuchen, durch den Abbau dieser oftmals sehr abgelegenen Lagerst\u00e4tten zu schnellem Reichtum zu gelangen. Obwohl die Schweiz reich an vielen \u00abarmen\u00bb Lagerst\u00e4tten war, hat sich der Bergbau nie so entwickelt wie in den angrenzenden Nachbarl\u00e4ndern. Manch einer hat sein letztes Hemd geopfert, nur um sich nach etlichen R\u00fcckschl\u00e4gen sein Scheitern eingestehen zu m\u00fcssen. <\/span><\/p>\n<p><span class=\"value\">Trotz all dieser herben Niederlagen und dem Wissen um das Risiko kam es immer wieder vor, dass solche Gl\u00fccksritter und Abenteurer, inspiriert durch die Erfolge im Ausland, in der Schweiz nach Rohstoffen gruben. Raubbaum\u00e4ssige Ausbeutung der Lagerst\u00e4tten, fehlende Fachkenntnisse und zu geringe finanzielle Mittel f\u00fchrten in den h\u00e4ufigsten F\u00e4llen zur Schliessung und dem Konkurs der Bergwerke. Dieses Buch ist all den M\u00e4nnern, Frauen und Kindern gewidmet, die unter schwierigen Arbeitsbedingungen in unseren ehemaligen Bergwerken gearbeitet haben.<\/span><\/p>\n<p>256 Seiten; <span class=\"value\">Breite 210 mm, H\u00f6he 270 mm, <\/span><br \/>\n1. Auflage 2024<\/p>","protected":false},"excerpt":{"rendered":"<p>Die Geschichte des Schweizer Bergbaus ist gespickt mit zahlreichen Versuchen, durch den Abbau dieser oftmals sehr abgelegenen Lagerst\u00e4tten zu schnellem Reichtum zu gelangen. Obwohl die Schweiz reich an vielen \u00abarmen\u00bb Lagerst\u00e4tten war, hat sich der Bergbau nie so entwickelt wie in den angrenzenden Nachbarl\u00e4ndern. Manch einer hat sein letztes Hemd geopfert, nur um sich nach [&#8230;]\n","protected":false},"featured_media":177170,"template":"","meta":[],"product_brand":[],"product_cat":[21580,21542],"product_tag":[],"class_list":{"0":"post-177169","1":"product","2":"type-product","3":"status-publish","4":"has-post-thumbnail","6":"product_cat-kunst-kultur","7":"product_cat-sachbuecher-dokumentationen","8":"pa_autor-widmer","9":"pa_erscheinungsjahr-27339","10":"pa_region-schweiz","11":"pa_sprache-de","13":"first","14":"instock","15":"taxable","16":"shipping-taxable","17":"purchasable","18":"product-type-simple"},"_links":{"self":[{"href":"https:\/\/pizbube.ch\/en\/wp-json\/wp\/v2\/product\/177169","targetHints":{"allow":["GET"]}}],"collection":[{"href":"https:\/\/pizbube.ch\/en\/wp-json\/wp\/v2\/product"}],"about":[{"href":"https:\/\/pizbube.ch\/en\/wp-json\/wp\/v2\/types\/product"}],"wp:featuredmedia":[{"embeddable":true,"href":"https:\/\/pizbube.ch\/en\/wp-json\/wp\/v2\/media\/177170"}],"wp:attachment":[{"href":"https:\/\/pizbube.ch\/en\/wp-json\/wp\/v2\/media?parent=177169"}],"wp:term":[{"taxonomy":"product_brand","embeddable":true,"href":"https:\/\/pizbube.ch\/en\/wp-json\/wp\/v2\/product_brand?post=177169"},{"taxonomy":"product_cat","embeddable":true,"href":"https:\/\/pizbube.ch\/en\/wp-json\/wp\/v2\/product_cat?post=177169"},{"taxonomy":"product_tag","embeddable":true,"href":"https:\/\/pizbube.ch\/en\/wp-json\/wp\/v2\/product_tag?post=177169"}],"curies":[{"name":"wp","href":"https:\/\/api.w.org\/{rel}","templated":true}]}}