{"id":177190,"date":"2024-11-14T09:13:37","date_gmt":"2024-11-14T08:13:37","guid":{"rendered":"https:\/\/pizbube.ch\/?post_type=product&#038;p=177190"},"modified":"2024-11-14T09:18:08","modified_gmt":"2024-11-14T08:18:08","slug":"vancouver-island","status":"publish","type":"product","link":"https:\/\/pizbube.ch\/en\/shop\/vancouver-island\/","title":{"rendered":"Vancouver Island"},"content":{"rendered":"<p class=\"mt-3\">Sunshine Coast, Nord-Vancouver bis Whistler<\/p>\n<p><span class=\"value\">Vancouver Island an der kanadischen Pazifikk\u00fcste ist ein wahres Eldorado f\u00fcr Wanderer und Naturliebhaber: Kilometerlange K\u00fcsten mit Treibholz \u00fcbers\u00e4ten Str\u00e4nden, uralte Regenw\u00e4lder, schneebedeckte Berge und glasklare Seen erwarten die Besucher. Der Rother Wanderf\u00fchrer \u00bbVancouver Island\u00ab pr\u00e4sentiert 68 abwechslungsreiche Tages- und Mehrtagestouren, die tief in die faszinierende Wildnis und den besonderen Lebensstil an der kanadischen Westk\u00fcste eintauchen lassen.<\/span><\/p>\n<p>Auf diesen Wanderungen erlebt man die Einzigartigkeit Kanadas: \u00dcppige Beerenstr\u00e4ucher unter dem dichten Bl\u00e4tterdach der Regenw\u00e4lder, das Rauschen wilder Fl\u00fcsse und atemberaubende Aussichten auf den Pazifik. K\u00fcstenst\u00e4dtchen verzaubern mit maritimer Atmosph\u00e4re, Wochenm\u00e4rkten und Festivals \u2013 und mit Vancouver ist eine lebendige Metropole in greifbarer N\u00e4he, in der Natur und Kultur harmonisch ineinandergreifen.<\/p>\n<p>Der Rother Wanderf\u00fchrer ist der ideale Begleiter, um Vancouver Island Schritt f\u00fcr Schritt zu erkunden. Leichte Tageswanderungen f\u00fchren durch Nationalparks, zu steilen K\u00fcsten oder entlang wilder Fl\u00fcsse. Highlights sind die Mehrtagestouren, auf denen man tagelang durch die kanadische Wildnis streift wie dem legend\u00e4ren West Coast Trail, dem Sunshine Coast Trail oder dem Cape Scott Trail. Hier findet jeder Wanderfreund seine Traumroute.<\/p>\n<p>Eine rechtzeitige Planung ist f\u00fcr viele Touren auf Vancouver Island unerl\u00e4sslich. Dieser Wanderf\u00fchrer ist daf\u00fcr die beste Grundlage. Er enth\u00e4lt alle wichtigen Informationen zur Tourenplanung, Ausr\u00fcstung, Genehmigungen und \u00dcbernachtungsm\u00f6glichkeiten. Mit detaillierten Wegbeschreibungen, Karten, H\u00f6henprofilen und gepr\u00fcften GPS-Tracks steht einer sicheren Orientierung nichts im Weg. Faszinierende Fotos machen schon zu Hause Lust auf die Reise.<\/p>\n<p><span class=\"value\">68 Wanderk\u00e4rtchen im Ma\u00dfstab 1:25.000 bis 1:100.000, 68 H\u00f6henprofile, zwei \u00dcbersichtskarten, GPS-Tracks zum Download<br \/>\n224 Seiten<br \/>\n1. Auflage 2025<br \/>\n<\/span><\/p>","protected":false},"excerpt":{"rendered":"<p>Sunshine Coast, Nord-Vancouver bis Whistler Vancouver Island an der kanadischen Pazifikk\u00fcste ist ein wahres Eldorado f\u00fcr Wanderer und Naturliebhaber: Kilometerlange K\u00fcsten mit Treibholz \u00fcbers\u00e4ten Str\u00e4nden, uralte Regenw\u00e4lder, schneebedeckte Berge und glasklare Seen erwarten die Besucher. Der Rother Wanderf\u00fchrer \u00bbVancouver Island\u00ab pr\u00e4sentiert 68 abwechslungsreiche Tages- und Mehrtagestouren, die tief in die faszinierende Wildnis und den besonderen [&#8230;]\n","protected":false},"featured_media":177191,"template":"","meta":[],"product_brand":[],"product_cat":[26762],"product_tag":[],"class_list":{"0":"post-177190","1":"product","2":"type-product","3":"status-publish","4":"has-post-thumbnail","6":"product_cat-unkategorisiert","7":"pa_autor-schmidt","8":"pa_erscheinungsjahr-27415","9":"pa_region-amerika-nord","10":"pa_sprache-de","12":"first","13":"instock","14":"taxable","15":"shipping-taxable","16":"purchasable","17":"product-type-simple"},"_links":{"self":[{"href":"https:\/\/pizbube.ch\/en\/wp-json\/wp\/v2\/product\/177190","targetHints":{"allow":["GET"]}}],"collection":[{"href":"https:\/\/pizbube.ch\/en\/wp-json\/wp\/v2\/product"}],"about":[{"href":"https:\/\/pizbube.ch\/en\/wp-json\/wp\/v2\/types\/product"}],"wp:featuredmedia":[{"embeddable":true,"href":"https:\/\/pizbube.ch\/en\/wp-json\/wp\/v2\/media\/177191"}],"wp:attachment":[{"href":"https:\/\/pizbube.ch\/en\/wp-json\/wp\/v2\/media?parent=177190"}],"wp:term":[{"taxonomy":"product_brand","embeddable":true,"href":"https:\/\/pizbube.ch\/en\/wp-json\/wp\/v2\/product_brand?post=177190"},{"taxonomy":"product_cat","embeddable":true,"href":"https:\/\/pizbube.ch\/en\/wp-json\/wp\/v2\/product_cat?post=177190"},{"taxonomy":"product_tag","embeddable":true,"href":"https:\/\/pizbube.ch\/en\/wp-json\/wp\/v2\/product_tag?post=177190"}],"curies":[{"name":"wp","href":"https:\/\/api.w.org\/{rel}","templated":true}]}}