{"id":177198,"date":"2024-11-14T10:07:24","date_gmt":"2024-11-14T09:07:24","guid":{"rendered":"https:\/\/pizbube.ch\/?post_type=product&#038;p=177198"},"modified":"2024-11-14T10:19:59","modified_gmt":"2024-11-14T09:19:59","slug":"neiges-lointaines-24-raids-a-ski-autour-du-monde","status":"publish","type":"product","link":"https:\/\/pizbube.ch\/en\/shop\/neiges-lointaines-24-raids-a-ski-autour-du-monde\/","title":{"rendered":"Neiges lointaines &#8211; 24 Raids \u00e0 ski autour du monde"},"content":{"rendered":"<p>Un guide vivant et pratique pour r\u00eaver de voyages et randonner \u00e0 skis.<\/p>\n<div id=\"product-description-754\" class=\"product-long-description\">\n<p>Jean Annequin, guide passionn\u00e9 et infatigable, cherche la neige dans les massifs sauvages de tous les continents pour imaginer des raids d\u2019exception et provoquer des rencontres avec ceux qui les habitent. Peaux de phoque et poudre, effort de la trace et plaisir du ski en libert\u00e9, complicit\u00e9 collective et d\u00e9couvertes partag\u00e9es\u2026<\/p>\n<p>Apr\u00e8s <em>\u00c0 ski autour du monde<\/em>, ce tome 2 pr\u00e9sente 24 nouveaux voyages lointains, de l\u2019Arctique \u00e0 la Patagonie, de l\u2019Europe \u00e0 l\u2019Asie, 24 r\u00e9cits singuliers, 24 guides pratiques, 24 cartes et 350 photos pour r\u00eaver en grand.<\/p>\n<p>Un quart des destinations est accessible sans voyage en avion.<\/p>\n<p>312 pages, 25 x 25 cm<\/p>\n<\/div>","protected":false},"excerpt":{"rendered":"<p>Un guide vivant et pratique pour r\u00eaver de voyages et randonner \u00e0 skis. Jean Annequin, guide passionn\u00e9 et infatigable, cherche la neige dans les massifs sauvages de tous les continents pour imaginer des raids d\u2019exception et provoquer des rencontres avec ceux qui les habitent. Peaux de phoque et poudre, effort de la trace et plaisir [&#8230;]\n","protected":false},"featured_media":177199,"template":"","meta":[],"product_brand":[],"product_cat":[26762],"product_tag":[],"class_list":{"0":"post-177198","1":"product","2":"type-product","3":"status-publish","4":"has-post-thumbnail","6":"product_cat-unkategorisiert","7":"pa_autor-annequin","8":"pa_erscheinungsjahr-27339","9":"pa_region-frankreich","10":"pa_region-uebrigers-europa","11":"pa_sprache-fr","13":"first","14":"instock","15":"taxable","16":"shipping-taxable","17":"purchasable","18":"product-type-simple"},"_links":{"self":[{"href":"https:\/\/pizbube.ch\/en\/wp-json\/wp\/v2\/product\/177198","targetHints":{"allow":["GET"]}}],"collection":[{"href":"https:\/\/pizbube.ch\/en\/wp-json\/wp\/v2\/product"}],"about":[{"href":"https:\/\/pizbube.ch\/en\/wp-json\/wp\/v2\/types\/product"}],"wp:featuredmedia":[{"embeddable":true,"href":"https:\/\/pizbube.ch\/en\/wp-json\/wp\/v2\/media\/177199"}],"wp:attachment":[{"href":"https:\/\/pizbube.ch\/en\/wp-json\/wp\/v2\/media?parent=177198"}],"wp:term":[{"taxonomy":"product_brand","embeddable":true,"href":"https:\/\/pizbube.ch\/en\/wp-json\/wp\/v2\/product_brand?post=177198"},{"taxonomy":"product_cat","embeddable":true,"href":"https:\/\/pizbube.ch\/en\/wp-json\/wp\/v2\/product_cat?post=177198"},{"taxonomy":"product_tag","embeddable":true,"href":"https:\/\/pizbube.ch\/en\/wp-json\/wp\/v2\/product_tag?post=177198"}],"curies":[{"name":"wp","href":"https:\/\/api.w.org\/{rel}","templated":true}]}}