{"id":177230,"date":"2024-11-15T16:26:28","date_gmt":"2024-11-15T15:26:28","guid":{"rendered":"https:\/\/pizbube.ch\/?post_type=product&#038;p=177230"},"modified":"2025-12-11T15:31:02","modified_gmt":"2025-12-11T14:31:02","slug":"climbing-guidebook-leonidio-kyparissi-2025","status":"publish","type":"product","link":"https:\/\/pizbube.ch\/en\/shop\/climbing-guidebook-leonidio-kyparissi-2025\/","title":{"rendered":"Climbing Guidebook Leonidio &amp; Kyparissi 2026"},"content":{"rendered":"<p>The new edition for the climbing mecca in the Peloponnese is out! This edition is essentially a revised version of the 2025 edition, with a few details added to the climbing guide.<\/p>\n<p>Local development continues unabated &#8211; 14 new sectors and 355 new routes have been added compared to the 2022 edition. The current climbing guidebook for Leonidio &amp; Kyparissi &#8211; Edition 2026 now contains an impressive 2673 single-pitch and 49 multi-pitch routes spread over 111 sectors.<\/p>\n<p>The guidebook is very clearly laid out and provides all the necessary information in a compact format. Each sector is preceded by an introductory text and a detailed description of the approach. Further information follows as a tabular overview (number of routes sorted by grade) and in pictogram form (altitude, orientation, wall gradient, access time, parking situation, child-friendliness, GPS coordinates, &#8230;). The topos are laid over color photographs and are very easy to read.<\/p>\n<p>The climbing guide is accompanied by a 72-page brochure containing further information on how to get there, history, climate and local infrastructure, suggestions for break days, local cuisine, accommodation, soft tourism, &#8230; as well as the development of climbing around Leonidio. This division into climbing guidebook + brochure is an interesting idea, which has reduced the size and weight of the guidebook.<\/p>\n<p>With the purchase of this climbing guide you support local, sustainable projects of the Panjika Cooperative as well as the local climbing community, which finances new openings and refurbishments of old climbing routes far beyond the borders of Leonidio.<br \/>\nThank you for staying true to the original and have fun climbing.<\/p>\n<p>512 pages \/ 72 pages<br \/>\nLanguage English<br \/>\nPage Size: 150 x 210 mm<br \/>\nPublisher: Panjika Syn.Pe<br \/>\n6th Edition: 2026<br \/>\nBinding: Paperback (flapped)<br \/>\nIllustrations: Colour photo-topos and action shots<\/p>\n<p>&nbsp;<\/p>\n<p>Die Auflage 2026 f\u00fcr das Klettermekka auf den Peloponnes ist da! Die vorliegende Auflage ist im Grunde eine \u00fcberarbeitete Version der 2025er Auflage, im Kletterf\u00fchrer wurden einige Details erg\u00e4nzt, korrigiert und glattgezogen.<\/p>\n<p>Die Erschlie\u00dfung vor Ort geht unvermindert weiter &#8211; 14 neue Sektoren und 355 neue Routen sind im Vergleich zur Auflage 2022 dazugekommen. Der aktuelle Kletterf\u00fchrer f\u00fcr Leonidio &amp; Kyparissi &#8211; Edition 2026 beinhaltet beeindruckende 2673 Einseill\u00e4ngen- und 49 Mehrseill\u00e4ngenrouten verteilt auf 111 Sektoren.<\/p>\n<p>Der F\u00fchrer ist sehr \u00fcbersichtlich gestaltet und liefert kompakt alle notwendigen Informationen. Jedem Sektor ist ein Einf\u00fchrungstext sowie eine genaue Zustiegsbeschreibung vorangestellt. Weitere Infos folgen als tabellarischer \u00dcberblick (Routenanzahl geordnet nach Grad) sowie in Piktogrammform (Meeresh\u00f6he, Ausrichtung, Wandneigung, Zustiegszeit, Parkplatzsituation, Kinderfreundlichkeit, GPS Koordinaten, &#8230; ). Die Topos sind \u00fcber Farbfotografien gelegt und sehr gut lesbar.<\/p>\n<p>Dem Kletterf\u00fchrer liegt eine 72seitige Brosch\u00fcre bei, welche weiterf\u00fchrende Informationen, u.a. zu Anreise, Geschichte, Klima und Infrastruktur vor Ort, Vorschl\u00e4ge f\u00fcr Pausentage, lokaler K\u00fcche, \u00dcbernachtung, sanften Tourismus, &#8230; sowie die Entwicklung des Klettern rund um Leonidio zusammenfasst. Diese Aufteilung in Kletterf\u00fchrer + Brosch\u00fcre ist eine interessante Idee, so konnten Umfang und Gewicht des Kletterf\u00fchres entsprechend reduziert werden.<\/p>\n<p>Mit dem Erwerb diese Kletterf\u00fchrers unterst\u00fctzt ihr lokale, nachhaltige Projekte der Panjika Cooperative sowie die lokale Klettercommunity, welche Neuerschlie\u00dfungen und Sanierungen alter Kletterrouten weit \u00fcber die Grenze Leonidios hinaus finanziert.<\/p>\n<p>512 Seiten \/ 72 Seiten<br \/>\nSprache Englisch<br \/>\nAuflage 2026<\/p>","protected":false},"excerpt":{"rendered":"<p>The new edition for the climbing mecca in the Peloponnese is out! This edition is essentially a revised version of the 2025 edition, with a few details added to the climbing guide. Local development continues unabated &#8211; 14 new sectors and 355 new routes have been added compared to the 2022 edition. The current climbing [&#8230;]\n","protected":false},"featured_media":182399,"template":"","meta":[],"product_brand":[],"product_cat":[21539],"product_tag":[],"class_list":{"0":"post-177230","1":"product","2":"type-product","3":"status-publish","4":"has-post-thumbnail","6":"product_cat-fuehrerliteratur-sportklettern-bouldern","7":"pa_autor-panjika-cooperative","8":"pa_erscheinungsjahr-27654","9":"pa_region-griechenland","10":"pa_sprache-en","12":"first","13":"instock","14":"taxable","15":"shipping-taxable","16":"purchasable","17":"product-type-simple"},"_links":{"self":[{"href":"https:\/\/pizbube.ch\/en\/wp-json\/wp\/v2\/product\/177230","targetHints":{"allow":["GET"]}}],"collection":[{"href":"https:\/\/pizbube.ch\/en\/wp-json\/wp\/v2\/product"}],"about":[{"href":"https:\/\/pizbube.ch\/en\/wp-json\/wp\/v2\/types\/product"}],"wp:featuredmedia":[{"embeddable":true,"href":"https:\/\/pizbube.ch\/en\/wp-json\/wp\/v2\/media\/182399"}],"wp:attachment":[{"href":"https:\/\/pizbube.ch\/en\/wp-json\/wp\/v2\/media?parent=177230"}],"wp:term":[{"taxonomy":"product_brand","embeddable":true,"href":"https:\/\/pizbube.ch\/en\/wp-json\/wp\/v2\/product_brand?post=177230"},{"taxonomy":"product_cat","embeddable":true,"href":"https:\/\/pizbube.ch\/en\/wp-json\/wp\/v2\/product_cat?post=177230"},{"taxonomy":"product_tag","embeddable":true,"href":"https:\/\/pizbube.ch\/en\/wp-json\/wp\/v2\/product_tag?post=177230"}],"curies":[{"name":"wp","href":"https:\/\/api.w.org\/{rel}","templated":true}]}}