{"id":177289,"date":"2024-11-20T16:50:38","date_gmt":"2024-11-20T15:50:38","guid":{"rendered":"https:\/\/pizbube.ch\/?post_type=product&#038;p=177289"},"modified":"2024-11-20T17:03:00","modified_gmt":"2024-11-20T16:03:00","slug":"die-ultimativen-wanderwege-in-den-alpen-50-legendaere-touren","status":"publish","type":"product","link":"https:\/\/pizbube.ch\/en\/shop\/die-ultimativen-wanderwege-in-den-alpen-50-legendaere-touren\/","title":{"rendered":"Die ultimativen Wanderwege in den Alpen &#8211; 50 legend\u00e4re Touren"},"content":{"rendered":"<p><span class=\"value\">Die Sch\u00f6nheit der Alpen erwandern<br \/>\nErleben Sie unvergessliche Abenteuer und finden die perfekten Routen f\u00fcr die n\u00e4chsten Wanderungen.<\/span><\/p>\n<p>Entdecken Sie die atemberaubende Sch\u00f6nheit der Alpen von Frankreich \u00fcber Deutschland bis nach Slowenien. Tauchen Sie ein in eine Welt voller spektakul\u00e4rer Landschaften und unvergesslicher Abenteuer. Von majest\u00e4tischen Gipfeln bis hin zu idyllischen T\u00e4lern l\u00e4sst sich auf diesen Wegen die Vielfalt der Natur erleben und die frische Bergluft um die Nase wehen lassen. Die Ruhe und Stille der Berge verzaubern jeden.<\/p>\n<p>Tolle Touren mit allen wichtigen Infos, Wegverlauf und Karten<br \/>\n30 wunderbare Wanderrouten mit GPS-Tracks und 20 weitere in Kurzvorstellung<br \/>\nZur Inspiration von der Couch oder zur Planung f\u00fcr die n\u00e4chste Tour.<\/p>\n<p>224 Seiten;<br \/>\n<span class=\"value\">Breite 225 mm, H\u00f6he 271 mm<\/span><br \/>\n1. Auflage 2025<\/p>","protected":false},"excerpt":{"rendered":"<p>Die Sch\u00f6nheit der Alpen erwandern Erleben Sie unvergessliche Abenteuer und finden die perfekten Routen f\u00fcr die n\u00e4chsten Wanderungen. Entdecken Sie die atemberaubende Sch\u00f6nheit der Alpen von Frankreich \u00fcber Deutschland bis nach Slowenien. Tauchen Sie ein in eine Welt voller spektakul\u00e4rer Landschaften und unvergesslicher Abenteuer. Von majest\u00e4tischen Gipfeln bis hin zu idyllischen T\u00e4lern l\u00e4sst sich auf [&#8230;]\n","protected":false},"featured_media":177290,"template":"","meta":[],"product_brand":[],"product_cat":[21542,21605],"product_tag":[],"class_list":{"0":"post-177289","1":"product","2":"type-product","3":"status-publish","4":"has-post-thumbnail","6":"product_cat-sachbuecher-dokumentationen","7":"product_cat-wanderfuehrer-trekking","8":"pa_autor-proettel","9":"pa_erscheinungsjahr-27339","10":"pa_region-deutschland","11":"pa_region-italien","12":"pa_region-oesterreich","13":"pa_region-schweiz","14":"pa_sprache-de","16":"first","17":"instock","18":"taxable","19":"shipping-taxable","20":"purchasable","21":"product-type-simple"},"_links":{"self":[{"href":"https:\/\/pizbube.ch\/en\/wp-json\/wp\/v2\/product\/177289","targetHints":{"allow":["GET"]}}],"collection":[{"href":"https:\/\/pizbube.ch\/en\/wp-json\/wp\/v2\/product"}],"about":[{"href":"https:\/\/pizbube.ch\/en\/wp-json\/wp\/v2\/types\/product"}],"wp:featuredmedia":[{"embeddable":true,"href":"https:\/\/pizbube.ch\/en\/wp-json\/wp\/v2\/media\/177290"}],"wp:attachment":[{"href":"https:\/\/pizbube.ch\/en\/wp-json\/wp\/v2\/media?parent=177289"}],"wp:term":[{"taxonomy":"product_brand","embeddable":true,"href":"https:\/\/pizbube.ch\/en\/wp-json\/wp\/v2\/product_brand?post=177289"},{"taxonomy":"product_cat","embeddable":true,"href":"https:\/\/pizbube.ch\/en\/wp-json\/wp\/v2\/product_cat?post=177289"},{"taxonomy":"product_tag","embeddable":true,"href":"https:\/\/pizbube.ch\/en\/wp-json\/wp\/v2\/product_tag?post=177289"}],"curies":[{"name":"wp","href":"https:\/\/api.w.org\/{rel}","templated":true}]}}