{"id":177301,"date":"2024-11-21T10:00:09","date_gmt":"2024-11-21T09:00:09","guid":{"rendered":"https:\/\/pizbube.ch\/?post_type=product&#038;p=177301"},"modified":"2024-11-21T10:00:09","modified_gmt":"2024-11-21T09:00:09","slug":"muenchner-skitourenberge-100-traumhafte-skitourenziele","status":"publish","type":"product","link":"https:\/\/pizbube.ch\/en\/shop\/muenchner-skitourenberge-100-traumhafte-skitourenziele\/","title":{"rendered":"M\u00fcnchner Skitourenberge &#8211; 100 traumhafte Skitourenziele"},"content":{"rendered":"<p><span class=\"value\">100 Skitouren, die traumhafte Wintererlebnisse versprechen \u2013 der Band \u00bbM\u00fcnchner Skitourenberge\u00ab hat sie alle versammelt. Dieses Buch bietet eine umfassende Auswahl an Skitouren, die sowohl Einsteiger als auch erfahrene Tourengeher begeistert: von entspannten Halbtagestouren bis zu anspruchsvollen Gipfelbesteigungen im Hochwinter und attraktiven Fr\u00fchjahrszielen \u2013 diese 100 Touren decken die gesamte Bandbreite an M\u00f6glichkeiten ab, die die Berge s\u00fcdlich von M\u00fcnchen bieten.<\/span><\/p>\n<p>Die 100 Skitouren erstrecken sich \u00fcber die Gebirgsregionen zwischen Allg\u00e4u und Berchtesgaden sowie von der Silvretta bis zu den Hohen Tauern. Nicht nur Wintersportler aus M\u00fcnchen, sondern ebenso aus Rosenheim, Innsbruck und Salzburg finden hier garantiert ihre perfekte Skitour.<\/p>\n<p>Jede Skitour ist mit einer zuverl\u00e4ssigen Routenbeschreibung, einer Tourenkarte und einem aussagekr\u00e4ftigen Foto mit eingezeichneter Route versehen. Wichtige Angaben zu Lawinengef\u00e4hrdung und Exposition machen die Planung noch sicherer. Gepr\u00fcfte GPS-Tracks stehen zum Download bereit und erleichtern die Orientierung vor Ort. F\u00fcr umweltbewusste Wintersportler gibt es au\u00dferdem praktische Hinweise zu Bus- und Bahnverbindungen.<\/p>\n<p>336 Seiten;<br \/>\n<span class=\"value\">100 Tourenkarten im Ma\u00dfstab 1:50.000 und 1:75.000 sowie eine \u00dcbersichtskarte im Ma\u00dfstab 1:1.000.000<\/span><br \/>\n5., aktualisierte Auflage 2025<\/p>","protected":false},"excerpt":{"rendered":"<p>100 Skitouren, die traumhafte Wintererlebnisse versprechen \u2013 der Band \u00bbM\u00fcnchner Skitourenberge\u00ab hat sie alle versammelt. Dieses Buch bietet eine umfassende Auswahl an Skitouren, die sowohl Einsteiger als auch erfahrene Tourengeher begeistert: von entspannten Halbtagestouren bis zu anspruchsvollen Gipfelbesteigungen im Hochwinter und attraktiven Fr\u00fchjahrszielen \u2013 diese 100 Touren decken die gesamte Bandbreite an M\u00f6glichkeiten ab, die [&#8230;]\n","protected":false},"featured_media":177302,"template":"","meta":[],"product_brand":[],"product_cat":[21540],"product_tag":[],"class_list":{"0":"post-177301","1":"product","2":"type-product","3":"status-publish","4":"has-post-thumbnail","6":"product_cat-fuehrerliteratur-alpin-winter","7":"pa_autor-stadler","8":"pa_erscheinungsjahr-27415","9":"pa_region-deutschland","10":"pa_region-oesterreich","12":"first","13":"instock","14":"taxable","15":"shipping-taxable","16":"purchasable","17":"product-type-simple"},"_links":{"self":[{"href":"https:\/\/pizbube.ch\/en\/wp-json\/wp\/v2\/product\/177301","targetHints":{"allow":["GET"]}}],"collection":[{"href":"https:\/\/pizbube.ch\/en\/wp-json\/wp\/v2\/product"}],"about":[{"href":"https:\/\/pizbube.ch\/en\/wp-json\/wp\/v2\/types\/product"}],"wp:featuredmedia":[{"embeddable":true,"href":"https:\/\/pizbube.ch\/en\/wp-json\/wp\/v2\/media\/177302"}],"wp:attachment":[{"href":"https:\/\/pizbube.ch\/en\/wp-json\/wp\/v2\/media?parent=177301"}],"wp:term":[{"taxonomy":"product_brand","embeddable":true,"href":"https:\/\/pizbube.ch\/en\/wp-json\/wp\/v2\/product_brand?post=177301"},{"taxonomy":"product_cat","embeddable":true,"href":"https:\/\/pizbube.ch\/en\/wp-json\/wp\/v2\/product_cat?post=177301"},{"taxonomy":"product_tag","embeddable":true,"href":"https:\/\/pizbube.ch\/en\/wp-json\/wp\/v2\/product_tag?post=177301"}],"curies":[{"name":"wp","href":"https:\/\/api.w.org\/{rel}","templated":true}]}}