{"id":177375,"date":"2024-11-27T14:51:10","date_gmt":"2024-11-27T13:51:10","guid":{"rendered":"https:\/\/pizbube.ch\/?post_type=product&#038;p=177375"},"modified":"2024-11-27T15:02:29","modified_gmt":"2024-11-27T14:02:29","slug":"grenzen-ueberschreiten-zermatt-cervinia-im-wandel-der-zeit","status":"publish","type":"product","link":"https:\/\/pizbube.ch\/en\/shop\/grenzen-ueberschreiten-zermatt-cervinia-im-wandel-der-zeit\/","title":{"rendered":"GRENZEN \u00dcBERSCHREITEN &#8211; Zermatt Cervinia im Wandel der Zeit"},"content":{"rendered":"<p class=\"p1\">Die mu\u0308ndliche \u00dcberlieferung verstummt. Vorbei die Zeiten, in denen an\u00a0langen Winterabenden im Dorf oder in der Alphu\u0308tte die alten Geschichten\u00a0und Sagen von Generation zu Generation weitererz\u00e4hlt wurden.\u00a0Flu\u0308chtige neue Kommunikationsformen verdr\u00e4ngen die u\u0308berlieferten Erz\u00e4hlungen. Das allgegenw\u00e4rtige Smartphone und seine Applikationen mit ihren uferlosen Informationsstr\u00f6men sind das Mass aller Dinge. Und bald schon beraubt die Ku\u0308nstliche Intelligenz die Menschheit sogar der eigenen Schrift und Sprache. Jahrtausendealte Erz\u00e4hlformen werden sekundenschnell durch einen Algorithmen-Brei aus genormten Allgemeinpl\u00e4tzen ersetzt.<\/p>\n<p class=\"p1\">Der eigene und eigenwillige Umgang mit Sprache bis hinein in die Dialektf\u00e4rbungen ist Vergangenheit. In dieser neuen Sprachenwelt haben die Eigenheiten und Unterschiede zwischen den regional eingef\u00e4rbten Dialekten keinen Platz mehr. Der feine Singsang des Zermatter Dialekts \u2013 bald schon verbannt in die Tonarchive der Mediatheken? Eine unertr\u00e4gliche Vorstellung! Denn mit dem Ende der mu\u0308ndlichen und schriftlichen \u00dcberlieferung stirbt eine ganze Welt mit ihrem Schatz an Erfahrungen, Moralvorstellungen und \u00dcberlebensstrategien. Ohne Oral History und ihre Niederschrift w\u00e4re unsere Zivilisation, w\u00e4re zum Beispiel die Bibel nie entstanden, g\u00e4be es keine Spiritualit\u00e4t. Dieses Buch setzt ein kleines Zeichen gegen das Vergessen und das Verblassen des kollektiven Ged\u00e4chtnisses. Die Erinnerung und das Wissen um das was war, ist Bestandteil unserer Identit\u00e4t und unserer Seele.<\/p>\n<p class=\"p1\">Geschichte und Geschichten rund um den Theodulpass, aufgezeichnet im Zeitalter der Matterhorn Alpine Crossing Bahn. Dieses Buch zieht seine Kreise u\u0308ber Zermatt hinaus nach Cervinia. Es erz\u00e4hlt die Etappen der Erschliessung vom Rhonetal und die Eroberung der Zermatter Bergwelt. Das Buch nennt Menschen hinter den Werken und dem Wirken. Da finden sich eigentliche Trouvaillen aus dem Mikrokosmos Zermatt, aber auch Bekanntes aus anderer, aus neuer Perspektive. So wird Zermatt den Lesenden auf kurzweilige Art noch n\u00e4her gebracht.<\/p>\n<p>230 X 400 mm, 208Seiten<br \/>\n1. Auflage 2024<\/p>","protected":false},"excerpt":{"rendered":"<p>Die mu\u0308ndliche \u00dcberlieferung verstummt. Vorbei die Zeiten, in denen an\u00a0langen Winterabenden im Dorf oder in der Alphu\u0308tte die alten Geschichten\u00a0und Sagen von Generation zu Generation weitererz\u00e4hlt wurden.\u00a0Flu\u0308chtige neue Kommunikationsformen verdr\u00e4ngen die u\u0308berlieferten Erz\u00e4hlungen. Das allgegenw\u00e4rtige Smartphone und seine Applikationen mit ihren uferlosen Informationsstr\u00f6men sind das Mass aller Dinge. Und bald schon beraubt die Ku\u0308nstliche Intelligenz [&#8230;]\n","protected":false},"featured_media":177377,"template":"","meta":[],"product_brand":[],"product_cat":[21542],"product_tag":[],"class_list":{"0":"post-177375","1":"product","2":"type-product","3":"status-publish","4":"has-post-thumbnail","6":"product_cat-sachbuecher-dokumentationen","7":"pa_autor-julen-theler-erpen","8":"pa_erscheinungsjahr-27339","9":"pa_region-italien","10":"pa_region-schweiz","11":"pa_sprache-de","13":"first","14":"instock","15":"taxable","16":"shipping-taxable","17":"purchasable","18":"product-type-simple"},"_links":{"self":[{"href":"https:\/\/pizbube.ch\/en\/wp-json\/wp\/v2\/product\/177375","targetHints":{"allow":["GET"]}}],"collection":[{"href":"https:\/\/pizbube.ch\/en\/wp-json\/wp\/v2\/product"}],"about":[{"href":"https:\/\/pizbube.ch\/en\/wp-json\/wp\/v2\/types\/product"}],"wp:featuredmedia":[{"embeddable":true,"href":"https:\/\/pizbube.ch\/en\/wp-json\/wp\/v2\/media\/177377"}],"wp:attachment":[{"href":"https:\/\/pizbube.ch\/en\/wp-json\/wp\/v2\/media?parent=177375"}],"wp:term":[{"taxonomy":"product_brand","embeddable":true,"href":"https:\/\/pizbube.ch\/en\/wp-json\/wp\/v2\/product_brand?post=177375"},{"taxonomy":"product_cat","embeddable":true,"href":"https:\/\/pizbube.ch\/en\/wp-json\/wp\/v2\/product_cat?post=177375"},{"taxonomy":"product_tag","embeddable":true,"href":"https:\/\/pizbube.ch\/en\/wp-json\/wp\/v2\/product_tag?post=177375"}],"curies":[{"name":"wp","href":"https:\/\/api.w.org\/{rel}","templated":true}]}}