{"id":177379,"date":"2024-11-27T15:18:14","date_gmt":"2024-11-27T14:18:14","guid":{"rendered":"https:\/\/pizbube.ch\/?post_type=product&#038;p=177379"},"modified":"2025-06-10T10:28:42","modified_gmt":"2025-06-10T08:28:42","slug":"das-tal-an-der-grenze","status":"publish","type":"product","link":"https:\/\/pizbube.ch\/en\/shop\/das-tal-an-der-grenze\/","title":{"rendered":"Das Tal an der Grenze"},"content":{"rendered":"<p>Geschichten aus der Geschichte von St. Ant\u00f6nien<\/p>\n<p>Aus der bewegten Geschichte im Grenzland: Z\u00f6llner, Grenzw\u00e4chter, Schmuggler 1945-1950<br \/>\nEin politisch Verfolgter flieht im Herbst 1936 aus der Gestapo-Haft in W\u00fcrzburg und schl\u00e4gt sich in die Schweiz durch. Er wird Pfarrer von St. Ant\u00f6nien.<br \/>\nWas Thomas Mann mit St. Ant\u00f6nien verbindet.<\/p>\n<p>Von einem Montafoner Schmuggler nachts an die Grenze gef\u00fchrt: Die Flucht einer j\u00fcdischen Familie aus Wien 1942 \u00fcber die St. Ant\u00f6nier P\u00e4sse.<br \/>\nDer Kaplan von Gaschurn wird Priester in St. Ant\u00f6nien und f\u00fchrt hier als erste Gemeinde in Graub\u00fcnden die Reformation ein.<br \/>\nArmut und Hunger pr\u00e4gen die Geschichte der Menschen beidseits der P\u00e4sse.<\/p>\n<p>An der Grenze von Leben und Tod: 1947 und 1983 werden Skitoureng\u00e4nger an der genau gleichen Stelle Opfer von Lawinenniederg\u00e4ngen. Zw\u00f6lf Menschen sterben.<\/p>\n<p>1.Auflage 2024<br \/>\nUmfang: 208 Seiten<br \/>\nFormat: 21,50 x 15,20 cm<br \/>\nEinband: gebunden<\/p>","protected":false},"excerpt":{"rendered":"<p>Geschichten aus der Geschichte von St. Ant\u00f6nien Aus der bewegten Geschichte im Grenzland: Z\u00f6llner, Grenzw\u00e4chter, Schmuggler 1945-1950 Ein politisch Verfolgter flieht im Herbst 1936 aus der Gestapo-Haft in W\u00fcrzburg und schl\u00e4gt sich in die Schweiz durch. Er wird Pfarrer von St. Ant\u00f6nien. Was Thomas Mann mit St. Ant\u00f6nien verbindet. Von einem Montafoner Schmuggler nachts an [&#8230;]\n","protected":false},"featured_media":177380,"template":"","meta":[],"product_brand":[],"product_cat":[21542],"product_tag":[],"class_list":{"0":"post-177379","1":"product","2":"type-product","3":"status-publish","4":"has-post-thumbnail","6":"product_cat-sachbuecher-dokumentationen","7":"pa_autor-finze-michaelsen","8":"pa_erscheinungsjahr-27339","9":"pa_region-schweiz","10":"pa_sprache-de","12":"first","13":"instock","14":"taxable","15":"shipping-taxable","16":"purchasable","17":"product-type-simple"},"_links":{"self":[{"href":"https:\/\/pizbube.ch\/en\/wp-json\/wp\/v2\/product\/177379","targetHints":{"allow":["GET"]}}],"collection":[{"href":"https:\/\/pizbube.ch\/en\/wp-json\/wp\/v2\/product"}],"about":[{"href":"https:\/\/pizbube.ch\/en\/wp-json\/wp\/v2\/types\/product"}],"wp:featuredmedia":[{"embeddable":true,"href":"https:\/\/pizbube.ch\/en\/wp-json\/wp\/v2\/media\/177380"}],"wp:attachment":[{"href":"https:\/\/pizbube.ch\/en\/wp-json\/wp\/v2\/media?parent=177379"}],"wp:term":[{"taxonomy":"product_brand","embeddable":true,"href":"https:\/\/pizbube.ch\/en\/wp-json\/wp\/v2\/product_brand?post=177379"},{"taxonomy":"product_cat","embeddable":true,"href":"https:\/\/pizbube.ch\/en\/wp-json\/wp\/v2\/product_cat?post=177379"},{"taxonomy":"product_tag","embeddable":true,"href":"https:\/\/pizbube.ch\/en\/wp-json\/wp\/v2\/product_tag?post=177379"}],"curies":[{"name":"wp","href":"https:\/\/api.w.org\/{rel}","templated":true}]}}