{"id":177478,"date":"2024-12-03T15:24:17","date_gmt":"2024-12-03T14:24:17","guid":{"rendered":"https:\/\/pizbube.ch\/?post_type=product&#038;p=177478"},"modified":"2025-06-05T15:50:20","modified_gmt":"2025-06-05T13:50:20","slug":"via-alta-crio-auf-graten-und-in-eisigen-hoehen-sfiorando-i-ghiacci-a-fil-di-cresta","status":"publish","type":"product","link":"https:\/\/pizbube.ch\/en\/shop\/via-alta-crio-auf-graten-und-in-eisigen-hoehen-sfiorando-i-ghiacci-a-fil-di-cresta\/","title":{"rendered":"Via Alta Crio &#8211; Auf Graten und in eisigen H\u00f6hen \/ Sfiorando i ghiacci a fil di cresta"},"content":{"rendered":"<div class=\"lRu31\" dir=\"ltr\">\n<p id=\"c76522\" class=\"m-headline m-headline--h3 fs-h3\">Zu Fuss auf \u00fcber dreitausend Meter von S\u00fcden nach Norden.<br \/>\nDie Via Alta Crio ist ein faszinierender H\u00f6henweg f\u00fcr erfahrene, gut vorbereitete Alpinwandernde. Sie l\u00e4sst sich am St\u00fcck oder in mehreren Teilstrecken begehen. Eine Reise, die auf knapp zweitausend Meter ihren Anfang nimmt, wilde und abgelegene T\u00e4ler durchquert und auf die h\u00f6chsten Tessiner Gipfel f\u00fchrt: auf nicht weniger als 10 Gipfel \u00fcber dreitausend Meter rund um das Dach des Tessins, das 3402 Meter hohe Rheinwaldhorn.<\/p>\n<p>100&#8217;000 Wandermeter, immer \u00fcber zweitausend Meter (und oft \u00fcber dreitausend Meter), 10&#8217;000 H\u00f6henmeter, 10 \u00dcbernachtungen in H\u00fctten, Schutzh\u00fctten oder Biwaks zwischen wilden Gipfeln. Das sind die Zahlen der Via Alta Crio, die sich durch eine grosse Vielfalt an Landschaften auszeichnet, in denen man unvergessliche Momente erleben kann: weite Bergwiesen, klare Alpenseen, zehn Dreitausender und scharfe Grate, die auf den ersten Blick unbegehbar erscheinen.<\/p>\n<p>Die Crio verbindet zehn Bergh\u00fctten, bleibt stets in der H\u00f6he, um die H\u00f6henunterschiede in Grenzen zu halten, und umfasst Etappen von unterschiedlicher Schwierigkeit und L\u00e4nge. Dank zahlreicher Ein- und Ausstiegsm\u00f6glichkeiten lassen sich die Etappen einzeln begehen oder nach Belieben miteinander verbinden, um sich eine massgeschneiderte Route zusammenzustellen.<\/p>\n<div id=\"ow9\"><\/div>\n<\/div>\n<p>La Via Alta Crio e\u0300 un percorso escursionistico che collega il Bellinzonese (capanna Brogoldone) all\u2019estremo nord del Ticino (Passo del Lucomagno).<br \/>\n10 tappe, 100 km, 12 vette, 10\u2019000 metri di dislivello alla scoperta di una regione alpina emozionante, variegata e allo stesso tempo severa e selvaggia.<br \/>\nLe belle immagini e gli esaustivi testi di questo libro, dove fra le righe non mancano \u00abpennellate\u00bb di storia e cultura, accompagnano l\u2019amante delle montagne, e chi apprezza la natura, in un viaggio straordinario.<br \/>\nUn cammino che parte dalle foreste e dai verdi pascoli per cedere il passo al grigio del granito, alle creste frastagliate, ai laghetti alpini incastonati come gemme nei fianchi delle vette e alle timide chiazze di bianco che evidenziano gli ultimi scampoli di ghiacciai che questo itinerario dal nome legato al freddo sa regalare.<\/p>\n<p>Gli autori del libro hanno percorso piu\u0300 volte le tappe della Via Alta per indicarne il tragitto e le particolarita\u0300 tecniche (tramite cartine, altimetrie, foto aeree corredate di tracciati), ma specialmente per carpire aspetti nascosti e \u00absegreti\u00bb di questi luoghi posizionati lontano dai fondovalle e collegati tra loro da capanne, rifugi e bivacchi.<\/p>\n<p>Lingua: Italiano \/ tedesco<br \/>\nPagine : 272<br \/>\nFotografie : 250<br \/>\nFormato: 32 x 23 cm<\/p>","protected":false},"excerpt":{"rendered":"<p>Zu Fuss auf \u00fcber dreitausend Meter von S\u00fcden nach Norden. Die Via Alta Crio ist ein faszinierender H\u00f6henweg f\u00fcr erfahrene, gut vorbereitete Alpinwandernde. Sie l\u00e4sst sich am St\u00fcck oder in mehreren Teilstrecken begehen. Eine Reise, die auf knapp zweitausend Meter ihren Anfang nimmt, wilde und abgelegene T\u00e4ler durchquert und auf die h\u00f6chsten Tessiner Gipfel f\u00fchrt: [&#8230;]\n","protected":false},"featured_media":177479,"template":"","meta":[],"product_brand":[],"product_cat":[21544,21542,21605],"product_tag":[],"class_list":{"0":"post-177478","1":"product","2":"type-product","3":"status-publish","4":"has-post-thumbnail","6":"product_cat-fuehrerliteratur-alpin-sommer","7":"product_cat-sachbuecher-dokumentationen","8":"product_cat-wanderfuehrer-trekking","9":"pa_autor-fogliani-cindy-volken-marco","10":"pa_erscheinungsjahr-27339","11":"pa_region-schweiz","12":"pa_sprache-de-it","14":"first","15":"instock","16":"taxable","17":"shipping-taxable","18":"purchasable","19":"product-type-simple"},"_links":{"self":[{"href":"https:\/\/pizbube.ch\/en\/wp-json\/wp\/v2\/product\/177478","targetHints":{"allow":["GET"]}}],"collection":[{"href":"https:\/\/pizbube.ch\/en\/wp-json\/wp\/v2\/product"}],"about":[{"href":"https:\/\/pizbube.ch\/en\/wp-json\/wp\/v2\/types\/product"}],"wp:featuredmedia":[{"embeddable":true,"href":"https:\/\/pizbube.ch\/en\/wp-json\/wp\/v2\/media\/177479"}],"wp:attachment":[{"href":"https:\/\/pizbube.ch\/en\/wp-json\/wp\/v2\/media?parent=177478"}],"wp:term":[{"taxonomy":"product_brand","embeddable":true,"href":"https:\/\/pizbube.ch\/en\/wp-json\/wp\/v2\/product_brand?post=177478"},{"taxonomy":"product_cat","embeddable":true,"href":"https:\/\/pizbube.ch\/en\/wp-json\/wp\/v2\/product_cat?post=177478"},{"taxonomy":"product_tag","embeddable":true,"href":"https:\/\/pizbube.ch\/en\/wp-json\/wp\/v2\/product_tag?post=177478"}],"curies":[{"name":"wp","href":"https:\/\/api.w.org\/{rel}","templated":true}]}}