{"id":177560,"date":"2024-12-05T16:54:23","date_gmt":"2024-12-05T15:54:23","guid":{"rendered":"https:\/\/pizbube.ch\/?post_type=product&#038;p=177560"},"modified":"2024-12-07T09:31:23","modified_gmt":"2024-12-07T08:31:23","slug":"avalanches-comprendre-evaluer-et-decider-en-analysant-les-risques","status":"publish","type":"product","link":"https:\/\/pizbube.ch\/en\/shop\/avalanches-comprendre-evaluer-et-decider-en-analysant-les-risques\/","title":{"rendered":"Avalanches &#8211; Comprendre, \u00e9valuer et d\u00e9cider en analysant les risques"},"content":{"rendered":"<p>Toutes les cl\u00e9s pour organiser sa sortie en minimisant les risques<\/p>\n<p>Dans ce guide pratique, r\u00e9dig\u00e9 par de grands experts en avalanches, les amateurs de sports d&#8217;hiver trouveront toutes les informations pour approfondir leurs connaissances concernant la neige et ses m\u00e9tamorphoses. Bas\u00e9 sur une m\u00e9thode d&#8217;\u00e9valuation simple et \u00e9prouv\u00e9e, enrichi d&#8217;\u00e9tudes de cas \u00e9clairantes, ce livre pr\u00e9sente les fondamentaux pour comprendre les avalanches et prendre des d\u00e9cisions en limitant le risque encouru.<\/p>\n<p>Les principes de base et les connaissances des experts sont illustr\u00e9s de mani\u00e8re p\u00e9dagogique et des vid\u00e9os compl\u00e9mentaires sont propos\u00e9es via des QR codes d\u00e9di\u00e9s. La gestion des facteurs humains ainsi que la proc\u00e9dure \u00e0 suivre en cas d&#8217;urgence sont \u00e9galement expliqu\u00e9es.<\/p>\n<p>Un manuel indispensable pour les randonneurs \u00e0 ski, en snowboard et en raquettes \u00e0 neige, ainsi que pour les freeriders de tous niveaux.<\/p>\n<p>Broch\u00e9 17,2 x 23 cm<br \/>\n170 pages<\/p>","protected":false},"excerpt":{"rendered":"<p>Toutes les cl\u00e9s pour organiser sa sortie en minimisant les risques Dans ce guide pratique, r\u00e9dig\u00e9 par de grands experts en avalanches, les amateurs de sports d&#8217;hiver trouveront toutes les informations pour approfondir leurs connaissances concernant la neige et ses m\u00e9tamorphoses. Bas\u00e9 sur une m\u00e9thode d&#8217;\u00e9valuation simple et \u00e9prouv\u00e9e, enrichi d&#8217;\u00e9tudes de cas \u00e9clairantes, ce [&#8230;]\n","protected":false},"featured_media":177561,"template":"","meta":[],"product_brand":[],"product_cat":[21538],"product_tag":[],"class_list":{"0":"post-177560","1":"product","2":"type-product","3":"status-publish","4":"has-post-thumbnail","6":"product_cat-lehrbuecher","7":"pa_autor-harvey-rhyner-schweizer","8":"pa_erscheinungsjahr-27339","9":"pa_region-alpin-winter","10":"pa_sprache-fr","12":"first","13":"instock","14":"taxable","15":"shipping-taxable","16":"purchasable","17":"product-type-simple"},"_links":{"self":[{"href":"https:\/\/pizbube.ch\/en\/wp-json\/wp\/v2\/product\/177560","targetHints":{"allow":["GET"]}}],"collection":[{"href":"https:\/\/pizbube.ch\/en\/wp-json\/wp\/v2\/product"}],"about":[{"href":"https:\/\/pizbube.ch\/en\/wp-json\/wp\/v2\/types\/product"}],"wp:featuredmedia":[{"embeddable":true,"href":"https:\/\/pizbube.ch\/en\/wp-json\/wp\/v2\/media\/177561"}],"wp:attachment":[{"href":"https:\/\/pizbube.ch\/en\/wp-json\/wp\/v2\/media?parent=177560"}],"wp:term":[{"taxonomy":"product_brand","embeddable":true,"href":"https:\/\/pizbube.ch\/en\/wp-json\/wp\/v2\/product_brand?post=177560"},{"taxonomy":"product_cat","embeddable":true,"href":"https:\/\/pizbube.ch\/en\/wp-json\/wp\/v2\/product_cat?post=177560"},{"taxonomy":"product_tag","embeddable":true,"href":"https:\/\/pizbube.ch\/en\/wp-json\/wp\/v2\/product_tag?post=177560"}],"curies":[{"name":"wp","href":"https:\/\/api.w.org\/{rel}","templated":true}]}}