{"id":177572,"date":"2024-12-06T10:00:27","date_gmt":"2024-12-06T09:00:27","guid":{"rendered":"https:\/\/pizbube.ch\/?post_type=product&#038;p=177572"},"modified":"2024-12-06T10:00:27","modified_gmt":"2024-12-06T09:00:27","slug":"die-schoensten-aussichten-les-plus-beaux-points-de-vue","status":"publish","type":"product","link":"https:\/\/pizbube.ch\/en\/shop\/die-schoensten-aussichten-les-plus-beaux-points-de-vue\/","title":{"rendered":"Die sch\u00f6nsten Aussichten &#8211; Les plus beaux points de vue"},"content":{"rendered":"<p>Der etwas andere Reisef\u00fchrer durch die Schweiz vereint Altbekanntes neben neuen Entdeckungen, urbane Orte neben hochalpinen Gipfeln, die man nicht unbedingt nebeneinander in einer Publikation erwarten w\u00fcrde. Baukulturelle Qualit\u00e4t und \u00f6ffentliche Zug\u00e4nglichkeit sowie eine m\u00f6glichst ausgewogene Ber\u00fccksichtigung der Landesregionen und der Erstellungsepoche bilden die Auswahlkriterien f\u00fcr die 50 Aussichtspunkte mit ihren Aussichten. Sie er\u00f6ffnen neue Blickwinkel und lassen die Spuren der Raumplanung, sich ver\u00e4ndernde und intakte Landschaften, Ortsbilder und Baudenkm\u00e4ler eindr\u00fccklich erleben. Die Sammlung erhebt keinen Anspruch auf Vollst\u00e4ndigkeit, zelebriert daf\u00fcr die Vielfalt und zeigt auf, dass Schutz und Erhalt unseres kulturellen Erbes wichtig sind f\u00fcr eine lebenswerte Schweiz. Informative Texte und eigens angefertigte Fotografien stellen die Aussichtspunkte und ihre Aussicht vor und ordnen sie kulturell und historisch ein.<\/p>\n<p>Ce guide d\u2019un autre genre consacr\u00e9 \u00e0 la Suisse r\u00e9unit des sites bien connus et de nouvelles d\u00e9couvertes, des lieux urbains comme des sommets alpins, que l\u2019on ne s\u2019attendrait pas forc\u00e9ment \u00e0 trouver c\u00f4te \u00e0 c\u00f4te dans une m\u00eame publication. La qualit\u00e9 architecturale et l\u2019accessibilit\u00e9 au public, ainsi qu\u2019une prise en compte aussi \u00e9quilibr\u00e9e que possible des diff\u00e9rentes r\u00e9gions du pays et des \u00e9poques de construction, constituent les crit\u00e8res qui ont guid\u00e9 le choix des 50 points de vue et panoramas pr\u00e9sent\u00e9s. Ils ouvrent de nouvelles perspectives, r\u00e9v\u00e9lant de mani\u00e8re frappante les traces laiss\u00e9es par l\u2019am\u00e9nagement du territoire, des paysages transform\u00e9s ou pr\u00e9serv\u00e9s, aux sites construits et monuments. Sans pr\u00e9tendre \u00e0 l\u2019exhaustivit\u00e9, cette s\u00e9lection c\u00e9l\u00e8bre avant tout la diversit\u00e9 et montre combien la protection et la conservation de notre patrimoine culturel sont essentielles pour une Suisse o\u00f9 il fait bon vivre. Des textes informatifs et des photographies sp\u00e9cialement r\u00e9alis\u00e9es pour ce guide pr\u00e9sentent les points de vue et leur panorama, en les repla\u00e7ant dans un contexte culturel et historique.<\/p>\n<p>\u2013 120 reich bebilderte Seiten<br \/>\n\u2013 Format A6<br \/>\n\u2013 Zweisprachig D\/F<\/p>","protected":false},"excerpt":{"rendered":"<p>Der etwas andere Reisef\u00fchrer durch die Schweiz vereint Altbekanntes neben neuen Entdeckungen, urbane Orte neben hochalpinen Gipfeln, die man nicht unbedingt nebeneinander in einer Publikation erwarten w\u00fcrde. Baukulturelle Qualit\u00e4t und \u00f6ffentliche Zug\u00e4nglichkeit sowie eine m\u00f6glichst ausgewogene Ber\u00fccksichtigung der Landesregionen und der Erstellungsepoche bilden die Auswahlkriterien f\u00fcr die 50 Aussichtspunkte mit ihren Aussichten. Sie er\u00f6ffnen neue [&#8230;]\n","protected":false},"featured_media":177573,"template":"","meta":[],"product_brand":[],"product_cat":[21542,21605],"product_tag":[],"class_list":{"0":"post-177572","1":"product","2":"type-product","3":"status-publish","4":"has-post-thumbnail","6":"product_cat-sachbuecher-dokumentationen","7":"product_cat-wanderfuehrer-trekking","8":"pa_autor-schweizer-heimatschutz","9":"pa_erscheinungsjahr-27339","10":"pa_region-schweiz","11":"pa_sprache-de-fr","13":"first","14":"instock","15":"taxable","16":"shipping-taxable","17":"purchasable","18":"product-type-simple"},"_links":{"self":[{"href":"https:\/\/pizbube.ch\/en\/wp-json\/wp\/v2\/product\/177572","targetHints":{"allow":["GET"]}}],"collection":[{"href":"https:\/\/pizbube.ch\/en\/wp-json\/wp\/v2\/product"}],"about":[{"href":"https:\/\/pizbube.ch\/en\/wp-json\/wp\/v2\/types\/product"}],"wp:featuredmedia":[{"embeddable":true,"href":"https:\/\/pizbube.ch\/en\/wp-json\/wp\/v2\/media\/177573"}],"wp:attachment":[{"href":"https:\/\/pizbube.ch\/en\/wp-json\/wp\/v2\/media?parent=177572"}],"wp:term":[{"taxonomy":"product_brand","embeddable":true,"href":"https:\/\/pizbube.ch\/en\/wp-json\/wp\/v2\/product_brand?post=177572"},{"taxonomy":"product_cat","embeddable":true,"href":"https:\/\/pizbube.ch\/en\/wp-json\/wp\/v2\/product_cat?post=177572"},{"taxonomy":"product_tag","embeddable":true,"href":"https:\/\/pizbube.ch\/en\/wp-json\/wp\/v2\/product_tag?post=177572"}],"curies":[{"name":"wp","href":"https:\/\/api.w.org\/{rel}","templated":true}]}}