{"id":177580,"date":"2024-12-06T12:24:47","date_gmt":"2024-12-06T11:24:47","guid":{"rendered":"https:\/\/pizbube.ch\/?post_type=product&#038;p=177580"},"modified":"2024-12-06T12:24:47","modified_gmt":"2024-12-06T11:24:47","slug":"bernina-gletscher-wo-sich-himmel-und-eis-beruehren","status":"publish","type":"product","link":"https:\/\/pizbube.ch\/en\/shop\/bernina-gletscher-wo-sich-himmel-und-eis-beruehren\/","title":{"rendered":"Bernina-Gletscher: wo sich Himmel und Eis Ber\u00fchren"},"content":{"rendered":"<p>Gletscher pr\u00e4gen die Landschaft um den Piz Bernina, einziger Viertausender der Ostalpen. Die Vielfalt der Bernina-Gletscher reicht vom kilometerlangen Eisstrom bis hin zum schuttbedeckten Winzling. Nur den Gletscher mit dem Namen Bernina gibt es nicht mehr. Als m\u00e4chtiger Eiszeitgletscher bedeckte er einst die Berninaregion und formte die Landschaft.<\/p>\n<p>Heute lassen die steigenden Temperaturen die Gletscher im Rekordtempo schmelzen. Dies ver\u00e4ndert die Landschaft: Loses Ger\u00f6ll, blanker Fels und zahlreiche Seen treten an die Stelle von Gletschereis.<\/p>\n<p>Viele attraktive Luftbilder, aktuelle Fotos von der Gletscherfront und anschauliche Grafiken zeigen, wie sich die Bernina-Gletscher ver\u00e4ndern, wie die Landschaft im Jahre 2100 aussehen k\u00f6nnte und mit welchen Konsequenzen wir rechnen m\u00fcssen.<\/p>\n<p>Kartoniert, <span class=\"value\">251 Seiten<\/span><\/p>","protected":false},"excerpt":{"rendered":"<p>Gletscher pr\u00e4gen die Landschaft um den Piz Bernina, einziger Viertausender der Ostalpen. Die Vielfalt der Bernina-Gletscher reicht vom kilometerlangen Eisstrom bis hin zum schuttbedeckten Winzling. Nur den Gletscher mit dem Namen Bernina gibt es nicht mehr. Als m\u00e4chtiger Eiszeitgletscher bedeckte er einst die Berninaregion und formte die Landschaft. Heute lassen die steigenden Temperaturen die Gletscher [&#8230;]\n","protected":false},"featured_media":177581,"template":"","meta":[],"product_brand":[],"product_cat":[21538,21542],"product_tag":[27516],"class_list":{"0":"post-177580","1":"product","2":"type-product","3":"status-publish","4":"has-post-thumbnail","6":"product_cat-lehrbuecher","7":"product_cat-sachbuecher-dokumentationen","8":"product_tag-berninagletscher","9":"pa_autor-levy","10":"pa_erscheinungsjahr-21546","11":"pa_region-fauna-flora-geologie-glaziologie","12":"pa_region-schweiz","13":"pa_sprache-de","15":"first","16":"instock","17":"taxable","18":"shipping-taxable","19":"purchasable","20":"product-type-simple"},"_links":{"self":[{"href":"https:\/\/pizbube.ch\/en\/wp-json\/wp\/v2\/product\/177580","targetHints":{"allow":["GET"]}}],"collection":[{"href":"https:\/\/pizbube.ch\/en\/wp-json\/wp\/v2\/product"}],"about":[{"href":"https:\/\/pizbube.ch\/en\/wp-json\/wp\/v2\/types\/product"}],"wp:featuredmedia":[{"embeddable":true,"href":"https:\/\/pizbube.ch\/en\/wp-json\/wp\/v2\/media\/177581"}],"wp:attachment":[{"href":"https:\/\/pizbube.ch\/en\/wp-json\/wp\/v2\/media?parent=177580"}],"wp:term":[{"taxonomy":"product_brand","embeddable":true,"href":"https:\/\/pizbube.ch\/en\/wp-json\/wp\/v2\/product_brand?post=177580"},{"taxonomy":"product_cat","embeddable":true,"href":"https:\/\/pizbube.ch\/en\/wp-json\/wp\/v2\/product_cat?post=177580"},{"taxonomy":"product_tag","embeddable":true,"href":"https:\/\/pizbube.ch\/en\/wp-json\/wp\/v2\/product_tag?post=177580"}],"curies":[{"name":"wp","href":"https:\/\/api.w.org\/{rel}","templated":true}]}}