{"id":177584,"date":"2024-12-06T12:59:10","date_gmt":"2024-12-06T11:59:10","guid":{"rendered":"https:\/\/pizbube.ch\/?post_type=product&#038;p=177584"},"modified":"2024-12-06T14:47:37","modified_gmt":"2024-12-06T13:47:37","slug":"rifugi-e-capanne-del-ticino","status":"publish","type":"product","link":"https:\/\/pizbube.ch\/en\/shop\/rifugi-e-capanne-del-ticino\/","title":{"rendered":"Rifugi e capanne del Ticino"},"content":{"rendered":"<p>22 tra le pi\u00f9 belle capanne e rifugi del Ticino. Rifugio e capanna sono parole che ormai fanno parte del vocabolario di escursionisti ed alpinisti ma raramente, oggi, ci si sofferma a pensare al vero significato di queste costruzioni. L&#8217;origine del rifugio \u00e8 generalmente fatta risalire al 1785, quando venne costruita la capanna Vincent sul versante meridionale del Monte Rosa come punto di appoggio per lo sfruttamento delle vicine miniere d&#8217;oro. Le radici della parola \u0093rifugio\u0094 fanno parte di un contesto culturale molto diverso da quello che si ha oggi e la storia \u00e8 piena di esempi che ne danno la conferma. Oggi le Alpi e in particolar modo le sue vette esercitano una incredibile attrattiva su un numero sempre maggiore di persone.<\/p>\n<p>Questo libro, primo di una nuova collana, \u00e8 nato con lo scopo di presentare fotograficamente le capanne e i rifugi pi\u00f9 belli del Ticino. Ogni luogo di ristoro viene presentato con diverse fotografie per dare modo all&#8217;amante della montagna di avere un&#8217;idea pi\u00f9 reale della bellezza che il Ticino delle montagne possiede. La scelta di queste costruzioni \u00e8 basata unicamente su un mio modo di vedere e concepire il rifugio e la capanna. Un&#8217;opinione personale che dopo tantissimi anni di escursioni e trekking in Ticino mi permette di avere una visione molto ampia di tutto ci\u00f2 che ruota attorno alle nostre montagne. La scelta, naturalmente, \u00e8 stata difficile vista la gran quantit\u00e0 di costruzioni sparse lungo tutto il Ticino, ma se la serie di volume dovesse continuare ecco che non sar\u00e0 dimenticata nessuna di queste a patto che sia meritevole di pubblicazione.<\/p>\n<p><span class=\"s4\">La capanna del Campo Tencia<\/span> <span class=\"s4\">\u00e8 la pi\u00f9 antica del Ticino costruita per agevolare la salita della pi\u00f9 alta montagna interamente su suolo ticinese. \u201cSi \u00e8 tutti amici lass\u00f9<\/span><span class=\"s4\">. Ma l\u2019amico prediletto \u00e8 lui, il Rifugio\u201c.<\/span> <span class=\"s4\">Cos\u00ed scriveva un anonimo cronista nell\u2019estate del 1912 per l\u2019inaugurazione della capanna Campo Tencia. <\/span><span class=\"s4\">Essa, venne infatti <\/span><span class=\"s4\">costruita ai piedi del pizzo omonimo<\/span><span class=\"s4\">, sul versante leventinese e pi\u00f9<\/span><span class=\"s4\"> precisamente in alta Val Piumogna.<\/span><span class=\"s4\"> Oggi esistono pi\u00f9 di 150 capanne e rifugi in Ticino e ognuna di essi ha una storia da raccontare. In questo primo volume ne abbiamo presentati 22 tra i pi\u00f9 belli, riccamente illustrati con fotografie che ne rispecchiano la bellezza con un\u2019ampia descrizione su tutto ci\u00f2 che li caratterizza. Lo scopo \u00e8 quello di far scoprire a tutti coloro che amano la montagna che il Ticino offre possibilit\u00e0 pressoch\u00e9 infinite di escursioni, passeggiate e trekking di rara bellezza. Scoprire queste capanne e rifugi sar\u00e0 un\u2019esperienza indimenticabile!<\/span><\/p>\n<p>\u201cDichiaro nemico della natura chiunque non considera le alte montagne degne di esser contemplate a lungo\u201d. Siamo nel 1541, chi parla cos\u00ec \u00e8 uno zurighese, Thomas Gesner, padre della letteratura alpina e pioniere dell\u2019esplorazione delle montagne. La sua Descriptio montis Pilati, comparsa a Zurigo nel 1555 \u00e8 un\u2019ardente dichiarazione d\u2019amore per le montagne: \u201cC\u2019\u00e8 forse un senso che in montagna non trovi la sua soddisfazione? Quanto al tatto, il corpo affranto dal caldo si rianima tutto a contatto con l\u2019aria fresca respirata a pieni polmoni. La vista trova un incanto straordinario nello spettacolo meraviglioso dei monti, delle creste, delle valli e degli altri oggetti il cui disegno, grandezza e altezza ci stupiscono. L\u2019udito si compiace nel silenzio stesso della solitudine. Sentiamo soavi profumi. Quanto al gusto, gi\u00e0 ho detto il vivo godimento che si prova bevendo l\u2019acqua fresca, che in montagna \u00e8 pi\u00f9 pura e migliore\u201d.<\/p>\n<p>192 pagine, 24x30cm<\/p>","protected":false},"excerpt":{"rendered":"<p>22 tra le pi\u00f9 belle capanne e rifugi del Ticino. Rifugio e capanna sono parole che ormai fanno parte del vocabolario di escursionisti ed alpinisti ma raramente, oggi, ci si sofferma a pensare al vero significato di queste costruzioni. L&#8217;origine del rifugio \u00e8 generalmente fatta risalire al 1785, quando venne costruita la capanna Vincent sul [&#8230;]\n","protected":false},"featured_media":177585,"template":"","meta":[],"product_brand":[],"product_cat":[22143,21542],"product_tag":[],"class_list":{"0":"post-177584","1":"product","2":"type-product","3":"status-publish","4":"has-post-thumbnail","6":"product_cat-huettenverzeichnisse-hotelfuehrer","7":"product_cat-sachbuecher-dokumentationen","8":"pa_autor-bettosini","9":"pa_erscheinungsjahr-21591","10":"pa_region-schweiz","11":"pa_sprache-it","13":"first","14":"instock","15":"taxable","16":"shipping-taxable","17":"purchasable","18":"product-type-simple"},"_links":{"self":[{"href":"https:\/\/pizbube.ch\/en\/wp-json\/wp\/v2\/product\/177584","targetHints":{"allow":["GET"]}}],"collection":[{"href":"https:\/\/pizbube.ch\/en\/wp-json\/wp\/v2\/product"}],"about":[{"href":"https:\/\/pizbube.ch\/en\/wp-json\/wp\/v2\/types\/product"}],"wp:featuredmedia":[{"embeddable":true,"href":"https:\/\/pizbube.ch\/en\/wp-json\/wp\/v2\/media\/177585"}],"wp:attachment":[{"href":"https:\/\/pizbube.ch\/en\/wp-json\/wp\/v2\/media?parent=177584"}],"wp:term":[{"taxonomy":"product_brand","embeddable":true,"href":"https:\/\/pizbube.ch\/en\/wp-json\/wp\/v2\/product_brand?post=177584"},{"taxonomy":"product_cat","embeddable":true,"href":"https:\/\/pizbube.ch\/en\/wp-json\/wp\/v2\/product_cat?post=177584"},{"taxonomy":"product_tag","embeddable":true,"href":"https:\/\/pizbube.ch\/en\/wp-json\/wp\/v2\/product_tag?post=177584"}],"curies":[{"name":"wp","href":"https:\/\/api.w.org\/{rel}","templated":true}]}}