{"id":177700,"date":"2024-12-14T13:40:05","date_gmt":"2024-12-14T12:40:05","guid":{"rendered":"https:\/\/pizbube.ch\/?post_type=product&#038;p=177700"},"modified":"2024-12-14T13:40:31","modified_gmt":"2024-12-14T12:40:31","slug":"schnee-und-eis-eine-entdeckungsreise-zu-gefrorenen-welten","status":"publish","type":"product","link":"https:\/\/pizbube.ch\/en\/shop\/schnee-und-eis-eine-entdeckungsreise-zu-gefrorenen-welten\/","title":{"rendered":"Schnee und Eis &#8211; Eine Entdeckungsreise zu gefrorenen Welten"},"content":{"rendered":"<p>Schnee und Eis kennen wir von winterlichen Landschaften, firnbedeckten Gebirgen und faszinierenden Gletschern. Schnee und Eis sind aber auch wichtige Bestandteile des Wasserkreislaufs der Erde, der f\u00fcr das Leben unverzichtbar ist. Als Folge steigender Temperaturen verschwindet die wei\u00dfe Pracht zwar zunehmend aus unserer allt\u00e4glichen Erfahrungswelt, gewinnt aber gleichzeitig an Exotik und Anziehungskraft. Es ist eine geheimnisvolle Welt an Naturwundern, in der es viel zu entdecken gibt.<\/p>\n<p>J\u00fcrg Alean und Michael Hambrey erl\u00e4utern mit reichem Bildmaterial die Sch\u00f6nheit und Vielfalt der verschiedenen Erscheinungsformen gefrorenen Wassers.<\/p>\n<ul>\n<li>Das gro\u00dfe Buch \u00fcber die Welt des gefrorenen Wassers \u2013 voller faszinierender Fotos.<\/li>\n<li>Warum wir in Zeiten des Klimawandels mehr \u00fcber Schnee und Eis wissen sollten.<\/li>\n<\/ul>\n<p>1. Auflage 2024<br \/>\n208 Seiten Seiten, rund 230 Fotos und Abbildungen<br \/>\nHardcover, 23,5 x 26 cm, 1110 g<\/p>","protected":false},"excerpt":{"rendered":"<p>Schnee und Eis kennen wir von winterlichen Landschaften, firnbedeckten Gebirgen und faszinierenden Gletschern. Schnee und Eis sind aber auch wichtige Bestandteile des Wasserkreislaufs der Erde, der f\u00fcr das Leben unverzichtbar ist. Als Folge steigender Temperaturen verschwindet die wei\u00dfe Pracht zwar zunehmend aus unserer allt\u00e4glichen Erfahrungswelt, gewinnt aber gleichzeitig an Exotik und Anziehungskraft. Es ist eine [&#8230;]\n","protected":false},"featured_media":177701,"template":"","meta":[],"product_brand":[],"product_cat":[21542],"product_tag":[],"class_list":{"0":"post-177700","1":"product","2":"type-product","3":"status-publish","4":"has-post-thumbnail","6":"product_cat-sachbuecher-dokumentationen","7":"pa_autor-alean-juerg-hambrey-michael","8":"pa_erscheinungsjahr-27339","9":"pa_region-schweiz","10":"pa_sprache-de","12":"first","13":"instock","14":"taxable","15":"shipping-taxable","16":"purchasable","17":"product-type-simple"},"_links":{"self":[{"href":"https:\/\/pizbube.ch\/en\/wp-json\/wp\/v2\/product\/177700","targetHints":{"allow":["GET"]}}],"collection":[{"href":"https:\/\/pizbube.ch\/en\/wp-json\/wp\/v2\/product"}],"about":[{"href":"https:\/\/pizbube.ch\/en\/wp-json\/wp\/v2\/types\/product"}],"wp:featuredmedia":[{"embeddable":true,"href":"https:\/\/pizbube.ch\/en\/wp-json\/wp\/v2\/media\/177701"}],"wp:attachment":[{"href":"https:\/\/pizbube.ch\/en\/wp-json\/wp\/v2\/media?parent=177700"}],"wp:term":[{"taxonomy":"product_brand","embeddable":true,"href":"https:\/\/pizbube.ch\/en\/wp-json\/wp\/v2\/product_brand?post=177700"},{"taxonomy":"product_cat","embeddable":true,"href":"https:\/\/pizbube.ch\/en\/wp-json\/wp\/v2\/product_cat?post=177700"},{"taxonomy":"product_tag","embeddable":true,"href":"https:\/\/pizbube.ch\/en\/wp-json\/wp\/v2\/product_tag?post=177700"}],"curies":[{"name":"wp","href":"https:\/\/api.w.org\/{rel}","templated":true}]}}