{"id":177762,"date":"2024-12-19T09:59:13","date_gmt":"2024-12-19T08:59:13","guid":{"rendered":"https:\/\/pizbube.ch\/?post_type=product&#038;p=177762"},"modified":"2024-12-19T09:59:13","modified_gmt":"2024-12-19T08:59:13","slug":"excursions-ascensions-himalaya","status":"publish","type":"product","link":"https:\/\/pizbube.ch\/en\/shop\/excursions-ascensions-himalaya\/","title":{"rendered":"Excursions &amp; Ascensions Himalaya"},"content":{"rendered":"<p><span class=\"value\">Ladakh &#8211; Himachal Pradesh &#8211; Uttarakhand &#8211; Le Khumbu (Everest) &#8211; Annapurna &#8211; Histoire<\/span><\/p>\n<p>Lorsque l&#8217;on \u00e9voque l&#8217;Himalaya on pense souvent au N\u00e9pal \u00e0 cause de l&#8217;Everest et aux Annapurnas. Les gens connaissant un peu mieux les lieux pensent aussi \u00e0 l&#8217;Inde car le Ladakh est de plus en plus visit\u00e9. Pourtant la plus haute cha\u00eene de montagne du monde, qui se d\u00e9ploie sur 2400km (soit deux fois la longueur des Alpes), est partag\u00e9e par cinq pays qui cultivent bien trop souvent une m\u00e9fiance r\u00e9ciproque. Ainsi, avec un Pakistan qui inqui\u00e8te, un Bhoutan hors de prix, et une Chine faisant preuve d&#8217;un z\u00e8le administratif d\u00e9courageant, les possibilit\u00e9s sont alors d\u00e9j\u00e0 bien r\u00e9duites, malheureusement. R\u00e9sultat sans appel: les livres francophones traitant de cette cha\u00eene de montagne se concentrent donc sur le N\u00e9pal et le Ladakh. Et c&#8217;est aussi le cas de celui-ci.<\/p>\n<p>Ainsi concernant le N\u00e9pal je propose une description du tour des Annapurna, du trek des 3 cols dans la r\u00e9gion de l&#8217;Everest, ainsi que d&#8217;autres informations sur les treks classiques du pays. Et j&#8217;ai plut\u00f4t cherch\u00e9 \u00e0 mettre en valeur l&#8217;Inde, un pays qui offre bien plus de possibilit\u00e9s de treks que le N\u00e9pal.<\/p>\n<p>On trouvera donc pas mal d&#8217;id\u00e9es de randos dans l&#8217;aride Ladakh, tout au nord du pays, avec des descriptions de treks parfois originaux et des ascensions &#8218;de 6000m&#8216; r\u00e9guli\u00e8rement par- courus (Stok Kangri, Kang Yatse, Chhamser Kangri).. Mais j&#8217;ai aussi essay\u00e9 de ne pas excessivement me focaliser sur cette prenante r\u00e9gion du Ladakh, une r\u00e9gion qui pourrait pourtant, \u00e0 elle seule, occuper la bonne partie d&#8217;une vie!<\/p>\n<p>Voici donc un ouvrage pour trouver des id\u00e9es de sorties avec les informations pratiques dont on a besoin lorsque l&#8217;on pr\u00e9pare (seul ou non) une escapade de plusieurs jours \u00e0 travers ce terrain plut\u00f4t hostile. A savoir: acc\u00e8s, administratif, technicit\u00e9 du parcours, spots \u00e0 bivouac, petits d\u00e9tours sur des belv\u00e9d\u00e8res dominant les cols&#8230;<\/p>\n<p>274 pages, 2023<\/p>","protected":false},"excerpt":{"rendered":"<p>Ladakh &#8211; Himachal Pradesh &#8211; Uttarakhand &#8211; Le Khumbu (Everest) &#8211; Annapurna &#8211; Histoire Lorsque l&#8217;on \u00e9voque l&#8217;Himalaya on pense souvent au N\u00e9pal \u00e0 cause de l&#8217;Everest et aux Annapurnas. Les gens connaissant un peu mieux les lieux pensent aussi \u00e0 l&#8217;Inde car le Ladakh est de plus en plus visit\u00e9. Pourtant la plus haute [&#8230;]\n","protected":false},"featured_media":177763,"template":"","meta":[],"product_brand":[],"product_cat":[21544,21605],"product_tag":[],"class_list":{"0":"post-177762","1":"product","2":"type-product","3":"status-publish","4":"has-post-thumbnail","6":"product_cat-fuehrerliteratur-alpin-sommer","7":"product_cat-wanderfuehrer-trekking","8":"pa_autor-lebrue","9":"pa_erscheinungsjahr-27129","10":"pa_region-asien","11":"pa_sprache-fr","13":"first","14":"instock","15":"taxable","16":"shipping-taxable","17":"purchasable","18":"product-type-simple"},"_links":{"self":[{"href":"https:\/\/pizbube.ch\/en\/wp-json\/wp\/v2\/product\/177762","targetHints":{"allow":["GET"]}}],"collection":[{"href":"https:\/\/pizbube.ch\/en\/wp-json\/wp\/v2\/product"}],"about":[{"href":"https:\/\/pizbube.ch\/en\/wp-json\/wp\/v2\/types\/product"}],"wp:featuredmedia":[{"embeddable":true,"href":"https:\/\/pizbube.ch\/en\/wp-json\/wp\/v2\/media\/177763"}],"wp:attachment":[{"href":"https:\/\/pizbube.ch\/en\/wp-json\/wp\/v2\/media?parent=177762"}],"wp:term":[{"taxonomy":"product_brand","embeddable":true,"href":"https:\/\/pizbube.ch\/en\/wp-json\/wp\/v2\/product_brand?post=177762"},{"taxonomy":"product_cat","embeddable":true,"href":"https:\/\/pizbube.ch\/en\/wp-json\/wp\/v2\/product_cat?post=177762"},{"taxonomy":"product_tag","embeddable":true,"href":"https:\/\/pizbube.ch\/en\/wp-json\/wp\/v2\/product_tag?post=177762"}],"curies":[{"name":"wp","href":"https:\/\/api.w.org\/{rel}","templated":true}]}}