{"id":177780,"date":"2024-12-19T14:38:48","date_gmt":"2024-12-19T13:38:48","guid":{"rendered":"https:\/\/pizbube.ch\/?post_type=product&#038;p=177780"},"modified":"2024-12-19T14:59:19","modified_gmt":"2024-12-19T13:59:19","slug":"pennavalley-trek","status":"publish","type":"product","link":"https:\/\/pizbube.ch\/en\/shop\/pennavalley-trek\/","title":{"rendered":"PENNAVALLEY Trek"},"content":{"rendered":"<p>Un trekking in 4 tappe e 17 itinerari<\/p>\n<p>Negli anfratti delle rocce, tra le pietre di antiche costruzioni, lungo il corso superficiale e sotterraneo delle acque, negli sterminati boschi, la Val Pennavaire nasconde una storia millenaria, e la tiene orgogliosamente celata ai pi\u00f9. La racconta, disvelandola adagio, solo a chi decide di percorrerla con rispetto, a passo lento, captandone la sommessa voce con riguardoso silenzio.<\/p>\n<p>Una storia intessuta di colossali vicende geologiche, di primi abitanti preistorici che la scelsero come sicura dimora, di eserciti e signorie, di popolazioni che trovarono il modo di vivere in simbiosi con essa, di convivenza di estremi. S\u00ec, perch\u00e9 non sar\u00e0 facile trovare un territorio dove l\u2019antitesi trova una sintesi: la marmotta scava le proprie tane a pochi chilometri di distanza da piantagioni d\u2019ulivo, stelle alpine e lavanda condividono il medesimo prato, un torrente che nasce in Piemonte si getta nel Mar Ligure, il timo e la sassifraga a foglie opposite (specie che alberga in Groenlandia!) sono coinquilini della medesima fessura rocciosa.<\/p>\n<p>Questa guida ha l\u2019ambizione di condurci alla scoperta di un luogo straordinario, dove la natura selvaggia e l\u2019antica cultura si fondono per creare un\u2019esperienza unica, da vivere percorrendo sentieri antichi, da riscoprire con un cammino attento e rispettoso. Grotte abitate dall\u2019uomo preistorico, cascate, panoramiche cime montuose, antichi abitati, tradizioni ataviche, una flora e una fauna stupefacente, antiche fortificazioni, lunghe cavalcate su e gi\u00f9 per aperti crinali, boschi magici, antichi luoghi sacri ci attendono, per svelarci i loro misteri.<\/p>\n<p>Prima ediz. 2024;<br \/>\n232 pagine<\/p>","protected":false},"excerpt":{"rendered":"<p>Un trekking in 4 tappe e 17 itinerari Negli anfratti delle rocce, tra le pietre di antiche costruzioni, lungo il corso superficiale e sotterraneo delle acque, negli sterminati boschi, la Val Pennavaire nasconde una storia millenaria, e la tiene orgogliosamente celata ai pi\u00f9. La racconta, disvelandola adagio, solo a chi decide di percorrerla con rispetto, [&#8230;]\n","protected":false},"featured_media":177781,"template":"","meta":[],"product_brand":[],"product_cat":[21605],"product_tag":[],"class_list":{"0":"post-177780","1":"product","2":"type-product","3":"status-publish","4":"has-post-thumbnail","6":"product_cat-wanderfuehrer-trekking","7":"pa_autor-giovanni-amerio","8":"pa_erscheinungsjahr-27339","9":"pa_region-italien","10":"pa_sprache-it","12":"first","13":"instock","14":"taxable","15":"shipping-taxable","16":"purchasable","17":"product-type-simple"},"_links":{"self":[{"href":"https:\/\/pizbube.ch\/en\/wp-json\/wp\/v2\/product\/177780","targetHints":{"allow":["GET"]}}],"collection":[{"href":"https:\/\/pizbube.ch\/en\/wp-json\/wp\/v2\/product"}],"about":[{"href":"https:\/\/pizbube.ch\/en\/wp-json\/wp\/v2\/types\/product"}],"wp:featuredmedia":[{"embeddable":true,"href":"https:\/\/pizbube.ch\/en\/wp-json\/wp\/v2\/media\/177781"}],"wp:attachment":[{"href":"https:\/\/pizbube.ch\/en\/wp-json\/wp\/v2\/media?parent=177780"}],"wp:term":[{"taxonomy":"product_brand","embeddable":true,"href":"https:\/\/pizbube.ch\/en\/wp-json\/wp\/v2\/product_brand?post=177780"},{"taxonomy":"product_cat","embeddable":true,"href":"https:\/\/pizbube.ch\/en\/wp-json\/wp\/v2\/product_cat?post=177780"},{"taxonomy":"product_tag","embeddable":true,"href":"https:\/\/pizbube.ch\/en\/wp-json\/wp\/v2\/product_tag?post=177780"}],"curies":[{"name":"wp","href":"https:\/\/api.w.org\/{rel}","templated":true}]}}