{"id":177791,"date":"2024-12-19T15:20:56","date_gmt":"2024-12-19T14:20:56","guid":{"rendered":"https:\/\/pizbube.ch\/?post_type=product&#038;p=177791"},"modified":"2026-03-13T11:24:20","modified_gmt":"2026-03-13T10:24:20","slug":"ghiaccio-verticale-vol-2","status":"publish","type":"product","link":"https:\/\/pizbube.ch\/en\/shop\/ghiaccio-verticale-vol-2\/","title":{"rendered":"GHIACCIO VERTICALE Vol. 2"},"content":{"rendered":"<p><span class=\"value\">Prealpi Venete, Dolomiti del Trentino e dell\u2019Alto Adige<\/span><\/p>\n<p><span class=\"value\">Dopo 30 anni dalla prima pubblicazione, presentiamo la quarta edizione di una guida che viene definita dagli appassionati la Bibbia per quanto riguarda l\u2019arrampicata sulle cascate di ghiaccio del Nord-Est italiano.<\/span><\/p>\n<p><span class=\"value\">Il mondo delle cascate negli ultimi 30 anni ha ricevuto una vera rivoluzione. Malgrado si tratti di ambienti severi, dove spesso regna il freddo pi\u00f9 intenso, proprio nei momenti in cui ci sarebbe pi\u00f9 bisogno di sole e calore, un numero sempre pi\u00f9 nutrito di appassionati arrampicatori si dedica a scalare le cascate di ghiaccio.<\/span><\/p>\n<p><span class=\"value\">Negli ultimi decenni, anche a causa dei cambiamenti climatici che naturalmente incidono in modo importante sulla formazione del ghiaccio, gli alpinisti, soprattutto quelli di punta, sono passati dalla pura scalata su ghiaccio a quella sulle pareti di roccia, andando a collegare sempre pi\u00f9 esigue colate gelate.<\/span><\/p>\n<p><span class=\"value\">Un\u2019attivit\u00e0 in grande evoluzione, quindi, che ogni anno vede nuove aperture di linee fino a pochi anni fa impensabili.<\/span><\/p>\n<p><span class=\"value\">Questa guida vuole cos\u00ec fermare per un attimo il tempo e fare il punto della situazione attuale con la recensione di 508 vie di ghiaccio e misto. Lo fa partendo dal cuore delle Dolomiti, in un progetto che riguarda l\u2019intera area italiana di Nord-Est.<\/span><\/p>\n<p>quarta ediz. 2024;<br \/>\n352 pagine<\/p>","protected":false},"excerpt":{"rendered":"<p>Prealpi Venete, Dolomiti del Trentino e dell\u2019Alto Adige Dopo 30 anni dalla prima pubblicazione, presentiamo la quarta edizione di una guida che viene definita dagli appassionati la Bibbia per quanto riguarda l\u2019arrampicata sulle cascate di ghiaccio del Nord-Est italiano. Il mondo delle cascate negli ultimi 30 anni ha ricevuto una vera rivoluzione. Malgrado si tratti [&#8230;]\n","protected":false},"featured_media":177792,"template":"","meta":[],"product_brand":[],"product_cat":[21540],"product_tag":[27523],"class_list":{"0":"post-177791","1":"product","2":"type-product","3":"status-publish","4":"has-post-thumbnail","6":"product_cat-fuehrerliteratur-alpin-winter","7":"product_tag-ghiaccio-verticale-2","8":"pa_autor-cappellari","9":"pa_erscheinungsjahr-27339","10":"pa_region-italien","11":"pa_sprache-it","13":"first","14":"instock","15":"taxable","16":"shipping-taxable","17":"purchasable","18":"product-type-simple"},"_links":{"self":[{"href":"https:\/\/pizbube.ch\/en\/wp-json\/wp\/v2\/product\/177791","targetHints":{"allow":["GET"]}}],"collection":[{"href":"https:\/\/pizbube.ch\/en\/wp-json\/wp\/v2\/product"}],"about":[{"href":"https:\/\/pizbube.ch\/en\/wp-json\/wp\/v2\/types\/product"}],"wp:featuredmedia":[{"embeddable":true,"href":"https:\/\/pizbube.ch\/en\/wp-json\/wp\/v2\/media\/177792"}],"wp:attachment":[{"href":"https:\/\/pizbube.ch\/en\/wp-json\/wp\/v2\/media?parent=177791"}],"wp:term":[{"taxonomy":"product_brand","embeddable":true,"href":"https:\/\/pizbube.ch\/en\/wp-json\/wp\/v2\/product_brand?post=177791"},{"taxonomy":"product_cat","embeddable":true,"href":"https:\/\/pizbube.ch\/en\/wp-json\/wp\/v2\/product_cat?post=177791"},{"taxonomy":"product_tag","embeddable":true,"href":"https:\/\/pizbube.ch\/en\/wp-json\/wp\/v2\/product_tag?post=177791"}],"curies":[{"name":"wp","href":"https:\/\/api.w.org\/{rel}","templated":true}]}}