{"id":177799,"date":"2024-12-20T09:39:29","date_gmt":"2024-12-20T08:39:29","guid":{"rendered":"https:\/\/pizbube.ch\/?post_type=product&#038;p=177799"},"modified":"2024-12-20T09:48:29","modified_gmt":"2024-12-20T08:48:29","slug":"fernwanderweg-via-valtellina","status":"publish","type":"product","link":"https:\/\/pizbube.ch\/en\/shop\/fernwanderweg-via-valtellina\/","title":{"rendered":"Fernwanderweg Via Valtellina"},"content":{"rendered":"<p>Vom Vorarlberger Montafon quer durch die Schweizer Alpen bis nach Tirano in Italien<\/p>\n<p><span class=\"sw-acf-field-label label-field_602a570ac9036\">Der Fernwanderweg Via Valtellina folgt einer alten S\u00e4umerroute vom \u00f6sterreichischen Montafon quer durch den schweizerischen Kanton Graub\u00fcnden bis nach Tirano im italienischen Veltlin. Auf der Route, auf der einst H\u00e4ndler Wein aus dem S\u00fcden in den Bodenseeraum transportierten und Vieh aus dem Montafon in Richtung S\u00fcden getrieben wurde, wandern Sie heute auf gut begehbaren Wanderwegen und Pfaden quer durch die Alpen. <\/span><\/p>\n<p><span class=\"sw-acf-field-label label-field_602a570ac9036\">Dabei passieren Sie mit dem Schlappiner Joch, dem Scalettapass und dem Berninapass nicht nur drei geschichtstr\u00e4chtige Alpenp\u00e4sse, sondern auch weltbekannte Urlaubsorte wie Klosters, Davos oder Pontresina. Wildromantische T\u00e4ler, tiefe W\u00e4lder, klare Bergseen und immer wieder beeindruckende Bergpanoramen pr\u00e4gen den Weg ebenso wie urige D\u00f6rfer mit historischen Zentren oder kleine, malerisch gelegene Almen. Und wer Gl\u00fcck hat, kann die Farbenpracht der bl\u00fchenden Alpenrosen genie\u00dfen oder das Pfeifen der Murmeltiere h\u00f6ren.<\/span><\/p>\n<p>\u2022 GPS Track zum Download<br \/>\n\u2022 Live Update im Internet<br \/>\n\u2022 exakte Wanderkarten<br \/>\n\u2022 genaue Wegbeschreibung<br \/>\n\u2022 H\u00f6henprofile<br \/>\n\u2022 Ortspl\u00e4ne<br \/>\n\u2022 gr\u00fcndlich recherchiert<br \/>\n\u2022 laufend aktualisiert<br \/>\n\u2022 kompaktes Taschenformat<\/p>\n<p>160 Seiten;<br \/>\n1. Auflage 2021<\/p>","protected":false},"excerpt":{"rendered":"<p>Vom Vorarlberger Montafon quer durch die Schweizer Alpen bis nach Tirano in Italien Der Fernwanderweg Via Valtellina folgt einer alten S\u00e4umerroute vom \u00f6sterreichischen Montafon quer durch den schweizerischen Kanton Graub\u00fcnden bis nach Tirano im italienischen Veltlin. Auf der Route, auf der einst H\u00e4ndler Wein aus dem S\u00fcden in den Bodenseeraum transportierten und Vieh aus dem [&#8230;]\n","protected":false},"featured_media":177800,"template":"","meta":[],"product_brand":[],"product_cat":[21605],"product_tag":[],"class_list":{"0":"post-177799","1":"product","2":"type-product","3":"status-publish","4":"has-post-thumbnail","6":"product_cat-wanderfuehrer-trekking","7":"pa_autor-esterbauer-verlag-hrsg","8":"pa_erscheinungsjahr-25440","9":"pa_region-italien","10":"pa_region-oesterreich","11":"pa_region-schweiz","12":"pa_sprache-de","14":"first","15":"instock","16":"taxable","17":"shipping-taxable","18":"purchasable","19":"product-type-simple"},"_links":{"self":[{"href":"https:\/\/pizbube.ch\/en\/wp-json\/wp\/v2\/product\/177799","targetHints":{"allow":["GET"]}}],"collection":[{"href":"https:\/\/pizbube.ch\/en\/wp-json\/wp\/v2\/product"}],"about":[{"href":"https:\/\/pizbube.ch\/en\/wp-json\/wp\/v2\/types\/product"}],"wp:featuredmedia":[{"embeddable":true,"href":"https:\/\/pizbube.ch\/en\/wp-json\/wp\/v2\/media\/177800"}],"wp:attachment":[{"href":"https:\/\/pizbube.ch\/en\/wp-json\/wp\/v2\/media?parent=177799"}],"wp:term":[{"taxonomy":"product_brand","embeddable":true,"href":"https:\/\/pizbube.ch\/en\/wp-json\/wp\/v2\/product_brand?post=177799"},{"taxonomy":"product_cat","embeddable":true,"href":"https:\/\/pizbube.ch\/en\/wp-json\/wp\/v2\/product_cat?post=177799"},{"taxonomy":"product_tag","embeddable":true,"href":"https:\/\/pizbube.ch\/en\/wp-json\/wp\/v2\/product_tag?post=177799"}],"curies":[{"name":"wp","href":"https:\/\/api.w.org\/{rel}","templated":true}]}}