{"id":177835,"date":"2024-12-24T11:13:21","date_gmt":"2024-12-24T10:13:21","guid":{"rendered":"https:\/\/pizbube.ch\/?post_type=product&#038;p=177835"},"modified":"2024-12-24T11:26:53","modified_gmt":"2024-12-24T10:26:53","slug":"anti-gravity","status":"publish","type":"product","link":"https:\/\/pizbube.ch\/en\/shop\/anti-gravity\/","title":{"rendered":"Anti Gravity"},"content":{"rendered":"<p>ANTI GRAVITY erforscht die Frage: Gibt es eine Kraft, die der Gravitation trotzt? Dieser Bildband erz\u00e4hlt in eindrucksvollen Fotografien die Geschichte von aussergew\u00f6hnlichen Momenten, in denen oben und unten ihre Bedeutung verlieren und Menschen die Grenzen des physikalisch M\u00f6glichen herausfordern.<\/p>\n<p>\u00dcber fu\u0308nf Jahre hinweg erkundeten der Schweizer Profi-Alpinist Dani Arnold, Fotograf Thomas Monsorno, Kletterpartner Martin Echser und Filmer Lukas Kusstatscher spektakul\u00e4re Eisw\u00e4nde weltweit. Ihre Reisen fu\u0308hrten sie von Russlands Baikalsee u\u0308ber Islands Vulkanlandschaft bis nach Kasachstan und die Fjorde Spitzbergens.<\/p>\n<div id=\"bonuswebshop-search-detail-info-umfang\">Umfang: 224 Seiten<\/div>\n<div id=\"bonuswebshop-search-detail-info-einband\">\n<p>Einband: Gebunden, 230 x 290 mm<\/p>\n<\/div>\n<div><\/div>\n<div>ANTI GRAVITY explores the question: Is there a force that defies gravity? In impressive photographs, this book illustrates the story of extraordinary moments in which above and below lose their meaning and people challenge the limits of the physically possible.<\/div>\n<div><\/div>\n<div>Over the course of five years, Swiss alpinist Dani Arnold, photographer Thomas Monsorno, climbing partner Martin Echser and filmmaker Lukas Kusstatscher explored spectacular ice walls around the world. Their journeys have taken them from Russia\u2019s Lake Baikal to Iceland\u2019s volcanic landscape, Kazakhstan and the fjords of Spitsbergen. Monsorno\u2019s photographs show Arnold seemingly weightless, a play between man and\u00a0nature. ANTIGRAVITY is more than just an photographic documentation about ice<br \/>\nclimbing &#8211; it is an inspiring homage to the\u00a0beauty and challenges of our planet.<\/div>\n<div>224 pages<br \/>\n230 x 290 mm<\/div>","protected":false},"excerpt":{"rendered":"<p>ANTI GRAVITY erforscht die Frage: Gibt es eine Kraft, die der Gravitation trotzt? Dieser Bildband erz\u00e4hlt in eindrucksvollen Fotografien die Geschichte von aussergew\u00f6hnlichen Momenten, in denen oben und unten ihre Bedeutung verlieren und Menschen die Grenzen des physikalisch M\u00f6glichen herausfordern. \u00dcber fu\u0308nf Jahre hinweg erkundeten der Schweizer Profi-Alpinist Dani Arnold, Fotograf Thomas Monsorno, Kletterpartner Martin [&#8230;]\n","protected":false},"featured_media":177836,"template":"","meta":[],"product_brand":[],"product_cat":[21542],"product_tag":[],"class_list":{"0":"post-177835","1":"product","2":"type-product","3":"status-publish","4":"has-post-thumbnail","6":"product_cat-sachbuecher-dokumentationen","7":"pa_autor-thomas-monsorno-dani-arnold","8":"pa_erscheinungsjahr-27339","9":"pa_region-schweiz","10":"pa_region-uebrigers-europa","11":"pa_sprache-de-en","13":"first","14":"instock","15":"taxable","16":"shipping-taxable","17":"purchasable","18":"product-type-simple"},"_links":{"self":[{"href":"https:\/\/pizbube.ch\/en\/wp-json\/wp\/v2\/product\/177835","targetHints":{"allow":["GET"]}}],"collection":[{"href":"https:\/\/pizbube.ch\/en\/wp-json\/wp\/v2\/product"}],"about":[{"href":"https:\/\/pizbube.ch\/en\/wp-json\/wp\/v2\/types\/product"}],"wp:featuredmedia":[{"embeddable":true,"href":"https:\/\/pizbube.ch\/en\/wp-json\/wp\/v2\/media\/177836"}],"wp:attachment":[{"href":"https:\/\/pizbube.ch\/en\/wp-json\/wp\/v2\/media?parent=177835"}],"wp:term":[{"taxonomy":"product_brand","embeddable":true,"href":"https:\/\/pizbube.ch\/en\/wp-json\/wp\/v2\/product_brand?post=177835"},{"taxonomy":"product_cat","embeddable":true,"href":"https:\/\/pizbube.ch\/en\/wp-json\/wp\/v2\/product_cat?post=177835"},{"taxonomy":"product_tag","embeddable":true,"href":"https:\/\/pizbube.ch\/en\/wp-json\/wp\/v2\/product_tag?post=177835"}],"curies":[{"name":"wp","href":"https:\/\/api.w.org\/{rel}","templated":true}]}}