{"id":177842,"date":"2024-12-24T11:41:35","date_gmt":"2024-12-24T10:41:35","guid":{"rendered":"https:\/\/pizbube.ch\/?post_type=product&#038;p=177842"},"modified":"2024-12-24T11:51:23","modified_gmt":"2024-12-24T10:51:23","slug":"mythos-meisterwege","status":"publish","type":"product","link":"https:\/\/pizbube.ch\/en\/shop\/mythos-meisterwege\/","title":{"rendered":"Mythos Meisterwege"},"content":{"rendered":"<p>Die legend\u00e4ren Meisterwege &#8211; darunter die gr\u00f6\u00dften Klassiker der S\u00e4chsischen Schweiz, werden mit aktuellen Kletterfotos, historischen Aufnahmen, Erlebnisberichten und Insiderinfos vorgestellt.<\/p>\n<p>Erstbegeher, Wiederholer und aktuelle Spitzenkletterer kommen zu Wort und berichten \u00fcber die Essenz des Kletterns im Elbsandstein. Dazu gibt es das Projekt &#171;Neue Meisterwegeliste 2024&#187; mit umfangreichen Empfehlungen zu guten Wegen in der S\u00e4chsischen Schweiz.<\/p>\n<p>Ein opulenter Bildband von Uwe Daniel.<\/p>\n<p>304 Seiten, farbig.<\/p>","protected":false},"excerpt":{"rendered":"<p>Die legend\u00e4ren Meisterwege &#8211; darunter die gr\u00f6\u00dften Klassiker der S\u00e4chsischen Schweiz, werden mit aktuellen Kletterfotos, historischen Aufnahmen, Erlebnisberichten und Insiderinfos vorgestellt. Erstbegeher, Wiederholer und aktuelle Spitzenkletterer kommen zu Wort und berichten \u00fcber die Essenz des Kletterns im Elbsandstein. Dazu gibt es das Projekt &#171;Neue Meisterwegeliste 2024&#187; mit umfangreichen Empfehlungen zu guten Wegen in der S\u00e4chsischen [&#8230;]\n","protected":false},"featured_media":177843,"template":"","meta":[],"product_brand":[],"product_cat":[21542],"product_tag":[],"class_list":{"0":"post-177842","1":"product","2":"type-product","3":"status-publish","4":"has-post-thumbnail","6":"product_cat-sachbuecher-dokumentationen","7":"pa_autor-uwe-daniel","8":"pa_erscheinungsjahr-27339","9":"pa_region-deutschland","10":"pa_sprache-de","12":"first","13":"instock","14":"taxable","15":"shipping-taxable","16":"purchasable","17":"product-type-simple"},"_links":{"self":[{"href":"https:\/\/pizbube.ch\/en\/wp-json\/wp\/v2\/product\/177842","targetHints":{"allow":["GET"]}}],"collection":[{"href":"https:\/\/pizbube.ch\/en\/wp-json\/wp\/v2\/product"}],"about":[{"href":"https:\/\/pizbube.ch\/en\/wp-json\/wp\/v2\/types\/product"}],"wp:featuredmedia":[{"embeddable":true,"href":"https:\/\/pizbube.ch\/en\/wp-json\/wp\/v2\/media\/177843"}],"wp:attachment":[{"href":"https:\/\/pizbube.ch\/en\/wp-json\/wp\/v2\/media?parent=177842"}],"wp:term":[{"taxonomy":"product_brand","embeddable":true,"href":"https:\/\/pizbube.ch\/en\/wp-json\/wp\/v2\/product_brand?post=177842"},{"taxonomy":"product_cat","embeddable":true,"href":"https:\/\/pizbube.ch\/en\/wp-json\/wp\/v2\/product_cat?post=177842"},{"taxonomy":"product_tag","embeddable":true,"href":"https:\/\/pizbube.ch\/en\/wp-json\/wp\/v2\/product_tag?post=177842"}],"curies":[{"name":"wp","href":"https:\/\/api.w.org\/{rel}","templated":true}]}}