{"id":177933,"date":"2025-01-04T15:53:37","date_gmt":"2025-01-04T14:53:37","guid":{"rendered":"https:\/\/pizbube.ch\/?post_type=product&#038;p=177933"},"modified":"2025-01-08T11:37:39","modified_gmt":"2025-01-08T10:37:39","slug":"briancon-ice-and-dry","status":"publish","type":"product","link":"https:\/\/pizbube.ch\/en\/shop\/briancon-ice-and-dry\/","title":{"rendered":"BRIANCON ICE and DRY"},"content":{"rendered":"<p>The new ice-climbing guidebook \u2013 Stitched back, paperback cover, round corners, 352 pages, full colors, A5 Format, Printed on chlorine-free paper (FSC accredited) using vegetable inks, 153 diagrams and 145 action photos, 27 maps<\/p>\n<p>This new guidebook to the ice climbs around Brian\u00e7on covers all the major venues in the northern part of the Hautes-Alpes d\u00e9partement: Freissini\u00e8res, Fournel, Cervi\u00e8res, Ceillac, Valle Argentera, L\u2019Aup Martin, L\u2019Onde, Ailefroide, Chambran, Guisane, Cr\u00e9voux, Les Orres, Clar\u00e9e, Couleau, Rabioux, Val d\u2019Escreins and R\u00e9allon, which, together, have forged the Upper Durance Valley\u2019s international reputation for winter climbing.<\/p>\n<p>With 856 routes on offer, from easy classics to the latest dry-tooling test pieces,you are bound to find something to satisfy your thirst for winter adventures.Adopting a resolutely modern approach, the guidebook provides full descriptions of every route: access, approach, route details and descent, as well as tips on the best strategy to adopt.<\/p>\n<p>The only one official iceclimbing guidebook of the ECRINS.<br \/>\nNothing comparse to the poor copy of Steve Broadbent (ECRINS SELECTED CLIMBS, 2020) who took the risk of trying to plagiarize my friend\u2019s PHilippe TURIN guidebook \u00ab CASCADE DE GLACE, BRIANCONNAIS, ARGENTIEROIS, EMBRUNAIS \u00bb.<br \/>\nShame on Steve and his work.<\/p>\n<p>\u2022 856 routes (incl. variants)<br \/>\n\u2022 36 detailed maps<br \/>\n\u2022 301 photo diagrams<br \/>\n\u2022 230 action photos<\/p>","protected":false},"excerpt":{"rendered":"<p>The new ice-climbing guidebook \u2013 Stitched back, paperback cover, round corners, 352 pages, full colors, A5 Format, Printed on chlorine-free paper (FSC accredited) using vegetable inks, 153 diagrams and 145 action photos, 27 maps This new guidebook to the ice climbs around Brian\u00e7on covers all the major venues in the northern part of the Hautes-Alpes [&#8230;]\n","protected":false},"featured_media":177934,"template":"","meta":[],"product_brand":[],"product_cat":[21540],"product_tag":[],"class_list":{"0":"post-177933","1":"product","2":"type-product","3":"status-publish","4":"has-post-thumbnail","6":"product_cat-fuehrerliteratur-alpin-winter","7":"pa_autor-constant","8":"pa_erscheinungsjahr-27339","9":"pa_region-frankreich","10":"pa_sprache-en","12":"first","13":"instock","14":"taxable","15":"shipping-taxable","16":"purchasable","17":"product-type-simple"},"_links":{"self":[{"href":"https:\/\/pizbube.ch\/en\/wp-json\/wp\/v2\/product\/177933","targetHints":{"allow":["GET"]}}],"collection":[{"href":"https:\/\/pizbube.ch\/en\/wp-json\/wp\/v2\/product"}],"about":[{"href":"https:\/\/pizbube.ch\/en\/wp-json\/wp\/v2\/types\/product"}],"wp:featuredmedia":[{"embeddable":true,"href":"https:\/\/pizbube.ch\/en\/wp-json\/wp\/v2\/media\/177934"}],"wp:attachment":[{"href":"https:\/\/pizbube.ch\/en\/wp-json\/wp\/v2\/media?parent=177933"}],"wp:term":[{"taxonomy":"product_brand","embeddable":true,"href":"https:\/\/pizbube.ch\/en\/wp-json\/wp\/v2\/product_brand?post=177933"},{"taxonomy":"product_cat","embeddable":true,"href":"https:\/\/pizbube.ch\/en\/wp-json\/wp\/v2\/product_cat?post=177933"},{"taxonomy":"product_tag","embeddable":true,"href":"https:\/\/pizbube.ch\/en\/wp-json\/wp\/v2\/product_tag?post=177933"}],"curies":[{"name":"wp","href":"https:\/\/api.w.org\/{rel}","templated":true}]}}