{"id":177998,"date":"2025-01-08T11:34:28","date_gmt":"2025-01-08T10:34:28","guid":{"rendered":"https:\/\/pizbube.ch\/?post_type=product&#038;p=177998"},"modified":"2025-03-11T14:20:38","modified_gmt":"2025-03-11T13:20:38","slug":"cascades-de-glace-et-dry-du-brianconnais","status":"publish","type":"product","link":"https:\/\/pizbube.ch\/en\/shop\/cascades-de-glace-et-dry-du-brianconnais\/","title":{"rendered":"CASCADES de GLACE et DRY du BRIANCONNAIS"},"content":{"rendered":"<p>En couvrant le nord des Hautes-Alpes le nouveau topo des cascades de glace du Brian\u00e7onnais englobe tous les spots incontournables : les vall\u00e9es de Freissini\u00e8res, du Fournel, de Cervi\u00e8res, de Ceillac, du Valle Argentera, de l\u2019Aup Martin, de l\u2019Onde, d\u2019Ailefroide, de Chambran, de la Guisane, de Cr\u00e9voux, des Orres, de la Clar\u00e9e, de Couleau, du Rabioux, du Val d\u2019Escreins, de R\u00e9allon\u2026 autant de noms qui font la r\u00e9putation internationale des Cascades du Haut Val-Durance. Des classiques abordables aux derni\u00e8res voies de dry de 2024 vous trouverez ici, forc\u00e9ment de quoi satisfaire votre go\u00fbt pour la glace et l\u2019aventure en hiver. On passe de 450 lignes \u00e0 plus de 856 lignes.<\/p>\n<p>Avec une approche r\u00e9solument moderne, chaque itin\u00e9raire est d\u00e9crit dans son int\u00e9gralit\u00e9 avec l\u2019acc\u00e8s, l\u2019approche, la voie et ses diff\u00e9rentes variantes, ainsi que la descente et des conseils avis\u00e9s sur la strat\u00e9gie.<\/p>\n<ul>\n<li>856 itin\u00e9raires d\u00e9crits<\/li>\n<li>73 variantes \u2022 36 cartes pr\u00e9cises<\/li>\n<li>301 trac\u00e9s sur photos ou croquis<\/li>\n<li>230 photos d\u2019illustration<\/li>\n<\/ul>\n<p>1\u00e8re \u00c9dition : Nov 2024<br \/>\nLivre reli\u00e9 au format A5, couverture souple, coins arrondis, 352 pages, tout en couleur, 856 itin\u00e9raires d\u00e9crits (y compris les variantes), 531 photos et illustrations, 36 cartes.<\/p>","protected":false},"excerpt":{"rendered":"<p>En couvrant le nord des Hautes-Alpes le nouveau topo des cascades de glace du Brian\u00e7onnais englobe tous les spots incontournables : les vall\u00e9es de Freissini\u00e8res, du Fournel, de Cervi\u00e8res, de Ceillac, du Valle Argentera, de l\u2019Aup Martin, de l\u2019Onde, d\u2019Ailefroide, de Chambran, de la Guisane, de Cr\u00e9voux, des Orres, de la Clar\u00e9e, de Couleau, du [&#8230;]\n","protected":false},"featured_media":178000,"template":"","meta":[],"product_brand":[],"product_cat":[21540],"product_tag":[],"class_list":{"0":"post-177998","1":"product","2":"type-product","3":"status-publish","4":"has-post-thumbnail","6":"product_cat-fuehrerliteratur-alpin-winter","7":"pa_autor-constant","8":"pa_erscheinungsjahr-27339","9":"pa_region-frankreich","10":"pa_sprache-fr","12":"first","13":"onbackorder","14":"taxable","15":"shipping-taxable","16":"purchasable","17":"product-type-simple"},"_links":{"self":[{"href":"https:\/\/pizbube.ch\/en\/wp-json\/wp\/v2\/product\/177998","targetHints":{"allow":["GET"]}}],"collection":[{"href":"https:\/\/pizbube.ch\/en\/wp-json\/wp\/v2\/product"}],"about":[{"href":"https:\/\/pizbube.ch\/en\/wp-json\/wp\/v2\/types\/product"}],"wp:featuredmedia":[{"embeddable":true,"href":"https:\/\/pizbube.ch\/en\/wp-json\/wp\/v2\/media\/178000"}],"wp:attachment":[{"href":"https:\/\/pizbube.ch\/en\/wp-json\/wp\/v2\/media?parent=177998"}],"wp:term":[{"taxonomy":"product_brand","embeddable":true,"href":"https:\/\/pizbube.ch\/en\/wp-json\/wp\/v2\/product_brand?post=177998"},{"taxonomy":"product_cat","embeddable":true,"href":"https:\/\/pizbube.ch\/en\/wp-json\/wp\/v2\/product_cat?post=177998"},{"taxonomy":"product_tag","embeddable":true,"href":"https:\/\/pizbube.ch\/en\/wp-json\/wp\/v2\/product_tag?post=177998"}],"curies":[{"name":"wp","href":"https:\/\/api.w.org\/{rel}","templated":true}]}}