{"id":178069,"date":"2025-01-14T12:23:10","date_gmt":"2025-01-14T11:23:10","guid":{"rendered":"https:\/\/pizbube.ch\/?post_type=product&#038;p=178069"},"modified":"2026-03-12T08:58:25","modified_gmt":"2026-03-12T07:58:25","slug":"skitouren-erlebnis-schweiz","status":"publish","type":"product","link":"https:\/\/pizbube.ch\/en\/shop\/skitouren-erlebnis-schweiz\/","title":{"rendered":"Skitouren-Erlebnis Schweiz"},"content":{"rendered":"<p class=\"mt-3\">24 Mehrtagesskitouren und \u00fcber 100 Gipfel<\/p>\n<p><span class=\"value\">Mehrere Tage auf Skitour unterwegs sein und so richtig eintauchen in die tiefverschneite Schweizer Bergwelt \u2013 der Rother Selection Band \u00bbSkitouren-Erlebnis Schweiz\u00ab macht dieses Abenteuer m\u00f6glich. Das Buch pr\u00e4sentiert mehrt\u00e4gige Skitouren aus allen Regionen der Schweiz \u2013 vom \u00e4u\u00dfersten Wallis \u00fcber das Berner Oberland, die Urner Alpen und das Tessin bis ins Engadin. Die 24 ausgew\u00e4hlten Mehrtagesskitouren bieten \u00fcber 100 Gipfelm\u00f6glichkeiten, sind verschieden lang und haben unterschiedliche Schwierigkeitsniveaus. So werden sowohl Skitourengeher f\u00fcndig, die bei Mehrtagestouren noch Neulinge sind, als auch erfahrene und ambitionierte Skibergsteiger, die neue Herausforderungen suchen.<\/span><\/p>\n<p>Besonderes Augenmerk liegt bei den Skitouren auf mehrt\u00e4gigen \u00dcberschreitungen, die es erm\u00f6glichen, von einem Tal ins n\u00e4chste zu gelangen und auf tollen (Rund-)Touren ganze Gebiete zu durchqueren. Sie sind quasi die K\u00f6nigsdisziplin des Skitourengehens, bei der man sich alpin im Gebirge bewegt, stets Neues entdeckt und den Charakter einer Region wirklich kennenlernt. Fast nur hier in der Schweizer Bergwelt ist es noch m\u00f6glich, Abgeschiedenheit und Einsamkeit als Skifahrer zu erleben.<\/p>\n<p>Jedes Skitouren-Erlebnis verf\u00fcgt \u00fcber eine zuverl\u00e4ssige Tourenbeschreibung und eine \u00fcbersichtliche Karte mit eingetragener Route. Zu jeder Tour gibt es gepr\u00fcfte GPS-Tracks, die die Orientierung ganz einfach machen. Die Unterk\u00fcnfte werden mit allen wichtigen Angaben vorgestellt. Au\u00dferdem gibt es viele weitere n\u00fctzliche Infos sowie zahlreiche Varianten, die die Touren immer wieder neu erleben lassen. Die An- und Abreise ist bei allen Skitouren mit dem \u00f6ffentlichen Verkehr m\u00f6glich, was nicht nur nachhaltig, sondern auch praktisch ist, weil Start und Ziel nicht immer identisch sind.<\/p>\n<p><span class=\"value\">Infos zu Tourenplanung, Nachhaltigkeit, erste Hilfe unterwegs und Lawinenkunde sind in einem zus\u00e4tzlichen Kapitel ausf\u00fchrlich pr\u00e4sentiert. Exklusive Fotos sorgen beim Betrachten f\u00fcr ungeduldiges Scharren mit den Skitourenstiefeln. Das Ergebnis ist ein aufwendig gestaltetes Buch, mit dem man gut planen kann und Skitourentr\u00e4ume Wirklichkeit werden. Kurz: \u00bbSkitouren-Erlebnis Schweiz\u00ab ist ein Buch f\u00fcr jeden, der in der Schweiz abwechslungsreiche Mehrtagesskitouren unternehmen m\u00f6chte.<\/span><\/p>\n<p>1. Auflage 2025;<br \/>\n264 Seiten, 24 Tourenk\u00e4rtchen im Ma\u00dfstab 1:50.000, 24 H\u00f6henprofile, eine \u00dcbersichtskarte,<br \/>\nKlappenbroschur, 16,3 x 23,0 cm<\/p>","protected":false},"excerpt":{"rendered":"<p>24 Mehrtagesskitouren und \u00fcber 100 Gipfel Mehrere Tage auf Skitour unterwegs sein und so richtig eintauchen in die tiefverschneite Schweizer Bergwelt \u2013 der Rother Selection Band \u00bbSkitouren-Erlebnis Schweiz\u00ab macht dieses Abenteuer m\u00f6glich. Das Buch pr\u00e4sentiert mehrt\u00e4gige Skitouren aus allen Regionen der Schweiz \u2013 vom \u00e4u\u00dfersten Wallis \u00fcber das Berner Oberland, die Urner Alpen und das [&#8230;]\n","protected":false},"featured_media":178070,"template":"","meta":[],"product_brand":[],"product_cat":[21540],"product_tag":[27572],"class_list":{"0":"post-178069","1":"product","2":"type-product","3":"status-publish","4":"has-post-thumbnail","6":"product_cat-fuehrerliteratur-alpin-winter","7":"product_tag-skitourenerlebnis-schweiz","8":"pa_autor-heiduk","9":"pa_erscheinungsjahr-27415","10":"pa_region-schweiz","11":"pa_sprache-de","13":"first","14":"instock","15":"taxable","16":"shipping-taxable","17":"purchasable","18":"product-type-simple"},"_links":{"self":[{"href":"https:\/\/pizbube.ch\/en\/wp-json\/wp\/v2\/product\/178069","targetHints":{"allow":["GET"]}}],"collection":[{"href":"https:\/\/pizbube.ch\/en\/wp-json\/wp\/v2\/product"}],"about":[{"href":"https:\/\/pizbube.ch\/en\/wp-json\/wp\/v2\/types\/product"}],"wp:featuredmedia":[{"embeddable":true,"href":"https:\/\/pizbube.ch\/en\/wp-json\/wp\/v2\/media\/178070"}],"wp:attachment":[{"href":"https:\/\/pizbube.ch\/en\/wp-json\/wp\/v2\/media?parent=178069"}],"wp:term":[{"taxonomy":"product_brand","embeddable":true,"href":"https:\/\/pizbube.ch\/en\/wp-json\/wp\/v2\/product_brand?post=178069"},{"taxonomy":"product_cat","embeddable":true,"href":"https:\/\/pizbube.ch\/en\/wp-json\/wp\/v2\/product_cat?post=178069"},{"taxonomy":"product_tag","embeddable":true,"href":"https:\/\/pizbube.ch\/en\/wp-json\/wp\/v2\/product_tag?post=178069"}],"curies":[{"name":"wp","href":"https:\/\/api.w.org\/{rel}","templated":true}]}}