{"id":178140,"date":"2025-01-18T09:59:23","date_gmt":"2025-01-18T08:59:23","guid":{"rendered":"https:\/\/pizbube.ch\/?post_type=product&#038;p=178140"},"modified":"2025-01-18T09:59:23","modified_gmt":"2025-01-18T08:59:23","slug":"carnet-de-guides","status":"publish","type":"product","link":"https:\/\/pizbube.ch\/en\/shop\/carnet-de-guides\/","title":{"rendered":"Carnet de guides"},"content":{"rendered":"<div class=\"field field-name-hw-presentation-editoriale field-type-text-long field-label-hidden\">\n<div class=\"field-items\">\n<div class=\"field-item even\">\n<p>Ce livre est un hommage br\u00fblant \u00e0 la montagne qui lie et d\u00e9lie les \u00eatres, ainsi qu\u2019\u00e0 ces hommes et femmes aux mains calleuses qui gagnent leur vie \u00e0 essayer de ne pas la perdre.<\/p>\n<p><i>Carnet de guides\u00a0<\/i>retrace les p\u00e9r\u00e9grinations alpines\u00a0de Paul et de Simon, partis \u00e0 la rencontre d&#8217;une\u00a0quinzaine de guides de haute montagne pour\u00a0essayer de croquer le portrait d&#8217;un m\u00e9tier pas\u00a0comme les autres.<\/p>\n<p>Les mots de Simon, soutenus par les dessins de Paul, nous emm\u00e8nent de vall\u00e9es en vall\u00e9es \u00e0 la rencontre de personnalit\u00e9s singuli\u00e8res. Lors d\u2019\u00e9changes intimes, les guides nous embarquent vers les hauteurs, racontent leurs aventures d\u2019altitude, parlent des amiti\u00e9s tiss\u00e9es dans la cord\u00e9e, mentionnent les plaisirs de la course sans oublier d\u2019\u00e9voquer la duret\u00e9 du m\u00e9tier.<\/p>\n<p>Mais leur parole est aussi l\u2019occasion de r\u00e9fl\u00e9chir au sens de la profession et ses mutations \u00e0 l\u2019heure de la crise \u00e9cologique qui transforme les montagnes et ceux qui en vivent.<\/p>\n<p>144 Pages;<br \/>\n175 x 248 mm<br \/>\n1e \u00e9dition 2023<\/p>\n<\/div>\n<\/div>\n<\/div>","protected":false},"excerpt":{"rendered":"<p>Ce livre est un hommage br\u00fblant \u00e0 la montagne qui lie et d\u00e9lie les \u00eatres, ainsi qu\u2019\u00e0 ces hommes et femmes aux mains calleuses qui gagnent leur vie \u00e0 essayer de ne pas la perdre. Carnet de guides\u00a0retrace les p\u00e9r\u00e9grinations alpines\u00a0de Paul et de Simon, partis \u00e0 la rencontre d&#8217;une\u00a0quinzaine de guides de haute montagne [&#8230;]\n","protected":false},"featured_media":178141,"template":"","meta":[],"product_brand":[],"product_cat":[21629,21542],"product_tag":[],"class_list":{"0":"post-178140","1":"product","2":"type-product","3":"status-publish","4":"has-post-thumbnail","6":"product_cat-belletristik","7":"product_cat-sachbuecher-dokumentationen","8":"pa_autor-simon-parcot-paul-de-chatelperron","9":"pa_erscheinungsjahr-27129","10":"pa_region-frankreich","11":"pa_sprache-fr","13":"first","14":"instock","15":"taxable","16":"shipping-taxable","17":"purchasable","18":"product-type-simple"},"_links":{"self":[{"href":"https:\/\/pizbube.ch\/en\/wp-json\/wp\/v2\/product\/178140","targetHints":{"allow":["GET"]}}],"collection":[{"href":"https:\/\/pizbube.ch\/en\/wp-json\/wp\/v2\/product"}],"about":[{"href":"https:\/\/pizbube.ch\/en\/wp-json\/wp\/v2\/types\/product"}],"wp:featuredmedia":[{"embeddable":true,"href":"https:\/\/pizbube.ch\/en\/wp-json\/wp\/v2\/media\/178141"}],"wp:attachment":[{"href":"https:\/\/pizbube.ch\/en\/wp-json\/wp\/v2\/media?parent=178140"}],"wp:term":[{"taxonomy":"product_brand","embeddable":true,"href":"https:\/\/pizbube.ch\/en\/wp-json\/wp\/v2\/product_brand?post=178140"},{"taxonomy":"product_cat","embeddable":true,"href":"https:\/\/pizbube.ch\/en\/wp-json\/wp\/v2\/product_cat?post=178140"},{"taxonomy":"product_tag","embeddable":true,"href":"https:\/\/pizbube.ch\/en\/wp-json\/wp\/v2\/product_tag?post=178140"}],"curies":[{"name":"wp","href":"https:\/\/api.w.org\/{rel}","templated":true}]}}