{"id":178175,"date":"2025-01-21T09:13:15","date_gmt":"2025-01-21T08:13:15","guid":{"rendered":"https:\/\/pizbube.ch\/?post_type=product&#038;p=178175"},"modified":"2025-06-05T08:56:54","modified_gmt":"2025-06-05T06:56:54","slug":"topo-du-chaos-de-targasonne-angoustrine-1-600-blocs-20-secteurs","status":"publish","type":"product","link":"https:\/\/pizbube.ch\/en\/shop\/topo-du-chaos-de-targasonne-angoustrine-1-600-blocs-20-secteurs\/","title":{"rendered":"Topo du chaos de Targasonne-Angoustrine 1.600 blocs, 20 secteurs"},"content":{"rendered":"<p>Le soleil des Pyr\u00e9n\u00e9es, 1 600 blocs de tous niveaux, la vue sur les montagnes, voil\u00e0 ce que vous propose le Chaos !<\/p>\n<p>Ce topo moderne et design vous guidera \u00e0 travers ses 20 secteurs, tout en vous donnant les cl\u00e9s pour commencer la pratique du bloc naturel : Les conventions d&#8217;usages, les r\u00e8gles du site, les consignes de s\u00e9curit\u00e9&#8230; Tout y est !<br \/>\nMaintenant, \u00e0 vous de d\u00e9couvrir cet embl\u00e9matique chaos granitique.<\/p>\n<p>The sun of the Pyrenees, 1,600 boulders of all Levels, a view of the mountains, that&#8217;s what the Chaos has to offer! This guidebook will take you through the Chaos, explaining the conventions of use, the rules of the site, the safety instructions&#8230;<\/p>\n<p>&nbsp;<\/p>\n<p>This guidebook contains the minimum translations for use in English. The translated text pages are available as PDF<\/p>\n<p>&nbsp;<\/p>\n<p>El sol dels Pirineus, 1.600 blocs de tots els nivells, la vista sobre les muntanyes, aix\u00f2 \u00e9s el que us proposa el Caos!<\/p>\n<p>Aquesta guia moderna i disseny us guiar\u00e0 a trav\u00e9s dels seus 20 sectors, tot donant-vos les claus per comen\u00e7ar la pr\u00e0ctica del bloc natural : Les convencions d&#8217;\u00fas, les regles del lloc, les consignes de seguretat&#8230; Tot \u00e9s aqu\u00ed!<\/p>\n<p>Ara, us toca descobrir aquest emblem\u00e0tic caos gran\u00edtic.<\/p>\n<p>El sol de los Pirineos, 1.600 bloques de todos Los niveles y vistas a la monta\u00f1a : \u00a1eso es Lo que ofrece el Caos! Esta gu\u00eda te mostrar\u00e1 el camino a trav\u00e9s del Caos, explic\u00e1ndote Las convenciones, las normas del lugar y las instrucciones de seguridad&#8230;<\/p>\n<p>Esta gu\u00eda contiene Las traducciones b\u00e1sicas para su uso en espa\u00f1ol.<\/p>\n<p>&nbsp;<\/p>","protected":false},"excerpt":{"rendered":"<p>Le soleil des Pyr\u00e9n\u00e9es, 1 600 blocs de tous niveaux, la vue sur les montagnes, voil\u00e0 ce que vous propose le Chaos ! Ce topo moderne et design vous guidera \u00e0 travers ses 20 secteurs, tout en vous donnant les cl\u00e9s pour commencer la pratique du bloc naturel : Les conventions d&#8217;usages, les r\u00e8gles du [&#8230;]\n","protected":false},"featured_media":178176,"template":"","meta":[],"product_brand":[],"product_cat":[21539],"product_tag":[27533],"class_list":{"0":"post-178175","1":"product","2":"type-product","3":"status-publish","4":"has-post-thumbnail","6":"product_cat-fuehrerliteratur-sportklettern-bouldern","7":"product_tag-targassonne","8":"pa_autor-couzon-pardigon","9":"pa_erscheinungsjahr-27339","10":"pa_region-frankreich","11":"pa_region-spanien","12":"pa_sprache-es-fr-en","14":"first","15":"instock","16":"taxable","17":"shipping-taxable","18":"purchasable","19":"product-type-simple"},"_links":{"self":[{"href":"https:\/\/pizbube.ch\/en\/wp-json\/wp\/v2\/product\/178175","targetHints":{"allow":["GET"]}}],"collection":[{"href":"https:\/\/pizbube.ch\/en\/wp-json\/wp\/v2\/product"}],"about":[{"href":"https:\/\/pizbube.ch\/en\/wp-json\/wp\/v2\/types\/product"}],"wp:featuredmedia":[{"embeddable":true,"href":"https:\/\/pizbube.ch\/en\/wp-json\/wp\/v2\/media\/178176"}],"wp:attachment":[{"href":"https:\/\/pizbube.ch\/en\/wp-json\/wp\/v2\/media?parent=178175"}],"wp:term":[{"taxonomy":"product_brand","embeddable":true,"href":"https:\/\/pizbube.ch\/en\/wp-json\/wp\/v2\/product_brand?post=178175"},{"taxonomy":"product_cat","embeddable":true,"href":"https:\/\/pizbube.ch\/en\/wp-json\/wp\/v2\/product_cat?post=178175"},{"taxonomy":"product_tag","embeddable":true,"href":"https:\/\/pizbube.ch\/en\/wp-json\/wp\/v2\/product_tag?post=178175"}],"curies":[{"name":"wp","href":"https:\/\/api.w.org\/{rel}","templated":true}]}}