{"id":178197,"date":"2025-01-22T09:31:48","date_gmt":"2025-01-22T08:31:48","guid":{"rendered":"https:\/\/pizbube.ch\/?post_type=product&#038;p=178197"},"modified":"2025-01-22T10:12:28","modified_gmt":"2025-01-22T09:12:28","slug":"tout-schuss","status":"publish","type":"product","link":"https:\/\/pizbube.ch\/en\/shop\/tout-schuss\/","title":{"rendered":"Tout schuss !"},"content":{"rendered":"<div id=\"product-description-short-764\" class=\"product-short-description\">\n<p>M\u00e9moires d\u2019un berlingot amn\u00e9sique.<\/p>\n<\/div>\n<div id=\"product-description-764\" class=\"product-long-description\">\n<p>Dominique Potard, auteur du p\u00e9tillant\u00a0<em>Port de la Mer de glace<\/em>, saga en 7 \u00e9pisodes, aurait pu choisir d\u2019\u00e9crire ses m\u00e9moires\u00a0: sa vie de guide chamoniard, adepte du ski \u00ab\u00a0extr\u00eame\u00a0\u00bb entre autres aventures, aurait largement rempli la carafe. Mais chez Potard, le ton, le style fait le bonhomme (et les dialogues). C\u2019est donc sous forme de courtes sc\u00e8nes enlev\u00e9es comme au th\u00e9\u00e2tre de boulevard qu\u2019il revisite ses souvenirs, depuis ses premiers \u00e9mois d\u2019adolescent grimpeur.<\/p>\n<p>Et le sous-titre\u00a0? \u00ab\u00a0Berlingot, parce que j\u2019ai grandi \u00e0 Carpentras. Amn\u00e9sique, parce que tous les alpinistes le sont. \u00c0 peine redescendus miraculeusement des cimes, ils n\u2019ont qu\u2019une id\u00e9e en t\u00eate\u00a0: retourner l\u00e0-haut.\u00a0\u00bb<\/p>\n<p>272 pages;<br \/>\n15 x 21 cm<br \/>\n1\u00e8re \u00e9dition 2025<\/p>\n<\/div>","protected":false},"excerpt":{"rendered":"<p>M\u00e9moires d\u2019un berlingot amn\u00e9sique. Dominique Potard, auteur du p\u00e9tillant\u00a0Port de la Mer de glace, saga en 7 \u00e9pisodes, aurait pu choisir d\u2019\u00e9crire ses m\u00e9moires\u00a0: sa vie de guide chamoniard, adepte du ski \u00ab\u00a0extr\u00eame\u00a0\u00bb entre autres aventures, aurait largement rempli la carafe. Mais chez Potard, le ton, le style fait le bonhomme (et les dialogues). C\u2019est [&#8230;]\n","protected":false},"featured_media":178198,"template":"","meta":[],"product_brand":[],"product_cat":[21629,21542],"product_tag":[],"class_list":{"0":"post-178197","1":"product","2":"type-product","3":"status-publish","4":"has-post-thumbnail","6":"product_cat-belletristik","7":"product_cat-sachbuecher-dokumentationen","8":"pa_autor-potard","9":"pa_erscheinungsjahr-27415","10":"pa_region-frankreich","11":"pa_sprache-fr","13":"first","14":"instock","15":"taxable","16":"shipping-taxable","17":"purchasable","18":"product-type-simple"},"_links":{"self":[{"href":"https:\/\/pizbube.ch\/en\/wp-json\/wp\/v2\/product\/178197","targetHints":{"allow":["GET"]}}],"collection":[{"href":"https:\/\/pizbube.ch\/en\/wp-json\/wp\/v2\/product"}],"about":[{"href":"https:\/\/pizbube.ch\/en\/wp-json\/wp\/v2\/types\/product"}],"wp:featuredmedia":[{"embeddable":true,"href":"https:\/\/pizbube.ch\/en\/wp-json\/wp\/v2\/media\/178198"}],"wp:attachment":[{"href":"https:\/\/pizbube.ch\/en\/wp-json\/wp\/v2\/media?parent=178197"}],"wp:term":[{"taxonomy":"product_brand","embeddable":true,"href":"https:\/\/pizbube.ch\/en\/wp-json\/wp\/v2\/product_brand?post=178197"},{"taxonomy":"product_cat","embeddable":true,"href":"https:\/\/pizbube.ch\/en\/wp-json\/wp\/v2\/product_cat?post=178197"},{"taxonomy":"product_tag","embeddable":true,"href":"https:\/\/pizbube.ch\/en\/wp-json\/wp\/v2\/product_tag?post=178197"}],"curies":[{"name":"wp","href":"https:\/\/api.w.org\/{rel}","templated":true}]}}