{"id":178243,"date":"2025-01-24T15:11:00","date_gmt":"2025-01-24T14:11:00","guid":{"rendered":"https:\/\/pizbube.ch\/?post_type=product&#038;p=178243"},"modified":"2025-02-07T10:00:49","modified_gmt":"2025-02-07T09:00:49","slug":"nordreisa-150000-blatt-10156","status":"publish","type":"product","link":"https:\/\/pizbube.ch\/en\/shop\/nordreisa-150000-blatt-10156\/","title":{"rendered":"Ullsfjorden 1:50000 Blatt 10156"},"content":{"rendered":"<p class=\"page-title\"><span class=\"base\" data-ui-id=\"page-title-wrapper\">Norge-serien-Karte 10156, Ullsfjorden 1:50.000<\/span><\/p>\n<p><span class=\"value\">Djupvik, Gr\u00f8tsundet, Hansnes, Helg\u00f8ya, Karls\u00f8y, Kvalsundet, Kval\u00f8ysletta, Lenangstindane, Lyngen, Lyngsfjellan, Mikkelvika, Rein\u00f8ya, Ringvass\u00f8ya, Soltindan, Ullsfjorden, Vannsundet, Vannv\u00e5g, Vann\u00f8ya<br \/>\nDie Karte der Norwegen-Serie Ullsfjorden im Ma\u00dfstab 1:50.000 ist auf einem strapazierf\u00e4higem, recycelbaren und wasserbest\u00e4ndigen Kunststofffasermaterial gedruckt. <\/span><\/p>\n<p><span class=\"value\">Die Karte ist f\u00fcr Wanderer, J\u00e4ger und Angler geeignet und wird unter anderem vom Rettungsdienst verwendet. Die Norwegen-Serie ist eine \u00fcberregionale Kartenserie und daher auch unter denjenigen beliebt, die l\u00e4ngere Touren unternehmen. Die \u00dcberlappung aller Karten erleichtert die Navigation zwischen den Karten. <\/span><\/p>","protected":false},"excerpt":{"rendered":"<p>Norge-serien-Karte 10156, Ullsfjorden 1:50.000 Djupvik, Gr\u00f8tsundet, Hansnes, Helg\u00f8ya, Karls\u00f8y, Kvalsundet, Kval\u00f8ysletta, Lenangstindane, Lyngen, Lyngsfjellan, Mikkelvika, Rein\u00f8ya, Ringvass\u00f8ya, Soltindan, Ullsfjorden, Vannsundet, Vannv\u00e5g, Vann\u00f8ya Die Karte der Norwegen-Serie Ullsfjorden im Ma\u00dfstab 1:50.000 ist auf einem strapazierf\u00e4higem, recycelbaren und wasserbest\u00e4ndigen Kunststofffasermaterial gedruckt. Die Karte ist f\u00fcr Wanderer, J\u00e4ger und Angler geeignet und wird unter anderem vom Rettungsdienst verwendet. [&#8230;]\n","protected":false},"featured_media":178420,"template":"","meta":[],"product_brand":[],"product_cat":[26762],"product_tag":[],"class_list":{"0":"post-178243","1":"product","2":"type-product","3":"status-publish","4":"has-post-thumbnail","6":"product_cat-unkategorisiert","7":"pa_autor-nordeca-statens-kartverk","8":"pa_erscheinungsjahr-21574","9":"pa_region-skandinavien-norwegen-schweden-finnland","10":"pa_sprache-en-norw","12":"first","13":"instock","14":"taxable","15":"shipping-taxable","16":"purchasable","17":"product-type-simple"},"_links":{"self":[{"href":"https:\/\/pizbube.ch\/en\/wp-json\/wp\/v2\/product\/178243","targetHints":{"allow":["GET"]}}],"collection":[{"href":"https:\/\/pizbube.ch\/en\/wp-json\/wp\/v2\/product"}],"about":[{"href":"https:\/\/pizbube.ch\/en\/wp-json\/wp\/v2\/types\/product"}],"wp:featuredmedia":[{"embeddable":true,"href":"https:\/\/pizbube.ch\/en\/wp-json\/wp\/v2\/media\/178420"}],"wp:attachment":[{"href":"https:\/\/pizbube.ch\/en\/wp-json\/wp\/v2\/media?parent=178243"}],"wp:term":[{"taxonomy":"product_brand","embeddable":true,"href":"https:\/\/pizbube.ch\/en\/wp-json\/wp\/v2\/product_brand?post=178243"},{"taxonomy":"product_cat","embeddable":true,"href":"https:\/\/pizbube.ch\/en\/wp-json\/wp\/v2\/product_cat?post=178243"},{"taxonomy":"product_tag","embeddable":true,"href":"https:\/\/pizbube.ch\/en\/wp-json\/wp\/v2\/product_tag?post=178243"}],"curies":[{"name":"wp","href":"https:\/\/api.w.org\/{rel}","templated":true}]}}