{"id":178244,"date":"2025-01-24T16:06:39","date_gmt":"2025-01-24T15:06:39","guid":{"rendered":"https:\/\/pizbube.ch\/?post_type=product&#038;p=178244"},"modified":"2025-01-27T12:23:11","modified_gmt":"2025-01-27T11:23:11","slug":"wahre-helden","status":"publish","type":"product","link":"https:\/\/pizbube.ch\/en\/shop\/wahre-helden\/","title":{"rendered":"WAHRE HELDEN"},"content":{"rendered":"<p>Der Name von Maurice Herzog, einem der Erstbesteiger der Annapurna, ist weltbekannt. Aber wer kennt den Sherpa Fou Tharkay, der den unter schweren Erfrierungen leidenden Herzog kilometerweit den Berg hinabtrug? In ihrem Buch \u00abWahre Helden\u00bb r\u00fcckt die preisgekr\u00f6nte Autorin Bernadette McDonald die einheimischen Bergsteiger, diese zu oft vergessenen Helden des Himalaya und Karakorum, endlich ins rechte Licht.<\/p>\n<p>Obwohl sie in den Erz\u00e4hlungen der fr\u00fchen Expeditionen selten erw\u00e4hnt wurden, waren einheimische Bergsteiger seit Langem bedeutende Mitglieder bei den Erstbesteigungender h\u00f6chsten und herausforderndsten Gipfel. Heute, im 21. Jahrhundert, sind es h\u00e4ufig genau diese Bergsteiger, die Rekorde aufstellen. Einem Team aus Nepal gelang die Wintererstbesteigung des K2; als es den Gipfel erreichte, sang es seine Nationalhymne. Pakistanische Bergsteiger wie Little Karim und Ali Sadpara widmeten ihr Leben der Aufgabe, anderen dabei zu helfen, die Achttausender zu besteigen und zu \u00fcberleben.<\/p>\n<p>Ihre Geschichten verdienen es, breiter bekannt zu werden. McDonalds Buch ist ein l\u00e4ngst \u00fcberf\u00e4lliger Hinweis, dass die Beitr\u00e4ge einheimischer Bergsteigergew\u00fcrdigt geh\u00f6ren und die Geschichte entsprechend korrigiert wird &#8211; \u00abWahre Helden\u00bb feiert die einheimischen Helden der h\u00f6chsten Gebirge der Welt.<\/p>\n<p><span class=\"value\">McDonalds Buch ist ein l\u00e4ngst \u00fcberf\u00e4lliger Hinweis, dass die Beitr\u00e4ge einheimischer Bergsteigergew\u00fcrdigt geh\u00f6ren und die Geschichte entsprechend korrigiert wird &#8211; \u00abWahre Helden\u00bb feiert die einheimischen Helden der h\u00f6chsten Gebirge der Welt.<\/span><\/p>\n<p>1. Auflage 2025;<br \/>\n240 Seiten, gebunden,<br \/>\n<span class=\"value\">Breite 135 mm, H\u00f6he 215 mm, Dicke 32 mm<br \/>\n<\/span><span class=\"value\">Zahlreiche farbige Abbildungen<\/span><\/p>","protected":false},"excerpt":{"rendered":"<p>Der Name von Maurice Herzog, einem der Erstbesteiger der Annapurna, ist weltbekannt. Aber wer kennt den Sherpa Fou Tharkay, der den unter schweren Erfrierungen leidenden Herzog kilometerweit den Berg hinabtrug? In ihrem Buch \u00abWahre Helden\u00bb r\u00fcckt die preisgekr\u00f6nte Autorin Bernadette McDonald die einheimischen Bergsteiger, diese zu oft vergessenen Helden des Himalaya und Karakorum, endlich ins [&#8230;]\n","protected":false},"featured_media":178245,"template":"","meta":[],"product_brand":[],"product_cat":[21542],"product_tag":[],"class_list":{"0":"post-178244","1":"product","2":"type-product","3":"status-publish","4":"has-post-thumbnail","6":"product_cat-sachbuecher-dokumentationen","7":"pa_autor-mcdonald","8":"pa_erscheinungsjahr-27415","9":"pa_region-asien","10":"pa_sprache-de","12":"first","13":"instock","14":"taxable","15":"shipping-taxable","16":"purchasable","17":"product-type-simple"},"_links":{"self":[{"href":"https:\/\/pizbube.ch\/en\/wp-json\/wp\/v2\/product\/178244","targetHints":{"allow":["GET"]}}],"collection":[{"href":"https:\/\/pizbube.ch\/en\/wp-json\/wp\/v2\/product"}],"about":[{"href":"https:\/\/pizbube.ch\/en\/wp-json\/wp\/v2\/types\/product"}],"wp:featuredmedia":[{"embeddable":true,"href":"https:\/\/pizbube.ch\/en\/wp-json\/wp\/v2\/media\/178245"}],"wp:attachment":[{"href":"https:\/\/pizbube.ch\/en\/wp-json\/wp\/v2\/media?parent=178244"}],"wp:term":[{"taxonomy":"product_brand","embeddable":true,"href":"https:\/\/pizbube.ch\/en\/wp-json\/wp\/v2\/product_brand?post=178244"},{"taxonomy":"product_cat","embeddable":true,"href":"https:\/\/pizbube.ch\/en\/wp-json\/wp\/v2\/product_cat?post=178244"},{"taxonomy":"product_tag","embeddable":true,"href":"https:\/\/pizbube.ch\/en\/wp-json\/wp\/v2\/product_tag?post=178244"}],"curies":[{"name":"wp","href":"https:\/\/api.w.org\/{rel}","templated":true}]}}