{"id":178370,"date":"2025-02-04T14:23:17","date_gmt":"2025-02-04T13:23:17","guid":{"rendered":"https:\/\/pizbube.ch\/?post_type=product&#038;p=178370"},"modified":"2026-04-14T09:01:51","modified_gmt":"2026-04-14T07:01:51","slug":"riglos-vertical","status":"publish","type":"product","link":"https:\/\/pizbube.ch\/en\/shop\/riglos-vertical\/","title":{"rendered":"Riglos vertical"},"content":{"rendered":"<p>Libro de Escaladas &#8211; Livre d`escalade &#8211; Rock climbing book<\/p>\n<p>A climbing guide the Kingdom of the Mallos in north east Spain.<br \/>\nThe guide includes a total of six areas:<br \/>\nRiglos, Pena Rueba, Mallos de Aguero, Foz de Escalete, Castillo de Loarre and<br \/>\nGarona Valley.<\/p>\n<p>456 pages; colour and b&amp;w; action photos; b&amp;w; photo and drawn topos; English,<br \/>\nSpanish and French languages.<\/p>\n<p>Practical information for planning your trip, approach, access, equipment and<br \/>\ngear required.<\/p>\n<p>&nbsp;<\/p>\n<p>En esta nueva edici\u00f3n te ofrecemos toda la informaci\u00f3n totalmente actualizada de una de las zonas de escalada m\u00e1s emblem\u00e1ticas de la Pen\u00ednsula. Riglos, el reino del conglomerado donde se desarrollaron algunos de los pasajes y trazados m\u00e1s<br \/>\nmemorables de la historia de la escalada. Un paisaje donde los mallos quedan enmarcados en un sobrecogedor espacio de aire y vac\u00edo.<\/p>\n<p>El conglomerado es la roca de los conocidos mallos como se designa en Arag\u00f3n a estas grandes formaciones verticales, y a menudo extraplomadas modeladas por efecto de la erosi\u00f3n. La escalada en estas \u00faltimas se realiza sobre un singular paisaje de bolos adheridos. Tambi\u00e9n son caracter\u00edsticas las panzas que exigen t\u00e9cnica y forma f\u00edsica para superarlas. Por otro lado, las endrijas o fisuras, y las chimeneas permitir\u00e1n una escalada m\u00e1s intuitiva mediante t\u00e9cnicas de oposici\u00f3n o empotramiento. El resultado es una obra rigurosa con la historia y respetuosa con el espacio.<\/p>\n<p>Esta nueva gu\u00eda incluye m\u00e1s de 500 v\u00edas de todos los estilos y todos los<br \/>\nniveles en:<\/p>\n<p>-MALLOS DE RIGLOS<br \/>\n-PE\u00d1A RUEBA<br \/>\n-MALLOS DE AG\u00dcERO<br \/>\n-FOZ DE ESCALETE<\/p>\n<p>Sus autores adem\u00e1s han contado con la colaboraci\u00f3n de numerosos escaladores<br \/>\nque de una y otra forma han estado implicados en el desarrollo, sostenimiento<br \/>\ny divulgaci\u00f3n responsable de la zona.<br \/>\nTodos los textos est\u00e1n traducidos al ingl\u00e9s y al franc\u00e9s.<\/p>","protected":false},"excerpt":{"rendered":"<p>Libro de Escaladas &#8211; Livre d`escalade &#8211; Rock climbing book A climbing guide the Kingdom of the Mallos in north east Spain. The guide includes a total of six areas: Riglos, Pena Rueba, Mallos de Aguero, Foz de Escalete, Castillo de Loarre and Garona Valley. 456 pages; colour and b&amp;w; action photos; b&amp;w; photo and [&#8230;]\n","protected":false},"featured_media":178371,"template":"","meta":[],"product_brand":[],"product_cat":[21539],"product_tag":[],"class_list":{"0":"post-178370","1":"product","2":"type-product","3":"status-publish","4":"has-post-thumbnail","6":"product_cat-fuehrerliteratur-sportklettern-bouldern","7":"pa_autor-carasol-augustin","8":"pa_erscheinungsjahr-27339","9":"pa_region-spanien","10":"pa_sprache-es-en-fr-2","12":"first","13":"instock","14":"featured","15":"taxable","16":"shipping-taxable","17":"purchasable","18":"product-type-simple"},"_links":{"self":[{"href":"https:\/\/pizbube.ch\/en\/wp-json\/wp\/v2\/product\/178370","targetHints":{"allow":["GET"]}}],"collection":[{"href":"https:\/\/pizbube.ch\/en\/wp-json\/wp\/v2\/product"}],"about":[{"href":"https:\/\/pizbube.ch\/en\/wp-json\/wp\/v2\/types\/product"}],"wp:featuredmedia":[{"embeddable":true,"href":"https:\/\/pizbube.ch\/en\/wp-json\/wp\/v2\/media\/178371"}],"wp:attachment":[{"href":"https:\/\/pizbube.ch\/en\/wp-json\/wp\/v2\/media?parent=178370"}],"wp:term":[{"taxonomy":"product_brand","embeddable":true,"href":"https:\/\/pizbube.ch\/en\/wp-json\/wp\/v2\/product_brand?post=178370"},{"taxonomy":"product_cat","embeddable":true,"href":"https:\/\/pizbube.ch\/en\/wp-json\/wp\/v2\/product_cat?post=178370"},{"taxonomy":"product_tag","embeddable":true,"href":"https:\/\/pizbube.ch\/en\/wp-json\/wp\/v2\/product_tag?post=178370"}],"curies":[{"name":"wp","href":"https:\/\/api.w.org\/{rel}","templated":true}]}}